{"id":72957,"date":"2023-01-13T18:49:19","date_gmt":"2023-01-13T15:50:37","guid":{"rendered":"https:\/\/kingarms.ee\/product\/monitoimityokalu-tyyppi-6-m-tac\/"},"modified":"2024-08-07T14:30:09","modified_gmt":"2024-08-07T11:30:09","slug":"multitoori-tuup-6-m-tac","status":"publish","type":"product","link":"https:\/\/kingarms.ee\/fi\/product\/multitoori-tuup-6-m-tac\/","title":{"rendered":"Monitoimity\u00f6kalu tyyppi 6 (M-Tac)"},"content":{"rendered":"<p><img loading=\"lazy\" decoding=\"async\" class=\"alignnone size-full wp-image-72952\" src=\"https:\/\/kingarms.ee\/wp-content\/uploads\/2023\/01\/60023201-1.jpeg\" alt=\"\" width=\"600\" height=\"600\" srcset=\"https:\/\/kingarms.ee\/wp-content\/uploads\/2023\/01\/60023201-1.jpeg 600w, https:\/\/kingarms.ee\/wp-content\/uploads\/2023\/01\/60023201-1-300x300.jpeg 300w, https:\/\/kingarms.ee\/wp-content\/uploads\/2023\/01\/60023201-1-150x150.jpeg 150w, https:\/\/kingarms.ee\/wp-content\/uploads\/2023\/01\/60023201-1-500x500.jpeg 500w\" sizes=\"auto, (max-width: 600px) 100vw, 600px\" \/><\/p>\n","protected":false},"excerpt":{"rendered":"<p>Monitoimity\u00f6kalu tyyppi 6 (M-Tac)<\/p>\n<p>Oletko menossa kalaan, vaellukselle tai piknikille? Ota mukaan M-Tac 6. tyyppinen monitoimity\u00f6kalu. Se on varustettu kaikilla v\u00e4lineill\u00e4, joita tarvitset aktiiviseen vapaa-aikaan ja jokap\u00e4iv\u00e4iseen el\u00e4m\u00e4\u00e4n.<\/p>\n<p>Valmistettu ruostumattomasta ter\u00e4ksest\u00e4 402. T\u00e4m\u00e4 takaa maksimaalisen kest\u00e4vyyden my\u00f6s aktiivisessa ulkok\u00e4yt\u00f6ss\u00e4.<\/p>\n<p>Monitoimity\u00f6kalussa on monia hy\u00f6dyllisi\u00e4 ty\u00f6kaluja: neulapihtej\u00e4, pihdit, lankaleikkurit, veitsi, karabiini, avaaja ja ruuvimeisseli. Kaikki elementit on kiinnitetty tiukasti avoimeen ja suljettuun asentoon. Ergonomisen muotonsa ansiosta monitoimity\u00f6kalu istuu t\u00e4ydellisesti k\u00e4teen eik\u00e4 luista k\u00e4yt\u00f6n aikana. Kahvassa on tyylik\u00e4s tuotemerkin logo.<\/p>\n<p>Monitoimity\u00f6kalun mukana toimitetaan erityinen suojus, joka voidaan kiinnitt\u00e4\u00e4 ty\u00f6kaluun klipsill\u00e4. Kompaktin kokonsa ansiosta se mahtuu helposti laukkuun tai reppuun viem\u00e4tt\u00e4 paljon tilaa.<\/p>\n","protected":false},"featured_media":72954,"template":"","meta":{"_acf_changed":false},"product_brand":[],"product_cat":[352],"product_tag":[],"class_list":{"0":"post-72957","1":"product","2":"type-product","3":"status-publish","4":"has-post-thumbnail","6":"product_cat-matkatavarat","8":"first","9":"instock","10":"taxable","11":"shipping-taxable","12":"purchasable","13":"product-type-simple"},"acf":[],"_links":{"self":[{"href":"https:\/\/kingarms.ee\/fi\/wp-json\/wp\/v2\/product\/72957","targetHints":{"allow":["GET"]}}],"collection":[{"href":"https:\/\/kingarms.ee\/fi\/wp-json\/wp\/v2\/product"}],"about":[{"href":"https:\/\/kingarms.ee\/fi\/wp-json\/wp\/v2\/types\/product"}],"wp:featuredmedia":[{"embeddable":true,"href":"https:\/\/kingarms.ee\/fi\/wp-json\/wp\/v2\/media\/72954"}],"wp:attachment":[{"href":"https:\/\/kingarms.ee\/fi\/wp-json\/wp\/v2\/media?parent=72957"}],"wp:term":[{"taxonomy":"product_brand","embeddable":true,"href":"https:\/\/kingarms.ee\/fi\/wp-json\/wp\/v2\/product_brand?post=72957"},{"taxonomy":"product_cat","embeddable":true,"href":"https:\/\/kingarms.ee\/fi\/wp-json\/wp\/v2\/product_cat?post=72957"},{"taxonomy":"product_tag","embeddable":true,"href":"https:\/\/kingarms.ee\/fi\/wp-json\/wp\/v2\/product_tag?post=72957"}],"curies":[{"name":"wp","href":"https:\/\/api.w.org\/{rel}","templated":true}]}}