{"id":72973,"date":"2023-01-13T19:01:16","date_gmt":"2023-01-13T16:03:35","guid":{"rendered":"https:\/\/kingarms.ee\/product\/tunnus-anonyymi-heijastava-m-tac\/"},"modified":"2024-08-07T14:16:53","modified_gmt":"2024-08-07T11:16:53","slug":"tunnus-anonyymi-heijastava-m-tac","status":"publish","type":"product","link":"https:\/\/kingarms.ee\/fi\/product\/tunnus-anonyymi-heijastava-m-tac\/","title":{"rendered":"Tunnus Anonyymi heijastava (M-Tac)"},"content":{"rendered":"<p><img loading=\"lazy\" decoding=\"async\" class=\"alignnone size-full wp-image-72968\" src=\"https:\/\/kingarms.ee\/wp-content\/uploads\/2023\/01\/51321002-1.jpeg\" alt=\"\" width=\"600\" height=\"600\" srcset=\"https:\/\/kingarms.ee\/wp-content\/uploads\/2023\/01\/51321002-1.jpeg 600w, https:\/\/kingarms.ee\/wp-content\/uploads\/2023\/01\/51321002-1-300x300.jpeg 300w, https:\/\/kingarms.ee\/wp-content\/uploads\/2023\/01\/51321002-1-150x150.jpeg 150w, https:\/\/kingarms.ee\/wp-content\/uploads\/2023\/01\/51321002-1-500x500.jpeg 500w\" sizes=\"auto, (max-width: 600px) 100vw, 600px\" \/><\/p>\n","protected":false},"excerpt":{"rendered":"<p>M-Tac-tavaramerkki on julkaissut alkuper\u00e4isen tarran, jossa on Anonymous-naamio. Se tekee nimett\u00f6myydest\u00e4 henkil\u00f6kohtaisempaa, ja se on suosittu ominaisuus mielenosoituksissa. Voit koristella kannettavan tietokoneen, tabletin, puhelimen, muistikirjan ja mit\u00e4 tahansa muuta, jonka koristeluun sinulla on tarpeeksi mielikuvitusta. V\u00e4rik\u00e4s ja vedenkest\u00e4v\u00e4 tarra auttaa korostamaan persoonallisuuttasi ja her\u00e4tt\u00e4m\u00e4\u00e4n henkiin kaikki luovat ideasi.<\/p>\n","protected":false},"featured_media":87449,"template":"","meta":{"_acf_changed":false},"product_brand":[],"product_cat":[453],"product_tag":[],"class_list":{"0":"post-72973","1":"product","2":"type-product","3":"status-publish","4":"has-post-thumbnail","6":"product_cat-tunnukset","8":"first","9":"onbackorder","10":"taxable","11":"shipping-taxable","12":"product-type-simple"},"acf":[],"_links":{"self":[{"href":"https:\/\/kingarms.ee\/fi\/wp-json\/wp\/v2\/product\/72973","targetHints":{"allow":["GET"]}}],"collection":[{"href":"https:\/\/kingarms.ee\/fi\/wp-json\/wp\/v2\/product"}],"about":[{"href":"https:\/\/kingarms.ee\/fi\/wp-json\/wp\/v2\/types\/product"}],"wp:featuredmedia":[{"embeddable":true,"href":"https:\/\/kingarms.ee\/fi\/wp-json\/wp\/v2\/media\/87449"}],"wp:attachment":[{"href":"https:\/\/kingarms.ee\/fi\/wp-json\/wp\/v2\/media?parent=72973"}],"wp:term":[{"taxonomy":"product_brand","embeddable":true,"href":"https:\/\/kingarms.ee\/fi\/wp-json\/wp\/v2\/product_brand?post=72973"},{"taxonomy":"product_cat","embeddable":true,"href":"https:\/\/kingarms.ee\/fi\/wp-json\/wp\/v2\/product_cat?post=72973"},{"taxonomy":"product_tag","embeddable":true,"href":"https:\/\/kingarms.ee\/fi\/wp-json\/wp\/v2\/product_tag?post=72973"}],"curies":[{"name":"wp","href":"https:\/\/api.w.org\/{rel}","templated":true}]}}