{"id":73051,"date":"2023-01-16T14:51:39","date_gmt":"2023-01-16T11:52:49","guid":{"rendered":"https:\/\/kingarms.ee\/product\/tunnus-ukrainan-lippu-jossa-on-vaakuna-80x50-mm-pystysuorassa-m-tac\/"},"modified":"2024-08-07T14:13:18","modified_gmt":"2024-08-07T11:13:18","slug":"tunnus-ukraina-hoyrylippu-80x50-mm-pystysuora-m-tac-merkki","status":"publish","type":"product","link":"https:\/\/kingarms.ee\/fi\/product\/tunnus-ukraina-hoyrylippu-80x50-mm-pystysuora-m-tac-merkki\/","title":{"rendered":"Tunnus Ukrainan lippu, jossa on vaakuna 80&#215;50 mm pystysuorassa (M-Tac)."},"content":{"rendered":"<p><img loading=\"lazy\" decoding=\"async\" class=\"alignnone size-full wp-image-73046\" src=\"https:\/\/kingarms.ee\/wp-content\/uploads\/2023\/01\/51304099-1.jpeg\" alt=\"\" width=\"600\" height=\"600\" srcset=\"https:\/\/kingarms.ee\/wp-content\/uploads\/2023\/01\/51304099-1.jpeg 600w, https:\/\/kingarms.ee\/wp-content\/uploads\/2023\/01\/51304099-1-300x300.jpeg 300w, https:\/\/kingarms.ee\/wp-content\/uploads\/2023\/01\/51304099-1-150x150.jpeg 150w, https:\/\/kingarms.ee\/wp-content\/uploads\/2023\/01\/51304099-1-500x500.jpeg 500w\" sizes=\"auto, (max-width: 600px) 100vw, 600px\" \/><\/p>\n","protected":false},"excerpt":{"rendered":"<p>M-Tas-merkkinen is\u00e4nmaallinen laastari on omaper\u00e4inen moraalinen laastari, joka on kansallisen kuulumisen symboli. T\u00e4ss\u00e4 mallissa on Ukrainan lippu, jonka keskell\u00e4 on vaakuna. Laastarin valoa varastoivat elementit hehkuvat pime\u00e4ss\u00e4 ja her\u00e4tt\u00e4v\u00e4t huomiota.<\/p>\n<p>Laastari on valmistettu uudella t\u00e4ysv\u00e4ritulostustekniikalla. Kiinnittyy vaatteisiin, hattuihin, laukkuihin ja reppuihin hihnalla.<\/p>\n<p>T\u00e4m\u00e4 laastari on suunniteltu kohottamaan moraalia ja julistamaan omistajansa is\u00e4nmaallisia arvoja.<\/p>\n","protected":false},"featured_media":73048,"template":"","meta":{"_acf_changed":false},"product_brand":[],"product_cat":[453],"product_tag":[],"class_list":{"0":"post-73051","1":"product","2":"type-product","3":"status-publish","4":"has-post-thumbnail","6":"product_cat-tunnukset","8":"first","9":"instock","10":"taxable","11":"shipping-taxable","12":"purchasable","13":"product-type-simple"},"acf":[],"_links":{"self":[{"href":"https:\/\/kingarms.ee\/fi\/wp-json\/wp\/v2\/product\/73051","targetHints":{"allow":["GET"]}}],"collection":[{"href":"https:\/\/kingarms.ee\/fi\/wp-json\/wp\/v2\/product"}],"about":[{"href":"https:\/\/kingarms.ee\/fi\/wp-json\/wp\/v2\/types\/product"}],"wp:featuredmedia":[{"embeddable":true,"href":"https:\/\/kingarms.ee\/fi\/wp-json\/wp\/v2\/media\/73048"}],"wp:attachment":[{"href":"https:\/\/kingarms.ee\/fi\/wp-json\/wp\/v2\/media?parent=73051"}],"wp:term":[{"taxonomy":"product_brand","embeddable":true,"href":"https:\/\/kingarms.ee\/fi\/wp-json\/wp\/v2\/product_brand?post=73051"},{"taxonomy":"product_cat","embeddable":true,"href":"https:\/\/kingarms.ee\/fi\/wp-json\/wp\/v2\/product_cat?post=73051"},{"taxonomy":"product_tag","embeddable":true,"href":"https:\/\/kingarms.ee\/fi\/wp-json\/wp\/v2\/product_tag?post=73051"}],"curies":[{"name":"wp","href":"https:\/\/api.w.org\/{rel}","templated":true}]}}