{"id":73060,"date":"2023-01-16T14:56:49","date_gmt":"2023-01-16T11:58:09","guid":{"rendered":"https:\/\/kingarms.ee\/product\/ukrainan-tunnus-punisher-m-tac\/"},"modified":"2024-08-07T14:12:35","modified_gmt":"2024-08-07T11:12:35","slug":"emblem-ukrainian-punisher-m-tac","status":"publish","type":"product","link":"https:\/\/kingarms.ee\/fi\/product\/emblem-ukrainian-punisher-m-tac\/","title":{"rendered":"Ukrainan tunnus Punisher (M-Tac)"},"content":{"rendered":"<p><img loading=\"lazy\" decoding=\"async\" class=\"alignnone size-full wp-image-73055\" src=\"https:\/\/kingarms.ee\/wp-content\/uploads\/2023\/01\/511540001-1.jpeg\" alt=\"\" width=\"600\" height=\"600\" srcset=\"https:\/\/kingarms.ee\/wp-content\/uploads\/2023\/01\/511540001-1.jpeg 600w, https:\/\/kingarms.ee\/wp-content\/uploads\/2023\/01\/511540001-1-300x300.jpeg 300w, https:\/\/kingarms.ee\/wp-content\/uploads\/2023\/01\/511540001-1-150x150.jpeg 150w, https:\/\/kingarms.ee\/wp-content\/uploads\/2023\/01\/511540001-1-500x500.jpeg 500w\" sizes=\"auto, (max-width: 600px) 100vw, 600px\" \/><\/p>\n","protected":false},"excerpt":{"rendered":"<p>M-Tas-br\u00e4ndin Ukraina Punisher -laastari lis\u00e4\u00e4 yksil\u00f6llisyytt\u00e4 asuusi ja korostaa haluasi taistella oikeuden puolesta loppuun asti.<\/p>\n<p>Laastari on tehty Punisherin kallon muotoon, joka osaa k\u00e4ytt\u00e4\u00e4 aseita, puolustaa oikeutta ja pyrkii rankaisemaan syyllisi\u00e4 kaikin mahdollisin tavoin. Laastari on v\u00e4rilt\u00e4\u00e4n kelta-sininen, ja sen keskell\u00e4 on Ukrainan vaakunan \u00e4\u00e4riviivat.<\/p>\n<p>Valmistettu korkealaatuisesta ja kest\u00e4v\u00e4st\u00e4 Oxford-materiaalista 190g\/m, jossa on t\u00e4ysv\u00e4ritulostus. Kiinnitet\u00e4\u00e4n vaatteisiin, laukkuihin, reppuihin tai varusteisiin kiinnityslenkill\u00e4.<\/p>\n<p>Ukrainan Punisher on loistava lis\u00e4 mihin tahansa sotilaalliseen tai vain sotilaallisiin teemoihin keskittyv\u00e4\u00e4n fanien laastarikokoelmaan.<\/p>\n","protected":false},"featured_media":73057,"template":"","meta":{"_acf_changed":false},"product_brand":[],"product_cat":[453],"product_tag":[],"class_list":{"0":"post-73060","1":"product","2":"type-product","3":"status-publish","4":"has-post-thumbnail","6":"product_cat-tunnukset","8":"first","9":"onbackorder","10":"taxable","11":"shipping-taxable","12":"product-type-simple"},"acf":[],"_links":{"self":[{"href":"https:\/\/kingarms.ee\/fi\/wp-json\/wp\/v2\/product\/73060","targetHints":{"allow":["GET"]}}],"collection":[{"href":"https:\/\/kingarms.ee\/fi\/wp-json\/wp\/v2\/product"}],"about":[{"href":"https:\/\/kingarms.ee\/fi\/wp-json\/wp\/v2\/types\/product"}],"wp:featuredmedia":[{"embeddable":true,"href":"https:\/\/kingarms.ee\/fi\/wp-json\/wp\/v2\/media\/73057"}],"wp:attachment":[{"href":"https:\/\/kingarms.ee\/fi\/wp-json\/wp\/v2\/media?parent=73060"}],"wp:term":[{"taxonomy":"product_brand","embeddable":true,"href":"https:\/\/kingarms.ee\/fi\/wp-json\/wp\/v2\/product_brand?post=73060"},{"taxonomy":"product_cat","embeddable":true,"href":"https:\/\/kingarms.ee\/fi\/wp-json\/wp\/v2\/product_cat?post=73060"},{"taxonomy":"product_tag","embeddable":true,"href":"https:\/\/kingarms.ee\/fi\/wp-json\/wp\/v2\/product_tag?post=73060"}],"curies":[{"name":"wp","href":"https:\/\/api.w.org\/{rel}","templated":true}]}}