{"id":73119,"date":"2023-01-16T17:52:48","date_gmt":"2023-01-16T14:54:05","guid":{"rendered":"https:\/\/kingarms.ee\/product\/matta-turisti-led-lyhty-olive-m-tac\/"},"modified":"2024-08-07T14:07:26","modified_gmt":"2024-08-07T11:07:26","slug":"matt-tourist-led-latern-olive-m-tac","status":"publish","type":"product","link":"https:\/\/kingarms.ee\/fi\/product\/matt-tourist-led-latern-olive-m-tac\/","title":{"rendered":"Matta turisti LED-lyhty Olive (M-Tac)"},"content":{"rendered":"<p><img loading=\"lazy\" decoding=\"async\" class=\"alignnone size-full wp-image-73114\" src=\"https:\/\/kingarms.ee\/wp-content\/uploads\/2023\/01\/MTC-CL280M-OD-1.jpeg\" alt=\"\" width=\"600\" height=\"600\" srcset=\"https:\/\/kingarms.ee\/wp-content\/uploads\/2023\/01\/MTC-CL280M-OD-1.jpeg 600w, https:\/\/kingarms.ee\/wp-content\/uploads\/2023\/01\/MTC-CL280M-OD-1-300x300.jpeg 300w, https:\/\/kingarms.ee\/wp-content\/uploads\/2023\/01\/MTC-CL280M-OD-1-150x150.jpeg 150w, https:\/\/kingarms.ee\/wp-content\/uploads\/2023\/01\/MTC-CL280M-OD-1-500x500.jpeg 500w\" sizes=\"auto, (max-width: 600px) 100vw, 600px\" \/><\/p>\n","protected":false},"excerpt":{"rendered":"<p>Matta turisti LED-lyhty Olive (M-Tac)<\/p>\n<p>Turistivalo on v\u00e4ltt\u00e4m\u00e4t\u00f6n v\u00e4line kaikille matkailijoille, kalastajille ja mets\u00e4st\u00e4jille. Sen erityinen vieh\u00e4tys tulee sen ulkoisesta muistuttavuudesta vanhaan petroolilamppuun, ja maitomainen suodatin antaa pehme\u00e4n hajavalon, joka ei v\u00e4syt\u00e4 silmi\u00e4. LEDit on sijoitettu siten, ett\u00e4 ne antavat parhaan mahdollisen tasaisen valaistuksen.<\/p>\n<p>Taskulamppu toimii 4 paristolla (ei sis\u00e4lly). Yl\u00e4osassa on kaksi metallikahvaa, joiden avulla soihtu voidaan ripustaa ja k\u00e4ytt\u00e4\u00e4 kiinte\u00e4n\u00e4 valonl\u00e4hteen\u00e4.<\/p>\n<p>Kevyen painonsa ja kompaktin kokonsa ansiosta taskulamppu kulkee helposti repussa tai laukussa. T\u00e4m\u00e4 lis\u00e4varuste on loistava lis\u00e4 matkailuvarusteisiisi.<\/p>\n","protected":false},"featured_media":84225,"template":"","meta":{"_acf_changed":false},"product_brand":[],"product_cat":[352],"product_tag":[],"class_list":{"0":"post-73119","1":"product","2":"type-product","3":"status-publish","4":"has-post-thumbnail","6":"product_cat-matkatavarat","8":"first","9":"instock","10":"taxable","11":"shipping-taxable","12":"purchasable","13":"product-type-simple"},"acf":[],"_links":{"self":[{"href":"https:\/\/kingarms.ee\/fi\/wp-json\/wp\/v2\/product\/73119","targetHints":{"allow":["GET"]}}],"collection":[{"href":"https:\/\/kingarms.ee\/fi\/wp-json\/wp\/v2\/product"}],"about":[{"href":"https:\/\/kingarms.ee\/fi\/wp-json\/wp\/v2\/types\/product"}],"wp:featuredmedia":[{"embeddable":true,"href":"https:\/\/kingarms.ee\/fi\/wp-json\/wp\/v2\/media\/84225"}],"wp:attachment":[{"href":"https:\/\/kingarms.ee\/fi\/wp-json\/wp\/v2\/media?parent=73119"}],"wp:term":[{"taxonomy":"product_brand","embeddable":true,"href":"https:\/\/kingarms.ee\/fi\/wp-json\/wp\/v2\/product_brand?post=73119"},{"taxonomy":"product_cat","embeddable":true,"href":"https:\/\/kingarms.ee\/fi\/wp-json\/wp\/v2\/product_cat?post=73119"},{"taxonomy":"product_tag","embeddable":true,"href":"https:\/\/kingarms.ee\/fi\/wp-json\/wp\/v2\/product_tag?post=73119"}],"curies":[{"name":"wp","href":"https:\/\/api.w.org\/{rel}","templated":true}]}}