{"id":73145,"date":"2023-01-16T18:11:17","date_gmt":"2023-01-16T15:13:41","guid":{"rendered":"https:\/\/kingarms.ee\/product\/450-ml-termospullo-kannella-m-tac\/"},"modified":"2024-08-07T14:05:12","modified_gmt":"2024-08-07T11:05:12","slug":"lampokaappi-450-ml-koko-kanava-m-tac","status":"publish","type":"product","link":"https:\/\/kingarms.ee\/fi\/product\/lampokaappi-450-ml-koko-kanava-m-tac\/","title":{"rendered":"450 ml termospullo kannella (M-Tac)"},"content":{"rendered":"<p><img loading=\"lazy\" decoding=\"async\" class=\"alignnone size-full wp-image-73139\" src=\"https:\/\/kingarms.ee\/wp-content\/uploads\/2023\/01\/60010001-1.jpeg\" alt=\"\" width=\"600\" height=\"600\" srcset=\"https:\/\/kingarms.ee\/wp-content\/uploads\/2023\/01\/60010001-1.jpeg 600w, https:\/\/kingarms.ee\/wp-content\/uploads\/2023\/01\/60010001-1-300x300.jpeg 300w, https:\/\/kingarms.ee\/wp-content\/uploads\/2023\/01\/60010001-1-150x150.jpeg 150w, https:\/\/kingarms.ee\/wp-content\/uploads\/2023\/01\/60010001-1-500x500.jpeg 500w\" sizes=\"auto, (max-width: 600px) 100vw, 600px\" \/><\/p>\n","protected":false},"excerpt":{"rendered":"<p>450 ml termospullo kannella (M-Tac)<\/p>\n<p>Ter\u00e4ksinen l\u00e4mp\u00f6muki, jonka tilavuus on 450 ml, M-Tac. Ominaisuudet &#8211; kaksikerroksiset sein\u00e4t, ilmatiivis kerros ja tyhji\u00f6. Tuotteen muoto sopii niin toimistoty\u00f6ntekij\u00f6ille kuin autoilijoillekin, sill\u00e4 sen muotoilu sopii t\u00e4ydellisesti useimpiin autojen kuppitelineisiin. Ja kaiken lis\u00e4ksi &#8211; retki\u00e4, vaelluksia, mets\u00e4styst\u00e4 ja kalastusta varten. Mukissa on erityinen tiivis kansi, jossa on napsautettava yl\u00e4osa ja pohjaan integroitu vuori, joka est\u00e4\u00e4 sen liukumisen pinnalla. Erityist\u00e4 huomiota on kiinnitetty ep\u00e4ilem\u00e4tt\u00e4 mukavaan, leve\u00e4\u00e4n ja miellytt\u00e4v\u00e4\u00e4n kahvaan, joka on valmistettu muovista ja jossa on erityinen syvennys peukalolle.<\/p>\n","protected":false},"featured_media":84257,"template":"","meta":{"_acf_changed":false},"product_brand":[],"product_cat":[352],"product_tag":[],"class_list":{"0":"post-73145","1":"product","2":"type-product","3":"status-publish","4":"has-post-thumbnail","6":"product_cat-matkatavarat","8":"first","9":"instock","10":"taxable","11":"shipping-taxable","12":"purchasable","13":"product-type-simple"},"acf":[],"_links":{"self":[{"href":"https:\/\/kingarms.ee\/fi\/wp-json\/wp\/v2\/product\/73145","targetHints":{"allow":["GET"]}}],"collection":[{"href":"https:\/\/kingarms.ee\/fi\/wp-json\/wp\/v2\/product"}],"about":[{"href":"https:\/\/kingarms.ee\/fi\/wp-json\/wp\/v2\/types\/product"}],"wp:featuredmedia":[{"embeddable":true,"href":"https:\/\/kingarms.ee\/fi\/wp-json\/wp\/v2\/media\/84257"}],"wp:attachment":[{"href":"https:\/\/kingarms.ee\/fi\/wp-json\/wp\/v2\/media?parent=73145"}],"wp:term":[{"taxonomy":"product_brand","embeddable":true,"href":"https:\/\/kingarms.ee\/fi\/wp-json\/wp\/v2\/product_brand?post=73145"},{"taxonomy":"product_cat","embeddable":true,"href":"https:\/\/kingarms.ee\/fi\/wp-json\/wp\/v2\/product_cat?post=73145"},{"taxonomy":"product_tag","embeddable":true,"href":"https:\/\/kingarms.ee\/fi\/wp-json\/wp\/v2\/product_tag?post=73145"}],"curies":[{"name":"wp","href":"https:\/\/api.w.org\/{rel}","templated":true}]}}