{"id":73215,"date":"2023-01-16T19:00:28","date_gmt":"2023-01-16T16:05:53","guid":{"rendered":"https:\/\/kingarms.ee\/product\/termoskannu-taittuvalla-kahvalla-m-tac\/"},"modified":"2024-08-07T13:59:23","modified_gmt":"2024-08-07T10:59:23","slug":"kokoontaitettava-kannellinen-lampokartonki-m-tac","status":"publish","type":"product","link":"https:\/\/kingarms.ee\/fi\/product\/kokoontaitettava-kannellinen-lampokartonki-m-tac\/","title":{"rendered":"Termoskannu taittuvalla kahvalla (M-Tac)"},"content":{"rendered":"<p><img loading=\"lazy\" decoding=\"async\" class=\"alignnone size-full wp-image-73210\" src=\"https:\/\/kingarms.ee\/wp-content\/uploads\/2023\/01\/CL1C-M83-1.jpeg\" alt=\"\" width=\"600\" height=\"600\" srcset=\"https:\/\/kingarms.ee\/wp-content\/uploads\/2023\/01\/CL1C-M83-1.jpeg 600w, https:\/\/kingarms.ee\/wp-content\/uploads\/2023\/01\/CL1C-M83-1-300x300.jpeg 300w, https:\/\/kingarms.ee\/wp-content\/uploads\/2023\/01\/CL1C-M83-1-150x150.jpeg 150w, https:\/\/kingarms.ee\/wp-content\/uploads\/2023\/01\/CL1C-M83-1-500x500.jpeg 500w\" sizes=\"auto, (max-width: 600px) 100vw, 600px\" \/><\/p>\n","protected":false},"excerpt":{"rendered":"<p>Termoskannu taittuvalla kahvalla (M-Tac)<\/p>\n<p>M-Tac Thermo Mug on valmistettu ruostumattomasta ter\u00e4ksest\u00e4, ja sen rakenne on j\u00e4ykk\u00e4 ja kest\u00e4v\u00e4. Kaksikerroksiset sein\u00e4m\u00e4t, tiivis kerros ja tyhji\u00f6 est\u00e4v\u00e4t juomaa kuivumasta ja ulkosein\u00e4mi\u00e4 kuumenemasta. Siksi t\u00e4llaisella soralla ei voi pel\u00e4t\u00e4 palovammoja.<\/p>\n","protected":false},"featured_media":84211,"template":"","meta":{"_acf_changed":false},"product_brand":[],"product_cat":[352],"product_tag":[],"class_list":{"0":"post-73215","1":"product","2":"type-product","3":"status-publish","4":"has-post-thumbnail","6":"product_cat-matkatavarat","8":"first","9":"instock","10":"taxable","11":"shipping-taxable","12":"purchasable","13":"product-type-simple"},"acf":[],"_links":{"self":[{"href":"https:\/\/kingarms.ee\/fi\/wp-json\/wp\/v2\/product\/73215","targetHints":{"allow":["GET"]}}],"collection":[{"href":"https:\/\/kingarms.ee\/fi\/wp-json\/wp\/v2\/product"}],"about":[{"href":"https:\/\/kingarms.ee\/fi\/wp-json\/wp\/v2\/types\/product"}],"wp:featuredmedia":[{"embeddable":true,"href":"https:\/\/kingarms.ee\/fi\/wp-json\/wp\/v2\/media\/84211"}],"wp:attachment":[{"href":"https:\/\/kingarms.ee\/fi\/wp-json\/wp\/v2\/media?parent=73215"}],"wp:term":[{"taxonomy":"product_brand","embeddable":true,"href":"https:\/\/kingarms.ee\/fi\/wp-json\/wp\/v2\/product_brand?post=73215"},{"taxonomy":"product_cat","embeddable":true,"href":"https:\/\/kingarms.ee\/fi\/wp-json\/wp\/v2\/product_cat?post=73215"},{"taxonomy":"product_tag","embeddable":true,"href":"https:\/\/kingarms.ee\/fi\/wp-json\/wp\/v2\/product_tag?post=73215"}],"curies":[{"name":"wp","href":"https:\/\/api.w.org\/{rel}","templated":true}]}}