{"id":73260,"date":"2023-01-16T19:27:04","date_gmt":"2023-01-16T16:28:15","guid":{"rendered":"https:\/\/kingarms.ee\/product\/karabiinisorat-m-tac\/"},"modified":"2024-08-07T13:55:47","modified_gmt":"2024-08-07T10:55:47","slug":"karabiini-harmaa-m-tac","status":"publish","type":"product","link":"https:\/\/kingarms.ee\/fi\/product\/karabiini-harmaa-m-tac\/","title":{"rendered":"Karabiinisorat (M-Tac)"},"content":{"rendered":"<p><img loading=\"lazy\" decoding=\"async\" class=\"alignnone size-full wp-image-73255\" src=\"https:\/\/kingarms.ee\/wp-content\/uploads\/2023\/01\/60010012-1.jpeg\" alt=\"\" width=\"600\" height=\"600\" srcset=\"https:\/\/kingarms.ee\/wp-content\/uploads\/2023\/01\/60010012-1.jpeg 600w, https:\/\/kingarms.ee\/wp-content\/uploads\/2023\/01\/60010012-1-300x300.jpeg 300w, https:\/\/kingarms.ee\/wp-content\/uploads\/2023\/01\/60010012-1-150x150.jpeg 150w, https:\/\/kingarms.ee\/wp-content\/uploads\/2023\/01\/60010012-1-500x500.jpeg 500w\" sizes=\"auto, (max-width: 600px) 100vw, 600px\" \/><\/p>\n","protected":false},"excerpt":{"rendered":"<p>M-Tac 250 ml ruostumattomasta ter\u00e4ksest\u00e4 valmistettu karabiini. Kahvan sijasta k\u00e4ytet\u00e4\u00e4n karabiinia. Ruuvityyppinen karbiini.<\/p>\n","protected":false},"featured_media":73257,"template":"","meta":{"_acf_changed":false},"product_brand":[],"product_cat":[352],"product_tag":[],"class_list":{"0":"post-73260","1":"product","2":"type-product","3":"status-publish","4":"has-post-thumbnail","6":"product_cat-matkatavarat","8":"first","9":"instock","10":"taxable","11":"shipping-taxable","12":"purchasable","13":"product-type-simple"},"acf":[],"_links":{"self":[{"href":"https:\/\/kingarms.ee\/fi\/wp-json\/wp\/v2\/product\/73260","targetHints":{"allow":["GET"]}}],"collection":[{"href":"https:\/\/kingarms.ee\/fi\/wp-json\/wp\/v2\/product"}],"about":[{"href":"https:\/\/kingarms.ee\/fi\/wp-json\/wp\/v2\/types\/product"}],"wp:featuredmedia":[{"embeddable":true,"href":"https:\/\/kingarms.ee\/fi\/wp-json\/wp\/v2\/media\/73257"}],"wp:attachment":[{"href":"https:\/\/kingarms.ee\/fi\/wp-json\/wp\/v2\/media?parent=73260"}],"wp:term":[{"taxonomy":"product_brand","embeddable":true,"href":"https:\/\/kingarms.ee\/fi\/wp-json\/wp\/v2\/product_brand?post=73260"},{"taxonomy":"product_cat","embeddable":true,"href":"https:\/\/kingarms.ee\/fi\/wp-json\/wp\/v2\/product_cat?post=73260"},{"taxonomy":"product_tag","embeddable":true,"href":"https:\/\/kingarms.ee\/fi\/wp-json\/wp\/v2\/product_tag?post=73260"}],"curies":[{"name":"wp","href":"https:\/\/api.w.org\/{rel}","templated":true}]}}