{"id":73273,"date":"2023-01-16T14:46:48","date_gmt":"2023-01-16T16:34:17","guid":{"rendered":"https:\/\/kingarms.ee\/product\/napalmin-haju-m-tac\/"},"modified":"2024-08-07T14:14:03","modified_gmt":"2024-08-07T11:14:03","slug":"emblem-smell-of-napalm-m-tac","status":"publish","type":"product","link":"https:\/\/kingarms.ee\/fi\/product\/emblem-smell-of-napalm-m-tac\/","title":{"rendered":"Napalmin haju (M-Tac)"},"content":{"rendered":"<p><img loading=\"lazy\" decoding=\"async\" class=\"alignnone size-full wp-image-73041\" src=\"https:\/\/kingarms.ee\/wp-content\/uploads\/2023\/01\/51340002-1.jpeg\" alt=\"\" width=\"600\" height=\"600\" srcset=\"https:\/\/kingarms.ee\/wp-content\/uploads\/2023\/01\/51340002-1.jpeg 600w, https:\/\/kingarms.ee\/wp-content\/uploads\/2023\/01\/51340002-1-300x300.jpeg 300w, https:\/\/kingarms.ee\/wp-content\/uploads\/2023\/01\/51340002-1-150x150.jpeg 150w, https:\/\/kingarms.ee\/wp-content\/uploads\/2023\/01\/51340002-1-500x500.jpeg 500w\" sizes=\"auto, (max-width: 600px) 100vw, 600px\" \/><\/p>\n","protected":false},"excerpt":{"rendered":"<p>Smell of Napalm by M-Tas on korkealaatuinen laastari, jossa on alkuper\u00e4inen muotoilu. Laastariin on kirjoitettu lause &#8220;I love the smell of napalm in the morning&#8221;. Napalm on eritt\u00e4in vaarallinen ase, joka voi tunkeutua vaikeap\u00e4\u00e4syisimpiinkin paikkoihin. Smell of Napalm -laastari v\u00e4litt\u00e4\u00e4 symbolisesti viestin siit\u00e4, ett\u00e4 &#8220;jonain p\u00e4iv\u00e4n\u00e4 t\u00e4m\u00e4 sota loppuu&#8221; ja ett\u00e4 me vihdoin &#8220;haistamme voiton&#8221;.<\/p>\n<p>Laastari on valmistettu korkealaatuisesta ja kest\u00e4v\u00e4st\u00e4 Oxford-materiaalista 190 g\/m, joka kest\u00e4\u00e4 kulutusta ja raskaita kuormia. Kiinnitet\u00e4\u00e4n vaatteisiin, laukkuihin, reppuihin tai varusteisiin kiinnityslenkill\u00e4.<\/p>\n","protected":false},"featured_media":73043,"template":"","meta":{"_acf_changed":false},"product_brand":[],"product_cat":[453],"product_tag":[],"class_list":{"0":"post-73273","1":"product","2":"type-product","3":"status-publish","4":"has-post-thumbnail","6":"product_cat-tunnukset","8":"first","9":"onbackorder","10":"taxable","11":"shipping-taxable","12":"product-type-simple"},"acf":[],"_links":{"self":[{"href":"https:\/\/kingarms.ee\/fi\/wp-json\/wp\/v2\/product\/73273","targetHints":{"allow":["GET"]}}],"collection":[{"href":"https:\/\/kingarms.ee\/fi\/wp-json\/wp\/v2\/product"}],"about":[{"href":"https:\/\/kingarms.ee\/fi\/wp-json\/wp\/v2\/types\/product"}],"wp:featuredmedia":[{"embeddable":true,"href":"https:\/\/kingarms.ee\/fi\/wp-json\/wp\/v2\/media\/73043"}],"wp:attachment":[{"href":"https:\/\/kingarms.ee\/fi\/wp-json\/wp\/v2\/media?parent=73273"}],"wp:term":[{"taxonomy":"product_brand","embeddable":true,"href":"https:\/\/kingarms.ee\/fi\/wp-json\/wp\/v2\/product_brand?post=73273"},{"taxonomy":"product_cat","embeddable":true,"href":"https:\/\/kingarms.ee\/fi\/wp-json\/wp\/v2\/product_cat?post=73273"},{"taxonomy":"product_tag","embeddable":true,"href":"https:\/\/kingarms.ee\/fi\/wp-json\/wp\/v2\/product_tag?post=73273"}],"curies":[{"name":"wp","href":"https:\/\/api.w.org\/{rel}","templated":true}]}}