{"id":73389,"date":"2023-01-18T16:49:55","date_gmt":"2023-01-18T13:51:47","guid":{"rendered":"https:\/\/kingarms.ee\/product\/laitteen-kiinnitys-pitka-guardian-angel\/"},"modified":"2024-08-07T13:54:20","modified_gmt":"2024-08-07T10:54:20","slug":"device-attachment-long-guardian-angel","status":"publish","type":"product","link":"https:\/\/kingarms.ee\/fi\/product\/device-attachment-long-guardian-angel\/","title":{"rendered":"Laitteen kiinnitys &#8211; pitk\u00e4 (Guardian Angel)"},"content":{"rendered":"<p><img loading=\"lazy\" decoding=\"async\" class=\"alignnone size-full wp-image-73377\" src=\"https:\/\/kingarms.ee\/wp-content\/uploads\/2023\/01\/15672__a13459.webp\" alt=\"\" width=\"2400\" height=\"1600\" srcset=\"https:\/\/kingarms.ee\/wp-content\/uploads\/2023\/01\/15672__a13459.webp 2400w, https:\/\/kingarms.ee\/wp-content\/uploads\/2023\/01\/15672__a13459-300x200.webp 300w, https:\/\/kingarms.ee\/wp-content\/uploads\/2023\/01\/15672__a13459-1024x683.webp 1024w, https:\/\/kingarms.ee\/wp-content\/uploads\/2023\/01\/15672__a13459-768x512.webp 768w, https:\/\/kingarms.ee\/wp-content\/uploads\/2023\/01\/15672__a13459-1536x1024.webp 1536w, https:\/\/kingarms.ee\/wp-content\/uploads\/2023\/01\/15672__a13459-2048x1365.webp 2048w, https:\/\/kingarms.ee\/wp-content\/uploads\/2023\/01\/15672__a13459-500x333.webp 500w, https:\/\/kingarms.ee\/wp-content\/uploads\/2023\/01\/15672__a13459-150x100.webp 150w\" sizes=\"auto, (max-width: 2400px) 100vw, 2400px\" \/><\/p>\n","protected":false},"excerpt":{"rendered":"<p>Laitteen kiinnitys &#8211; pitk\u00e4 (Guardian Angel)<\/p>\n<p>\u00c4l\u00e4 en\u00e4\u00e4 koskaan huolehdi laitteestasi<br \/>\nNopea irrotus<br \/>\nKarabiini ja vaijerilukko<br \/>\nS\u00e4\u00e4dett\u00e4v\u00e4 pituus (k\u00e4yt\u00e4 molempia osia tai yht\u00e4)<br \/>\nKiinnit\u00e4 paitaan, py\u00f6r\u00e4\u00e4n tai mihin tahansa muuhun.<br \/>\nKaikissa uusissa Elite- ja Micro-sarjan laitteissa on kiinnityshihna.<\/p>\n","protected":false},"featured_media":73378,"template":"","meta":{"_acf_changed":false},"product_brand":[],"product_cat":[860],"product_tag":[],"class_list":{"0":"post-73389","1":"product","2":"type-product","3":"status-publish","4":"has-post-thumbnail","6":"product_cat-poliisi-armeija","8":"first","9":"instock","10":"taxable","11":"shipping-taxable","12":"purchasable","13":"product-type-simple"},"acf":[],"_links":{"self":[{"href":"https:\/\/kingarms.ee\/fi\/wp-json\/wp\/v2\/product\/73389","targetHints":{"allow":["GET"]}}],"collection":[{"href":"https:\/\/kingarms.ee\/fi\/wp-json\/wp\/v2\/product"}],"about":[{"href":"https:\/\/kingarms.ee\/fi\/wp-json\/wp\/v2\/types\/product"}],"wp:featuredmedia":[{"embeddable":true,"href":"https:\/\/kingarms.ee\/fi\/wp-json\/wp\/v2\/media\/73378"}],"wp:attachment":[{"href":"https:\/\/kingarms.ee\/fi\/wp-json\/wp\/v2\/media?parent=73389"}],"wp:term":[{"taxonomy":"product_brand","embeddable":true,"href":"https:\/\/kingarms.ee\/fi\/wp-json\/wp\/v2\/product_brand?post=73389"},{"taxonomy":"product_cat","embeddable":true,"href":"https:\/\/kingarms.ee\/fi\/wp-json\/wp\/v2\/product_cat?post=73389"},{"taxonomy":"product_tag","embeddable":true,"href":"https:\/\/kingarms.ee\/fi\/wp-json\/wp\/v2\/product_tag?post=73389"}],"curies":[{"name":"wp","href":"https:\/\/api.w.org\/{rel}","templated":true}]}}