{"id":73397,"date":"2023-01-18T17:01:29","date_gmt":"2023-01-18T14:02:42","guid":{"rendered":"https:\/\/kingarms.ee\/product\/korvaava-magneettipidike-pieni-vakiomallinen-mikropidike-guardian-angel\/"},"modified":"2024-08-07T13:53:35","modified_gmt":"2024-08-07T10:53:35","slug":"korvaava-magneettikiinnitys-alusta-kevyesti-standardi-mikrobalus-vartija-enkeli","status":"publish","type":"product","link":"https:\/\/kingarms.ee\/fi\/product\/korvaava-magneettikiinnitys-alusta-kevyesti-standardi-mikrobalus-vartija-enkeli\/","title":{"rendered":"Korvaava magneettipidike &#8211; pieni vakiomallinen mikropidike (Guardian Angel)"},"content":{"rendered":"<p><img loading=\"lazy\" decoding=\"async\" class=\"alignnone size-full wp-image-73392\" src=\"https:\/\/kingarms.ee\/wp-content\/uploads\/2023\/01\/15893__6e7651.webp\" alt=\"\" width=\"1920\" height=\"1920\" srcset=\"https:\/\/kingarms.ee\/wp-content\/uploads\/2023\/01\/15893__6e7651.webp 1920w, https:\/\/kingarms.ee\/wp-content\/uploads\/2023\/01\/15893__6e7651-300x300.webp 300w, https:\/\/kingarms.ee\/wp-content\/uploads\/2023\/01\/15893__6e7651-1024x1024.webp 1024w, https:\/\/kingarms.ee\/wp-content\/uploads\/2023\/01\/15893__6e7651-150x150.webp 150w, https:\/\/kingarms.ee\/wp-content\/uploads\/2023\/01\/15893__6e7651-768x768.webp 768w, https:\/\/kingarms.ee\/wp-content\/uploads\/2023\/01\/15893__6e7651-1536x1536.webp 1536w, https:\/\/kingarms.ee\/wp-content\/uploads\/2023\/01\/15893__6e7651-500x500.webp 500w\" sizes=\"auto, (max-width: 1920px) 100vw, 1920px\" \/><\/p>\n","protected":false},"excerpt":{"rendered":"<p>Korvaava magneettipidike &#8211; pieni vakiomallinen mikropidike (Guardian Angel)<\/p>\n<p>Magneettikiinnike vakiona Guardian Angel Micro -malleissa. Kiinnike voidaan sijoittaa mink\u00e4 tahansa vaatteen alle, laite kiinnittyy vaatteen ulkopuolelle. Vahvat magneetit pit\u00e4v\u00e4t sen tukevasti paikallaan. Yhteensopiva sek\u00e4 Elite- ett\u00e4 Micro-laitteiden kanssa<\/p>\n","protected":false},"featured_media":90165,"template":"","meta":{"_acf_changed":false},"product_brand":[],"product_cat":[860],"product_tag":[],"class_list":{"0":"post-73397","1":"product","2":"type-product","3":"status-publish","4":"has-post-thumbnail","6":"product_cat-poliisi-armeija","8":"first","9":"instock","10":"taxable","11":"shipping-taxable","12":"purchasable","13":"product-type-simple"},"acf":[],"_links":{"self":[{"href":"https:\/\/kingarms.ee\/fi\/wp-json\/wp\/v2\/product\/73397","targetHints":{"allow":["GET"]}}],"collection":[{"href":"https:\/\/kingarms.ee\/fi\/wp-json\/wp\/v2\/product"}],"about":[{"href":"https:\/\/kingarms.ee\/fi\/wp-json\/wp\/v2\/types\/product"}],"wp:featuredmedia":[{"embeddable":true,"href":"https:\/\/kingarms.ee\/fi\/wp-json\/wp\/v2\/media\/90165"}],"wp:attachment":[{"href":"https:\/\/kingarms.ee\/fi\/wp-json\/wp\/v2\/media?parent=73397"}],"wp:term":[{"taxonomy":"product_brand","embeddable":true,"href":"https:\/\/kingarms.ee\/fi\/wp-json\/wp\/v2\/product_brand?post=73397"},{"taxonomy":"product_cat","embeddable":true,"href":"https:\/\/kingarms.ee\/fi\/wp-json\/wp\/v2\/product_cat?post=73397"},{"taxonomy":"product_tag","embeddable":true,"href":"https:\/\/kingarms.ee\/fi\/wp-json\/wp\/v2\/product_tag?post=73397"}],"curies":[{"name":"wp","href":"https:\/\/api.w.org\/{rel}","templated":true}]}}