{"id":73429,"date":"2023-01-18T17:16:03","date_gmt":"2023-01-18T14:17:03","guid":{"rendered":"https:\/\/kingarms.ee\/product\/magneettinen-kartiokiinnike-guardian-angel\/"},"modified":"2024-08-07T13:52:10","modified_gmt":"2024-08-07T10:52:10","slug":"magneettikartiokenno-suojeluenkeli","status":"publish","type":"product","link":"https:\/\/kingarms.ee\/fi\/product\/magneettikartiokenno-suojeluenkeli\/","title":{"rendered":"Magneettinen kartiokiinnike (Guardian Angel)"},"content":{"rendered":"<p><img loading=\"lazy\" decoding=\"async\" class=\"alignnone size-full wp-image-73416\" src=\"https:\/\/kingarms.ee\/wp-content\/uploads\/2023\/01\/15658__ea7407_b.jpg\" alt=\"\" width=\"839\" height=\"1000\" srcset=\"https:\/\/kingarms.ee\/wp-content\/uploads\/2023\/01\/15658__ea7407_b.jpg 839w, https:\/\/kingarms.ee\/wp-content\/uploads\/2023\/01\/15658__ea7407_b-252x300.jpg 252w, https:\/\/kingarms.ee\/wp-content\/uploads\/2023\/01\/15658__ea7407_b-768x915.jpg 768w, https:\/\/kingarms.ee\/wp-content\/uploads\/2023\/01\/15658__ea7407_b-500x596.jpg 500w, https:\/\/kingarms.ee\/wp-content\/uploads\/2023\/01\/15658__ea7407_b-150x179.jpg 150w\" sizes=\"auto, (max-width: 839px) 100vw, 839px\" \/><\/p>\n","protected":false},"excerpt":{"rendered":"<p>Magneettinen kartiokiinnike (Guardian Angel)<\/p>\n<p>Magneettinen suojakartiokiinnike kiinnittyy helposti mihin tahansa suojakartioon, jossa on sis\u00e4\u00e4nrakennettu magneettikiinnike. Ainutlaatuinen 3-jalkainen muotoilu mahdollistaa kiinnikkeen asettamisen mink\u00e4 tahansa kokoiseen kartioon, mik\u00e4 luo liikenneturvallisen kartiovalon ja mahdollistaa Guardian Angel -laitteen nopean irrottamisen.<\/p>\n","protected":false},"featured_media":87465,"template":"","meta":{"_acf_changed":false},"product_brand":[],"product_cat":[860],"product_tag":[],"class_list":{"0":"post-73429","1":"product","2":"type-product","3":"status-publish","4":"has-post-thumbnail","6":"product_cat-poliisi-armeija","8":"first","9":"instock","10":"taxable","11":"shipping-taxable","12":"purchasable","13":"product-type-simple"},"acf":[],"_links":{"self":[{"href":"https:\/\/kingarms.ee\/fi\/wp-json\/wp\/v2\/product\/73429","targetHints":{"allow":["GET"]}}],"collection":[{"href":"https:\/\/kingarms.ee\/fi\/wp-json\/wp\/v2\/product"}],"about":[{"href":"https:\/\/kingarms.ee\/fi\/wp-json\/wp\/v2\/types\/product"}],"wp:featuredmedia":[{"embeddable":true,"href":"https:\/\/kingarms.ee\/fi\/wp-json\/wp\/v2\/media\/87465"}],"wp:attachment":[{"href":"https:\/\/kingarms.ee\/fi\/wp-json\/wp\/v2\/media?parent=73429"}],"wp:term":[{"taxonomy":"product_brand","embeddable":true,"href":"https:\/\/kingarms.ee\/fi\/wp-json\/wp\/v2\/product_brand?post=73429"},{"taxonomy":"product_cat","embeddable":true,"href":"https:\/\/kingarms.ee\/fi\/wp-json\/wp\/v2\/product_cat?post=73429"},{"taxonomy":"product_tag","embeddable":true,"href":"https:\/\/kingarms.ee\/fi\/wp-json\/wp\/v2\/product_tag?post=73429"}],"curies":[{"name":"wp","href":"https:\/\/api.w.org\/{rel}","templated":true}]}}