{"id":73445,"date":"2023-01-18T17:24:21","date_gmt":"2023-01-18T14:25:19","guid":{"rendered":"https:\/\/kingarms.ee\/product\/magneettinen-kuulokekiinnike-saadaval-on-sissekeeratav-variant-guardian-angel\/"},"modified":"2024-08-07T13:51:26","modified_gmt":"2024-08-07T10:51:26","slug":"magneettikannen-kortinpidin-kiinnitys-kiinnitettavissa-ruuvilla-vartija-enkeli","status":"publish","type":"product","link":"https:\/\/kingarms.ee\/fi\/product\/magneettikannen-kortinpidin-kiinnitys-kiinnitettavissa-ruuvilla-vartija-enkeli\/","title":{"rendered":"Magneettinen kuulokekiinnike [Saadaval on sissekeeratav variant] (Guardian Angel)"},"content":{"rendered":"<p><img loading=\"lazy\" decoding=\"async\" class=\"alignnone size-full wp-image-73432\" src=\"https:\/\/kingarms.ee\/wp-content\/uploads\/2023\/01\/14111__28d7be_b.jpg\" alt=\"\" width=\"905\" height=\"1000\" srcset=\"https:\/\/kingarms.ee\/wp-content\/uploads\/2023\/01\/14111__28d7be_b.jpg 905w, https:\/\/kingarms.ee\/wp-content\/uploads\/2023\/01\/14111__28d7be_b-272x300.jpg 272w, https:\/\/kingarms.ee\/wp-content\/uploads\/2023\/01\/14111__28d7be_b-768x849.jpg 768w, https:\/\/kingarms.ee\/wp-content\/uploads\/2023\/01\/14111__28d7be_b-500x552.jpg 500w, https:\/\/kingarms.ee\/wp-content\/uploads\/2023\/01\/14111__28d7be_b-150x166.jpg 150w\" sizes=\"auto, (max-width: 905px) 100vw, 905px\" \/><\/p>\n","protected":false},"excerpt":{"rendered":"<ul>\n<li>Magneettinen kuulokekiinnike [Saadaval on sissekeeratav variant] (Guardian Angel)<\/li>\n<li>Kyp\u00e4r\u00e4n turvavalon kiinnitys<\/li>\n<li>Kiinnittyy useimpien suojakyp\u00e4r\u00f6iden korvalappuaukkoon.<\/li>\n<li>Kumikahvainen pito taustalevy<\/li>\n<li>Erotu vilkkuvilla stroboskooppivaloilla kyp\u00e4r\u00e4ss\u00e4si.<\/li>\n<li>Valinnainen kova kiinnitys 2-M3 10mm ruuveilla (mukana).<\/li>\n<li>Sis\u00e4lt\u00e4\u00e4 silmukan laitteen kiinnitt\u00e4mist\u00e4 varten (myyd\u00e4\u00e4n erikseen).<\/li>\n<li>Yhteensopiva mink\u00e4 tahansa Guardian Angel -laitteen kanssa handsfree-valoa varten.<\/li>\n<\/ul>\n","protected":false},"featured_media":73434,"template":"","meta":{"_acf_changed":false},"product_brand":[],"product_cat":[860],"product_tag":[],"class_list":{"0":"post-73445","1":"product","2":"type-product","3":"status-publish","4":"has-post-thumbnail","6":"product_cat-poliisi-armeija","8":"first","9":"instock","10":"taxable","11":"shipping-taxable","12":"purchasable","13":"product-type-simple"},"acf":[],"_links":{"self":[{"href":"https:\/\/kingarms.ee\/fi\/wp-json\/wp\/v2\/product\/73445","targetHints":{"allow":["GET"]}}],"collection":[{"href":"https:\/\/kingarms.ee\/fi\/wp-json\/wp\/v2\/product"}],"about":[{"href":"https:\/\/kingarms.ee\/fi\/wp-json\/wp\/v2\/types\/product"}],"wp:featuredmedia":[{"embeddable":true,"href":"https:\/\/kingarms.ee\/fi\/wp-json\/wp\/v2\/media\/73434"}],"wp:attachment":[{"href":"https:\/\/kingarms.ee\/fi\/wp-json\/wp\/v2\/media?parent=73445"}],"wp:term":[{"taxonomy":"product_brand","embeddable":true,"href":"https:\/\/kingarms.ee\/fi\/wp-json\/wp\/v2\/product_brand?post=73445"},{"taxonomy":"product_cat","embeddable":true,"href":"https:\/\/kingarms.ee\/fi\/wp-json\/wp\/v2\/product_cat?post=73445"},{"taxonomy":"product_tag","embeddable":true,"href":"https:\/\/kingarms.ee\/fi\/wp-json\/wp\/v2\/product_tag?post=73445"}],"curies":[{"name":"wp","href":"https:\/\/api.w.org\/{rel}","templated":true}]}}