{"id":73466,"date":"2023-01-18T17:37:35","date_gmt":"2023-01-18T14:38:59","guid":{"rendered":"https:\/\/kingarms.ee\/product\/kyparan-magneettikiskokiinnitys-saadaval-of-sissekeeratav-variant-guardian-angel\/"},"modified":"2025-02-23T18:43:24","modified_gmt":"2025-02-23T15:43:24","slug":"magneettikypara-sinus-kiinnitys-kiinnitettavissa-variant-suoja-enkeli","status":"publish","type":"product","link":"https:\/\/kingarms.ee\/fi\/product\/magneettikypara-sinus-kiinnitys-kiinnitettavissa-variant-suoja-enkeli\/","title":{"rendered":"Kyp\u00e4r\u00e4n magneettikiskokiinnitys [saadaval of sissekeeratav variant] (Guardian Angel)"},"content":{"rendered":"<p><img loading=\"lazy\" decoding=\"async\" class=\"alignnone size-full wp-image-73449\" src=\"https:\/\/kingarms.ee\/wp-content\/uploads\/2023\/01\/15885__52b2fc_b.jpg\" alt=\"\" width=\"1000\" height=\"1000\" srcset=\"https:\/\/kingarms.ee\/wp-content\/uploads\/2023\/01\/15885__52b2fc_b.jpg 1000w, https:\/\/kingarms.ee\/wp-content\/uploads\/2023\/01\/15885__52b2fc_b-300x300.jpg 300w, https:\/\/kingarms.ee\/wp-content\/uploads\/2023\/01\/15885__52b2fc_b-150x150.jpg 150w, https:\/\/kingarms.ee\/wp-content\/uploads\/2023\/01\/15885__52b2fc_b-768x768.jpg 768w, https:\/\/kingarms.ee\/wp-content\/uploads\/2023\/01\/15885__52b2fc_b-500x500.jpg 500w\" sizes=\"auto, (max-width: 1000px) 100vw, 1000px\" \/><\/p>\n","protected":false},"excerpt":{"rendered":"<p>T\u00e4ysin integroitu, sis\u00e4\u00e4nrakennettu neodyymi harvinainen maamagneetti<br \/>\nKiinnittyy magneettisesti mihin tahansa Guardian Angel -laitteeseen.<br \/>\nVoidaan kiinnitt\u00e4\u00e4 mihin tahansa laitteeseen 2 ruuvilla<br \/>\nSuunniteltu sopimaan mihin tahansa sotilaskyp\u00e4r\u00e4n kiinnitykseen.<br \/>\nYhteensopiva sek\u00e4 Elite- ett\u00e4 Micro-laitteiden kanssa<\/p>\n","protected":false},"featured_media":87469,"template":"","meta":{"_acf_changed":false},"product_brand":[],"product_cat":[860],"product_tag":[],"class_list":{"0":"post-73466","1":"product","2":"type-product","3":"status-publish","4":"has-post-thumbnail","6":"product_cat-poliisi-armeija","8":"first","9":"instock","10":"taxable","11":"shipping-taxable","12":"purchasable","13":"product-type-simple"},"acf":[],"_links":{"self":[{"href":"https:\/\/kingarms.ee\/fi\/wp-json\/wp\/v2\/product\/73466","targetHints":{"allow":["GET"]}}],"collection":[{"href":"https:\/\/kingarms.ee\/fi\/wp-json\/wp\/v2\/product"}],"about":[{"href":"https:\/\/kingarms.ee\/fi\/wp-json\/wp\/v2\/types\/product"}],"wp:featuredmedia":[{"embeddable":true,"href":"https:\/\/kingarms.ee\/fi\/wp-json\/wp\/v2\/media\/87469"}],"wp:attachment":[{"href":"https:\/\/kingarms.ee\/fi\/wp-json\/wp\/v2\/media?parent=73466"}],"wp:term":[{"taxonomy":"product_brand","embeddable":true,"href":"https:\/\/kingarms.ee\/fi\/wp-json\/wp\/v2\/product_brand?post=73466"},{"taxonomy":"product_cat","embeddable":true,"href":"https:\/\/kingarms.ee\/fi\/wp-json\/wp\/v2\/product_cat?post=73466"},{"taxonomy":"product_tag","embeddable":true,"href":"https:\/\/kingarms.ee\/fi\/wp-json\/wp\/v2\/product_tag?post=73466"}],"curies":[{"name":"wp","href":"https:\/\/api.w.org\/{rel}","templated":true}]}}