{"id":73532,"date":"2023-01-18T18:13:08","date_gmt":"2023-01-18T15:15:58","guid":{"rendered":"https:\/\/kingarms.ee\/product\/magneettinen-vakautuskiinnike-sisaanvedettava-lisavaruste-saatavilla-guardian-angeln-enkeli\/"},"modified":"2024-08-07T13:47:56","modified_gmt":"2024-08-07T10:47:56","slug":"magneettistabilisaattori-kiinnike-kiinnittimella-kiinnitettavissa-ruuviin-suojus-suojus-kulma-kulma","status":"publish","type":"product","link":"https:\/\/kingarms.ee\/fi\/product\/magneettistabilisaattori-kiinnike-kiinnittimella-kiinnitettavissa-ruuviin-suojus-suojus-kulma-kulma\/","title":{"rendered":"Magneettinen vakautuskiinnike {sis\u00e4\u00e4nvedett\u00e4v\u00e4 lis\u00e4varuste saatavilla} (Guardian Angel)n enkeli"},"content":{"rendered":"<p><img loading=\"lazy\" decoding=\"async\" class=\"alignnone size-full wp-image-73526\" src=\"https:\/\/kingarms.ee\/wp-content\/uploads\/2023\/01\/15874__e2bc10_b.jpg\" alt=\"\" width=\"879\" height=\"1000\" srcset=\"https:\/\/kingarms.ee\/wp-content\/uploads\/2023\/01\/15874__e2bc10_b.jpg 879w, https:\/\/kingarms.ee\/wp-content\/uploads\/2023\/01\/15874__e2bc10_b-264x300.jpg 264w, https:\/\/kingarms.ee\/wp-content\/uploads\/2023\/01\/15874__e2bc10_b-768x874.jpg 768w, https:\/\/kingarms.ee\/wp-content\/uploads\/2023\/01\/15874__e2bc10_b-500x569.jpg 500w, https:\/\/kingarms.ee\/wp-content\/uploads\/2023\/01\/15874__e2bc10_b-150x171.jpg 150w\" sizes=\"auto, (max-width: 879px) 100vw, 879px\" \/><\/p>\n","protected":false},"excerpt":{"rendered":"<p>Magneettinen vakautuskiinnike {sis\u00e4\u00e4nvedett\u00e4v\u00e4 lis\u00e4varuste saatavilla} (Guardian Angel)n enkeli<\/p>\n<p>T\u00e4ysin integroitu, sis\u00e4\u00e4nrakennettu neodyymi harvinainen maamagneetti<br \/>\nKiinnittyy magneettisesti mihin tahansa Guardian Angel -laitteeseen.<br \/>\nVoidaan kiinnitt\u00e4\u00e4 mihin tahansa laitteeseen 2 ruuvilla<br \/>\nVahva klipsikiinnitys kiinnittyy turvallisesti mihin tahansa vaatteeseen.<br \/>\nSis\u00e4lt\u00e4\u00e4 etu- ja takakumivakaajat, jotka est\u00e4v\u00e4t laitteen keinumisen eteen tai sivulle.<br \/>\nSoveltuu yli 1,75 mm leveille hihnoille.<br \/>\nYhteensopiva sek\u00e4 Elite- ett\u00e4 Micro-laitteiden kanssa<\/p>\n","protected":false},"featured_media":87497,"template":"","meta":{"_acf_changed":false},"product_brand":[],"product_cat":[860],"product_tag":[],"class_list":{"0":"post-73532","1":"product","2":"type-product","3":"status-publish","4":"has-post-thumbnail","6":"product_cat-poliisi-armeija","8":"first","9":"instock","10":"taxable","11":"shipping-taxable","12":"purchasable","13":"product-type-simple"},"acf":[],"_links":{"self":[{"href":"https:\/\/kingarms.ee\/fi\/wp-json\/wp\/v2\/product\/73532","targetHints":{"allow":["GET"]}}],"collection":[{"href":"https:\/\/kingarms.ee\/fi\/wp-json\/wp\/v2\/product"}],"about":[{"href":"https:\/\/kingarms.ee\/fi\/wp-json\/wp\/v2\/types\/product"}],"wp:featuredmedia":[{"embeddable":true,"href":"https:\/\/kingarms.ee\/fi\/wp-json\/wp\/v2\/media\/87497"}],"wp:attachment":[{"href":"https:\/\/kingarms.ee\/fi\/wp-json\/wp\/v2\/media?parent=73532"}],"wp:term":[{"taxonomy":"product_brand","embeddable":true,"href":"https:\/\/kingarms.ee\/fi\/wp-json\/wp\/v2\/product_brand?post=73532"},{"taxonomy":"product_cat","embeddable":true,"href":"https:\/\/kingarms.ee\/fi\/wp-json\/wp\/v2\/product_cat?post=73532"},{"taxonomy":"product_tag","embeddable":true,"href":"https:\/\/kingarms.ee\/fi\/wp-json\/wp\/v2\/product_tag?post=73532"}],"curies":[{"name":"wp","href":"https:\/\/api.w.org\/{rel}","templated":true}]}}