{"id":73549,"date":"2023-01-18T18:23:04","date_gmt":"2023-01-18T15:24:09","guid":{"rendered":"https:\/\/kingarms.ee\/product\/magneettinen-hihnakiinnitys-lyhyt-guardian-angel\/"},"modified":"2024-08-07T13:47:14","modified_gmt":"2024-08-07T10:47:14","slug":"magneettihihna-kiinnitys-vartija-enkeli","status":"publish","type":"product","link":"https:\/\/kingarms.ee\/fi\/product\/magneettihihna-kiinnitys-vartija-enkeli\/","title":{"rendered":"Magneettinen hihnakiinnitys &#8211; lyhyt (Guardian Angel)"},"content":{"rendered":"<p><img loading=\"lazy\" decoding=\"async\" class=\"alignnone size-full wp-image-73536\" src=\"https:\/\/kingarms.ee\/wp-content\/uploads\/2023\/01\/15675__016877_b.jpg\" alt=\"\" width=\"844\" height=\"1000\" srcset=\"https:\/\/kingarms.ee\/wp-content\/uploads\/2023\/01\/15675__016877_b.jpg 844w, https:\/\/kingarms.ee\/wp-content\/uploads\/2023\/01\/15675__016877_b-253x300.jpg 253w, https:\/\/kingarms.ee\/wp-content\/uploads\/2023\/01\/15675__016877_b-768x910.jpg 768w, https:\/\/kingarms.ee\/wp-content\/uploads\/2023\/01\/15675__016877_b-500x592.jpg 500w, https:\/\/kingarms.ee\/wp-content\/uploads\/2023\/01\/15675__016877_b-150x178.jpg 150w\" sizes=\"auto, (max-width: 844px) 100vw, 844px\" \/><\/p>\n","protected":false},"excerpt":{"rendered":"<p>Magneettinen hihnakiinnitys &#8211; lyhyt (Guardian Angel)<\/p>\n<p>Kiinnitt\u00e4\u00e4 turvallisesti mink\u00e4 tahansa laitteen k\u00e4ytt\u00e4m\u00e4ll\u00e4 sis\u00e4\u00e4nrakennettua neodyymin harvinaisten maametallien magneettia.<br \/>\nPikavapautuva magneettikiinnike<br \/>\nPehme\u00e4 venyv\u00e4 vahva neopreenimateriaali<br \/>\nS\u00e4\u00e4dett\u00e4v\u00e4 tarrakiinnitys<br \/>\nKiinnit\u00e4 mik\u00e4 tahansa Guardian Angel -laite luodaksesi LED-rannekkeen, jossa on turvavalo.<br \/>\nYhteensopiva sek\u00e4 Elite- ett\u00e4 Micro-laitteiden kanssa<\/p>\n","protected":false},"featured_media":87477,"template":"","meta":{"_acf_changed":false},"product_brand":[],"product_cat":[860],"product_tag":[],"class_list":{"0":"post-73549","1":"product","2":"type-product","3":"status-publish","4":"has-post-thumbnail","6":"product_cat-poliisi-armeija","8":"first","9":"instock","10":"taxable","11":"shipping-taxable","12":"purchasable","13":"product-type-simple"},"acf":[],"_links":{"self":[{"href":"https:\/\/kingarms.ee\/fi\/wp-json\/wp\/v2\/product\/73549","targetHints":{"allow":["GET"]}}],"collection":[{"href":"https:\/\/kingarms.ee\/fi\/wp-json\/wp\/v2\/product"}],"about":[{"href":"https:\/\/kingarms.ee\/fi\/wp-json\/wp\/v2\/types\/product"}],"wp:featuredmedia":[{"embeddable":true,"href":"https:\/\/kingarms.ee\/fi\/wp-json\/wp\/v2\/media\/87477"}],"wp:attachment":[{"href":"https:\/\/kingarms.ee\/fi\/wp-json\/wp\/v2\/media?parent=73549"}],"wp:term":[{"taxonomy":"product_brand","embeddable":true,"href":"https:\/\/kingarms.ee\/fi\/wp-json\/wp\/v2\/product_brand?post=73549"},{"taxonomy":"product_cat","embeddable":true,"href":"https:\/\/kingarms.ee\/fi\/wp-json\/wp\/v2\/product_cat?post=73549"},{"taxonomy":"product_tag","embeddable":true,"href":"https:\/\/kingarms.ee\/fi\/wp-json\/wp\/v2\/product_tag?post=73549"}],"curies":[{"name":"wp","href":"https:\/\/api.w.org\/{rel}","templated":true}]}}