{"id":73557,"date":"2023-01-18T18:31:24","date_gmt":"2023-01-18T15:32:22","guid":{"rendered":"https:\/\/kingarms.ee\/product\/magneettikiinnitys-takaisinvedettava-vaihtoehto-saatavana-guardian-angel\/"},"modified":"2024-08-07T13:46:32","modified_gmt":"2024-08-07T10:46:32","slug":"magneettikiinnike-kiinnitys-kiinnitettavissa-ruuviin-suojusenkeli","status":"publish","type":"product","link":"https:\/\/kingarms.ee\/fi\/product\/magneettikiinnike-kiinnitys-kiinnitettavissa-ruuviin-suojusenkeli\/","title":{"rendered":"Magneettikiinnitys (takaisinvedett\u00e4v\u00e4 vaihtoehto saatavana) (Guardian Angel)."},"content":{"rendered":"<p><img loading=\"lazy\" decoding=\"async\" class=\"alignnone size-full wp-image-73552\" src=\"https:\/\/kingarms.ee\/wp-content\/uploads\/2023\/01\/14068__c9bc32_b.jpg\" alt=\"\" width=\"1000\" height=\"1000\" srcset=\"https:\/\/kingarms.ee\/wp-content\/uploads\/2023\/01\/14068__c9bc32_b.jpg 1000w, https:\/\/kingarms.ee\/wp-content\/uploads\/2023\/01\/14068__c9bc32_b-300x300.jpg 300w, https:\/\/kingarms.ee\/wp-content\/uploads\/2023\/01\/14068__c9bc32_b-150x150.jpg 150w, https:\/\/kingarms.ee\/wp-content\/uploads\/2023\/01\/14068__c9bc32_b-768x768.jpg 768w, https:\/\/kingarms.ee\/wp-content\/uploads\/2023\/01\/14068__c9bc32_b-500x500.jpg 500w\" sizes=\"auto, (max-width: 1000px) 100vw, 1000px\" \/><\/p>\n","protected":false},"excerpt":{"rendered":"<p>Magneettikiinnitys (takaisinvedett\u00e4v\u00e4 vaihtoehto saatavana) (Guardian Angel).<\/p>\n<p>Tarranauhahihnan ja s\u00e4\u00e4dett\u00e4v\u00e4n magneettialustan avulla voit kiinnitt\u00e4\u00e4 laitteen mihin tahansa.<br \/>\nT\u00e4ysin integroitu, sis\u00e4\u00e4nrakennettu neodyymi harvinainen maamagneetti<br \/>\nMukana 21&#8243; tarranauha, joka voidaan leikata kokoon (nauhan leveys on 0,75&#8243;).<br \/>\nMagneettinen pohjan pitokuvio est\u00e4\u00e4 siirtymisen.<br \/>\nMagneettijalusta, jossa on sis\u00e4\u00e4nrakennettu silmukka laitteen kiinnitt\u00e4mist\u00e4 varten (myyd\u00e4\u00e4n erikseen).<br \/>\nVaihtoehtoinen kiinte\u00e4 kiinnitys 2x-M3 10mm ruuveilla (mukana).<br \/>\nYhteensopiva sek\u00e4 Elite\u2122- ett\u00e4 Micro\u2122-laitteiden kanssa.<\/p>\n","protected":false},"featured_media":87485,"template":"","meta":{"_acf_changed":false},"product_brand":[],"product_cat":[860],"product_tag":[],"class_list":{"0":"post-73557","1":"product","2":"type-product","3":"status-publish","4":"has-post-thumbnail","6":"product_cat-poliisi-armeija","8":"first","9":"instock","10":"taxable","11":"shipping-taxable","12":"purchasable","13":"product-type-simple"},"acf":[],"_links":{"self":[{"href":"https:\/\/kingarms.ee\/fi\/wp-json\/wp\/v2\/product\/73557","targetHints":{"allow":["GET"]}}],"collection":[{"href":"https:\/\/kingarms.ee\/fi\/wp-json\/wp\/v2\/product"}],"about":[{"href":"https:\/\/kingarms.ee\/fi\/wp-json\/wp\/v2\/types\/product"}],"wp:featuredmedia":[{"embeddable":true,"href":"https:\/\/kingarms.ee\/fi\/wp-json\/wp\/v2\/media\/87485"}],"wp:attachment":[{"href":"https:\/\/kingarms.ee\/fi\/wp-json\/wp\/v2\/media?parent=73557"}],"wp:term":[{"taxonomy":"product_brand","embeddable":true,"href":"https:\/\/kingarms.ee\/fi\/wp-json\/wp\/v2\/product_brand?post=73557"},{"taxonomy":"product_cat","embeddable":true,"href":"https:\/\/kingarms.ee\/fi\/wp-json\/wp\/v2\/product_cat?post=73557"},{"taxonomy":"product_tag","embeddable":true,"href":"https:\/\/kingarms.ee\/fi\/wp-json\/wp\/v2\/product_tag?post=73557"}],"curies":[{"name":"wp","href":"https:\/\/api.w.org\/{rel}","templated":true}]}}