{"id":73573,"date":"2023-01-18T18:38:55","date_gmt":"2023-01-18T15:39:56","guid":{"rendered":"https:\/\/kingarms.ee\/product\/magneettinen-pyora-ratsastushihnan-kiinnitys-saatavana-sisaanvedettavalla-lisavarusteella-guardian-angel\/"},"modified":"2024-08-07T13:45:49","modified_gmt":"2024-08-07T10:45:49","slug":"magneetti-polkupyoran-nauha-kiinnitys-kiinnitettavissa-kiinnitettavissa-variantti-vartija-enkeli","status":"publish","type":"product","link":"https:\/\/kingarms.ee\/fi\/product\/magneetti-polkupyoran-nauha-kiinnitys-kiinnitettavissa-kiinnitettavissa-variantti-vartija-enkeli\/","title":{"rendered":"Magneettinen py\u00f6r\u00e4-\/ratsastushihnan kiinnitys {saatavana sis\u00e4\u00e4nvedett\u00e4v\u00e4ll\u00e4 lis\u00e4varusteella} (Guardian Angel)"},"content":{"rendered":"<p><img loading=\"lazy\" decoding=\"async\" class=\"alignnone size-full wp-image-73560\" src=\"https:\/\/kingarms.ee\/wp-content\/uploads\/2023\/01\/15669__98f967_b.jpg\" alt=\"\" width=\"1000\" height=\"1000\" srcset=\"https:\/\/kingarms.ee\/wp-content\/uploads\/2023\/01\/15669__98f967_b.jpg 1000w, https:\/\/kingarms.ee\/wp-content\/uploads\/2023\/01\/15669__98f967_b-300x300.jpg 300w, https:\/\/kingarms.ee\/wp-content\/uploads\/2023\/01\/15669__98f967_b-150x150.jpg 150w, https:\/\/kingarms.ee\/wp-content\/uploads\/2023\/01\/15669__98f967_b-768x768.jpg 768w, https:\/\/kingarms.ee\/wp-content\/uploads\/2023\/01\/15669__98f967_b-500x500.jpg 500w\" sizes=\"auto, (max-width: 1000px) 100vw, 1000px\" \/><\/p>\n","protected":false},"excerpt":{"rendered":"<p>Magneettinen py\u00f6r\u00e4-\/ratsastushihnan kiinnitys {saatavana sis\u00e4\u00e4nvedett\u00e4v\u00e4ll\u00e4 lis\u00e4varusteella} (Guardian Angel)<\/p>\n<p>Kiinnittyy tukevasti mihin tahansa py\u00f6r\u00e4kiskoon\/kiskoon ja mahdollistaa helpon liikkumisen sis\u00e4\u00e4n\/ulos.<br \/>\nS\u00e4\u00e4dett\u00e4v\u00e4 tarranauha<br \/>\nEritt\u00e4in vahva neodyymimagneettinen kiinnitys<br \/>\nMukana valinnaiset ruuvit<br \/>\nKumikiinnitys alareunassa takaa maksimaalisen monipuolisuuden.<br \/>\nYhteensopiva sek\u00e4 Elite- ett\u00e4 Micro-laitteiden kanssa<\/p>\n","protected":false},"featured_media":87457,"template":"","meta":{"_acf_changed":false},"product_brand":[],"product_cat":[860],"product_tag":[],"class_list":{"0":"post-73573","1":"product","2":"type-product","3":"status-publish","4":"has-post-thumbnail","6":"product_cat-poliisi-armeija","8":"first","9":"instock","10":"taxable","11":"shipping-taxable","12":"purchasable","13":"product-type-simple"},"acf":[],"_links":{"self":[{"href":"https:\/\/kingarms.ee\/fi\/wp-json\/wp\/v2\/product\/73573","targetHints":{"allow":["GET"]}}],"collection":[{"href":"https:\/\/kingarms.ee\/fi\/wp-json\/wp\/v2\/product"}],"about":[{"href":"https:\/\/kingarms.ee\/fi\/wp-json\/wp\/v2\/types\/product"}],"wp:featuredmedia":[{"embeddable":true,"href":"https:\/\/kingarms.ee\/fi\/wp-json\/wp\/v2\/media\/87457"}],"wp:attachment":[{"href":"https:\/\/kingarms.ee\/fi\/wp-json\/wp\/v2\/media?parent=73573"}],"wp:term":[{"taxonomy":"product_brand","embeddable":true,"href":"https:\/\/kingarms.ee\/fi\/wp-json\/wp\/v2\/product_brand?post=73573"},{"taxonomy":"product_cat","embeddable":true,"href":"https:\/\/kingarms.ee\/fi\/wp-json\/wp\/v2\/product_cat?post=73573"},{"taxonomy":"product_tag","embeddable":true,"href":"https:\/\/kingarms.ee\/fi\/wp-json\/wp\/v2\/product_tag?post=73573"}],"curies":[{"name":"wp","href":"https:\/\/api.w.org\/{rel}","templated":true}]}}