{"id":73589,"date":"2023-01-18T18:47:19","date_gmt":"2023-01-18T15:48:26","guid":{"rendered":"https:\/\/kingarms.ee\/product\/magneettinen-suojakyparan-hihnakiinnitys-saatavana-sisaanvedettavalla-lisavarusteella-guardian-angel\/"},"modified":"2024-08-07T13:45:08","modified_gmt":"2024-08-07T10:45:08","slug":"magnetiitti-kobra-hihna-kiinnitys-kiinnitettavissa-ruuvilla-variantti-vartija-enkeli","status":"publish","type":"product","link":"https:\/\/kingarms.ee\/fi\/product\/magnetiitti-kobra-hihna-kiinnitys-kiinnitettavissa-ruuvilla-variantti-vartija-enkeli\/","title":{"rendered":"Magneettinen suojakyp\u00e4r\u00e4n hihnakiinnitys {saatavana sis\u00e4\u00e4nvedett\u00e4v\u00e4ll\u00e4 lis\u00e4varusteella} (Guardian Angel)"},"content":{"rendered":"<p><img loading=\"lazy\" decoding=\"async\" class=\"alignnone size-full wp-image-73576\" src=\"https:\/\/kingarms.ee\/wp-content\/uploads\/2023\/01\/15056__bffed4_b.jpg\" alt=\"\" width=\"1000\" height=\"1000\" srcset=\"https:\/\/kingarms.ee\/wp-content\/uploads\/2023\/01\/15056__bffed4_b.jpg 1000w, https:\/\/kingarms.ee\/wp-content\/uploads\/2023\/01\/15056__bffed4_b-300x300.jpg 300w, https:\/\/kingarms.ee\/wp-content\/uploads\/2023\/01\/15056__bffed4_b-150x150.jpg 150w, https:\/\/kingarms.ee\/wp-content\/uploads\/2023\/01\/15056__bffed4_b-768x768.jpg 768w, https:\/\/kingarms.ee\/wp-content\/uploads\/2023\/01\/15056__bffed4_b-500x500.jpg 500w\" sizes=\"auto, (max-width: 1000px) 100vw, 1000px\" \/><\/p>\n","protected":false},"excerpt":{"rendered":"<p>Magneettinen suojakyp\u00e4r\u00e4n hihnakiinnitys {saatavana sis\u00e4\u00e4nvedett\u00e4v\u00e4ll\u00e4 lis\u00e4varusteella} (Guardian Angel)<\/p>\n<p>Valjaat sopivat kaikkiin kyp\u00e4riin, palokyp\u00e4riin ja suojakyp\u00e4r\u00e4\u00e4n.<br \/>\nK\u00e4yt\u00e4 mink\u00e4 tahansa Elite\u2122- ja\/tai Micro\u2122-laitteen kanssa 360 asteen handsfree-valaistusta varten.<br \/>\nKiinnitt\u00e4\u00e4 GA-laitteen (-laitteet) magneettisesti mihin tahansa kyp\u00e4r\u00e4\u00e4n tai kyp\u00e4r\u00e4nsuojaan.<br \/>\nMukana 2x s\u00e4\u00e4dett\u00e4v\u00e4t magneettikiinnikkeet<br \/>\nOsta lis\u00e4\u00e4 magneettikiinnikkeit\u00e4 rajattomaan monipuolisuuteen<br \/>\nYhteensopiva sek\u00e4 Elite- ett\u00e4 Micro-laitteiden kanssa<\/p>\n","protected":false},"featured_media":73582,"template":"","meta":{"_acf_changed":false},"product_brand":[],"product_cat":[860],"product_tag":[],"class_list":{"0":"post-73589","1":"product","2":"type-product","3":"status-publish","4":"has-post-thumbnail","6":"product_cat-poliisi-armeija","8":"first","9":"instock","10":"taxable","11":"shipping-taxable","12":"purchasable","13":"product-type-simple"},"acf":[],"_links":{"self":[{"href":"https:\/\/kingarms.ee\/fi\/wp-json\/wp\/v2\/product\/73589","targetHints":{"allow":["GET"]}}],"collection":[{"href":"https:\/\/kingarms.ee\/fi\/wp-json\/wp\/v2\/product"}],"about":[{"href":"https:\/\/kingarms.ee\/fi\/wp-json\/wp\/v2\/types\/product"}],"wp:featuredmedia":[{"embeddable":true,"href":"https:\/\/kingarms.ee\/fi\/wp-json\/wp\/v2\/media\/73582"}],"wp:attachment":[{"href":"https:\/\/kingarms.ee\/fi\/wp-json\/wp\/v2\/media?parent=73589"}],"wp:term":[{"taxonomy":"product_brand","embeddable":true,"href":"https:\/\/kingarms.ee\/fi\/wp-json\/wp\/v2\/product_brand?post=73589"},{"taxonomy":"product_cat","embeddable":true,"href":"https:\/\/kingarms.ee\/fi\/wp-json\/wp\/v2\/product_cat?post=73589"},{"taxonomy":"product_tag","embeddable":true,"href":"https:\/\/kingarms.ee\/fi\/wp-json\/wp\/v2\/product_tag?post=73589"}],"curies":[{"name":"wp","href":"https:\/\/api.w.org\/{rel}","templated":true}]}}