{"id":73606,"date":"2023-01-18T18:53:45","date_gmt":"2023-01-18T15:54:44","guid":{"rendered":"https:\/\/kingarms.ee\/product\/magneettinen-pyoran-ratsastushihnan-kiinnitys-guardian-angel\/"},"modified":"2024-08-07T13:44:25","modified_gmt":"2024-08-07T10:44:25","slug":"magneettinen-kannettava-polkupyora-rengas-kiinnitys-vartija-enkeli","status":"publish","type":"product","link":"https:\/\/kingarms.ee\/fi\/product\/magneettinen-kannettava-polkupyora-rengas-kiinnitys-vartija-enkeli\/","title":{"rendered":"Magneettinen py\u00f6r\u00e4n\/ratsastushihnan kiinnitys (Guardian Angel)"},"content":{"rendered":"<p><img loading=\"lazy\" decoding=\"async\" class=\"alignnone size-full wp-image-73593\" src=\"https:\/\/kingarms.ee\/wp-content\/uploads\/2023\/01\/15678__8d80ec_b.jpg\" alt=\"\" width=\"1000\" height=\"1000\" srcset=\"https:\/\/kingarms.ee\/wp-content\/uploads\/2023\/01\/15678__8d80ec_b.jpg 1000w, https:\/\/kingarms.ee\/wp-content\/uploads\/2023\/01\/15678__8d80ec_b-300x300.jpg 300w, https:\/\/kingarms.ee\/wp-content\/uploads\/2023\/01\/15678__8d80ec_b-150x150.jpg 150w, https:\/\/kingarms.ee\/wp-content\/uploads\/2023\/01\/15678__8d80ec_b-768x768.jpg 768w, https:\/\/kingarms.ee\/wp-content\/uploads\/2023\/01\/15678__8d80ec_b-500x500.jpg 500w\" sizes=\"auto, (max-width: 1000px) 100vw, 1000px\" \/><\/p>\n","protected":false},"excerpt":{"rendered":"<p>Magneettinen py\u00f6r\u00e4n\/ratsastushihnan kiinnitys (Guardian Angel)<\/p>\n<p>Kiinnittyy turvallisesti mihin tahansa vaaka- tai pystysuoraan kiskoon\/pylv\u00e4\u00e4seen.<br \/>\nS\u00e4\u00e4dett\u00e4v\u00e4 tarranauha sopii halkaisijaltaan 1\u2033-3\u2033 putkille.<br \/>\n180 astetta s\u00e4\u00e4dett\u00e4v\u00e4 valon suuntaus<br \/>\nEritt\u00e4in luja neodyymimagneettinen kiinnike<br \/>\nMukana valinnaiset ruuvit (kiinnityspultteja varten)<br \/>\nKumikiinnitys alareunassa takaa maksimaalisen monipuolisuuden.<\/p>\n","protected":false},"featured_media":73599,"template":"","meta":{"_acf_changed":false},"product_brand":[],"product_cat":[860],"product_tag":[],"class_list":{"0":"post-73606","1":"product","2":"type-product","3":"status-publish","4":"has-post-thumbnail","6":"product_cat-poliisi-armeija","8":"first","9":"instock","10":"taxable","11":"shipping-taxable","12":"purchasable","13":"product-type-simple"},"acf":[],"_links":{"self":[{"href":"https:\/\/kingarms.ee\/fi\/wp-json\/wp\/v2\/product\/73606","targetHints":{"allow":["GET"]}}],"collection":[{"href":"https:\/\/kingarms.ee\/fi\/wp-json\/wp\/v2\/product"}],"about":[{"href":"https:\/\/kingarms.ee\/fi\/wp-json\/wp\/v2\/types\/product"}],"wp:featuredmedia":[{"embeddable":true,"href":"https:\/\/kingarms.ee\/fi\/wp-json\/wp\/v2\/media\/73599"}],"wp:attachment":[{"href":"https:\/\/kingarms.ee\/fi\/wp-json\/wp\/v2\/media?parent=73606"}],"wp:term":[{"taxonomy":"product_brand","embeddable":true,"href":"https:\/\/kingarms.ee\/fi\/wp-json\/wp\/v2\/product_brand?post=73606"},{"taxonomy":"product_cat","embeddable":true,"href":"https:\/\/kingarms.ee\/fi\/wp-json\/wp\/v2\/product_cat?post=73606"},{"taxonomy":"product_tag","embeddable":true,"href":"https:\/\/kingarms.ee\/fi\/wp-json\/wp\/v2\/product_tag?post=73606"}],"curies":[{"name":"wp","href":"https:\/\/api.w.org\/{rel}","templated":true}]}}