{"id":73676,"date":"2023-01-19T11:41:49","date_gmt":"2023-01-19T08:44:06","guid":{"rendered":"https:\/\/kingarms.ee\/product\/punainen-vihrea-mikrosarja-r-g-guardian-angel\/"},"modified":"2024-08-07T13:42:16","modified_gmt":"2024-08-07T10:42:16","slug":"red-green-micro-series-r-g-guardian-angel","status":"publish","type":"product","link":"https:\/\/kingarms.ee\/fi\/product\/red-green-micro-series-r-g-guardian-angel\/","title":{"rendered":"Punainen\/vihre\u00e4 mikrosarja R\/G (Guardian Angel)"},"content":{"rendered":"<p><img loading=\"lazy\" decoding=\"async\" class=\"alignnone size-full wp-image-73663\" src=\"https:\/\/kingarms.ee\/wp-content\/uploads\/2023\/01\/14308__1f731f_b.jpg\" alt=\"\" width=\"873\" height=\"1000\" srcset=\"https:\/\/kingarms.ee\/wp-content\/uploads\/2023\/01\/14308__1f731f_b.jpg 873w, https:\/\/kingarms.ee\/wp-content\/uploads\/2023\/01\/14308__1f731f_b-262x300.jpg 262w, https:\/\/kingarms.ee\/wp-content\/uploads\/2023\/01\/14308__1f731f_b-768x880.jpg 768w, https:\/\/kingarms.ee\/wp-content\/uploads\/2023\/01\/14308__1f731f_b-500x573.jpg 500w, https:\/\/kingarms.ee\/wp-content\/uploads\/2023\/01\/14308__1f731f_b-150x172.jpg 150w\" sizes=\"auto, (max-width: 873px) 100vw, 873px\" \/><\/p>\n","protected":false},"excerpt":{"rendered":"<p>(Guardian Angel)<\/p>\n<p>Guardian Angel -laitteiden kehitt\u00e4misen ytimess\u00e4 on usko siihen, ett\u00e4 henkil\u00f6kohtainen salamateknologia tekee maailmasta turvallisemman paikan. Teht\u00e4v\u00e4mme on pelastaa ihmishenki\u00e4 kehitt\u00e4m\u00e4ll\u00e4 innovatiivisia, huipputeknisi\u00e4, puettavia turvalaitteita, jotka ovat tarpeeksi kest\u00e4vi\u00e4 kest\u00e4\u00e4kseen lainvalvontaviranomaisten ja ensivasteyksik\u00f6iden toiminnan etulinjassa, mutta silti tarpeeksi k\u00e4yt\u00e4nn\u00f6llisi\u00e4 ja monipuolisia ollakseen jokaisen tienvarsiammattilaisen, rakennusty\u00f6maan tai ulkoilmael\u00e4m\u00e4n seikkailijan v\u00e4ltt\u00e4m\u00e4t\u00f6n ty\u00f6kalu.<\/p>\n<p>&nbsp;<\/p>\n<p>Guardian Angelin vakiovarusteena on patentoitu magneettinen kiinnitysj\u00e4rjestelm\u00e4, joka sis\u00e4lt\u00e4\u00e4 sek\u00e4 sis\u00e4\u00e4nrakennetun harvinaisten maametallien neodyymimagneetin ett\u00e4 vastaavan harvinaisten maametallien magneettikiinnikkeen. N\u00e4iden kahden magneetin v\u00e4linen sidos aiheuttaa vaikuttavan 9 kg:n magneettivoiman, kun ne ovat kosketuksissa toisiinsa. T\u00e4m\u00e4n innovatiivisen j\u00e4rjestelm\u00e4n ansiosta Guardian Angel voidaan asentaa l\u00e4hes mihin tahansa.<\/p>\n<p>&nbsp;<\/p>\n<p>VALMIS JOKA KERTA!<\/p>\n<p>Se kaikki on p\u00e4iv\u00e4n ty\u00f6t\u00e4. Guardian Angel -laite on k\u00e4yt\u00e4nn\u00f6ss\u00e4 tuhoutumaton miss\u00e4 ja milloin tahansa, ja se tarjoaa turvallisuutta, joka kest\u00e4\u00e4. Luota siihen, ett\u00e4 suojelusenkeli on valmis olemaan kanssasi tunti tunnilta, vuoro vuorolta. Jokainen laite on luotettava kumppani, joka pit\u00e4\u00e4 sinut n\u00e4kyvill\u00e4, valaisee tiesi ja opastaa sinut turvallisesti kotiin.<\/p>\n<p>&nbsp;<\/p>\n<p>RAKENNETTU KEST\u00c4M\u00c4\u00c4N &#8211; KYLL\u00c4, OLEMME YRITT\u00c4NEET HAJOTTAA SEN.<\/p>\n<p>IP68-luokiteltu, kest\u00e4v\u00e4, iskunkest\u00e4v\u00e4, veden- ja p\u00f6lynkest\u00e4v\u00e4 ja kest\u00e4\u00e4 \u00e4\u00e4rimm\u00e4isi\u00e4 ty\u00f6- ja s\u00e4\u00e4olosuhteita. Pudotustesti 152 metrist\u00e4 ja edelleen t\u00e4ysin toimintakunnossa.<\/p>\n<p>&nbsp;<\/p>\n<p>T\u00e4ytt\u00e4\u00e4 USCG:n ohjeet &#8211; et\u00e4isyys, v\u00e4ri, voimakkuus, vaaka- ja pystysuorat sektorit.<br \/>\nExtra light &#8211; noin 2 oz<br \/>\nKest\u00e4v\u00e4 &#8211; vesitiivis, p\u00f6lytiivis, iskunkest\u00e4v\u00e4<br \/>\nPitk\u00e4n kantaman n\u00e4kyvyys &#8211; jopa yli 3 kilometrin n\u00e4kyvyys suuritehoisten valodiodien avulla, 360\u00b0 valaistus.<br \/>\nNelj\u00e4 eri kirkkausasetusta &#8211; matala, keskitaso, korkea ja maksimikirkkaus.<br \/>\n\u00c4\u00e4rimm\u00e4isen pitk\u00e4 akunkesto &#8211; ladattava litiumioniakku C-tyypin latauskaapelilla (mukana).<br \/>\nSis\u00e4\u00e4nrakennettu magneettinen kiinnitysj\u00e4rjestelm\u00e4 &#8211; Sis\u00e4\u00e4nrakennettu neodyymimagneetti ja vastaava magneettijalusta (mukana). Kiinnitys voidaan sijoittaa mink\u00e4 tahansa vaatteen alle, laite kiinnittyy vaatteen ulkopuolelle.<br \/>\n360\u00b0 valaistuskuviot &#8211; etu- ja taka-LEDit voidaan asettaa jatkuvaan palamiseen, jatkuvaan vilkkumiseen tai juoksevaan sekvenssiin.<br \/>\nAkun k\u00e4ytt\u00f6i\u00e4n merkkivalo &#8211; nopea painallus n\u00e4ytt\u00e4\u00e4 j\u00e4ljell\u00e4 olevan akun k\u00e4ytt\u00f6i\u00e4n helposti luettavassa LED-merkkivalossa.<br \/>\nRiippumattomat valons\u00e4\u00e4timet &#8211; 4 erilaista valons\u00e4\u00e4dint\u00e4 takaavat maksimaalisen valaistuksen monipuolisuuden, mukaan lukien kaikki vilkkuvat h\u00e4t\u00e4tilat.<br \/>\nPunainen ty\u00f6valotoiminto &#8211; yksi punainen LED-ty\u00f6valo h\u00e4m\u00e4r\u00e4ss\u00e4.<br \/>\nSOS-taskulampputila &#8211; painikkeen nopea painallus ja pit\u00e4minen painettuna vaihtaa laitteen SOS-taskulampputilaan.<br \/>\nLis\u00e4varusteet &#8211; Yhteensopiva kaikkien Guardian Angel -lis\u00e4varusteiden kanssa.<br \/>\nLaitepainos &#8211; GUARDIAN ANGEL MICRO\u2122<\/p>\n","protected":false},"featured_media":87925,"template":"","meta":{"_acf_changed":false},"product_brand":[],"product_cat":[860],"product_tag":[],"class_list":{"0":"post-73676","1":"product","2":"type-product","3":"status-publish","4":"has-post-thumbnail","6":"product_cat-poliisi-armeija","8":"first","9":"instock","10":"taxable","11":"shipping-taxable","12":"purchasable","13":"product-type-simple"},"acf":[],"_links":{"self":[{"href":"https:\/\/kingarms.ee\/fi\/wp-json\/wp\/v2\/product\/73676","targetHints":{"allow":["GET"]}}],"collection":[{"href":"https:\/\/kingarms.ee\/fi\/wp-json\/wp\/v2\/product"}],"about":[{"href":"https:\/\/kingarms.ee\/fi\/wp-json\/wp\/v2\/types\/product"}],"wp:featuredmedia":[{"embeddable":true,"href":"https:\/\/kingarms.ee\/fi\/wp-json\/wp\/v2\/media\/87925"}],"wp:attachment":[{"href":"https:\/\/kingarms.ee\/fi\/wp-json\/wp\/v2\/media?parent=73676"}],"wp:term":[{"taxonomy":"product_brand","embeddable":true,"href":"https:\/\/kingarms.ee\/fi\/wp-json\/wp\/v2\/product_brand?post=73676"},{"taxonomy":"product_cat","embeddable":true,"href":"https:\/\/kingarms.ee\/fi\/wp-json\/wp\/v2\/product_cat?post=73676"},{"taxonomy":"product_tag","embeddable":true,"href":"https:\/\/kingarms.ee\/fi\/wp-json\/wp\/v2\/product_tag?post=73676"}],"curies":[{"name":"wp","href":"https:\/\/api.w.org\/{rel}","templated":true}]}}