{"id":73878,"date":"2023-01-19T13:53:57","date_gmt":"2023-01-19T10:54:51","guid":{"rendered":"https:\/\/kingarms.ee\/product\/valkoinen-ja-keltainen-eliitti-wy-wy-guardian-angel\/"},"modified":"2025-05-02T13:02:44","modified_gmt":"2025-05-02T10:02:44","slug":"white-and-yellow-elliptic-wy-wy-guardian-angel","status":"publish","type":"product","link":"https:\/\/kingarms.ee\/fi\/product\/white-and-yellow-elliptic-wy-wy-guardian-angel\/","title":{"rendered":"Valkoinen ja keltainen eliitti WY\/WY (Guardian Angel)."},"content":{"rendered":"<p><img loading=\"lazy\" decoding=\"async\" class=\"alignnone size-full wp-image-73873\" src=\"https:\/\/kingarms.ee\/wp-content\/uploads\/2023\/01\/15634__bd2c9f_b.jpg\" alt=\"\" width=\"1000\" height=\"1000\" srcset=\"https:\/\/kingarms.ee\/wp-content\/uploads\/2023\/01\/15634__bd2c9f_b.jpg 1000w, https:\/\/kingarms.ee\/wp-content\/uploads\/2023\/01\/15634__bd2c9f_b-300x300.jpg 300w, https:\/\/kingarms.ee\/wp-content\/uploads\/2023\/01\/15634__bd2c9f_b-150x150.jpg 150w, https:\/\/kingarms.ee\/wp-content\/uploads\/2023\/01\/15634__bd2c9f_b-768x768.jpg 768w, https:\/\/kingarms.ee\/wp-content\/uploads\/2023\/01\/15634__bd2c9f_b-500x500.jpg 500w\" sizes=\"auto, (max-width: 1000px) 100vw, 1000px\" \/><\/p>\n","protected":false},"excerpt":{"rendered":"<p><strong>Suojelusenkeli<\/strong><\/p>\n<p>Kevyt &#8211; noin 3.25 Oz \/ 92.14 g<br \/>\nKest\u00e4v\u00e4 &#8211; vesitiivis, p\u00f6lytiivis, iskunkest\u00e4v\u00e4, IP68-luokiteltu.<br \/>\nPitk\u00e4n kantaman n\u00e4kyvyys &#8211; jopa yli 5 kilometrin n\u00e4kyvyys suuritehoisten valodiodien avulla, 360\u00b0 valaistus.<br \/>\nNelj\u00e4 eri kirkkausasetusta &#8211; matala, keskitaso, korkea ja maksimikirkkaus.<br \/>\n\u00c4\u00e4rimm\u00e4isen pitk\u00e4 akunkesto &#8211; ladattava litiumioniakku C-tyypin latauskaapelilla (mukana).<br \/>\nSis\u00e4\u00e4nrakennettu magneettinen kiinnitysj\u00e4rjestelm\u00e4 &#8211; Sis\u00e4\u00e4nrakennettu neodyymimagneetti ja siihen sopiva magneettikiinnike (sis\u00e4ltyy toimitukseen) kiinnittyy l\u00e4hes mihin tahansa pintaan.<br \/>\nTasaisesti p\u00e4\u00e4ll\u00e4 tai vilkkuvat kuviot &#8211; Molemmilla puolilla on asetukset tasaisesti p\u00e4\u00e4ll\u00e4 tai vilkkuville kuvioille.<br \/>\nSOS-taskulampputila &#8211; nopea painallus asettaa laitteen SOS-taskulampputilaan.<br \/>\nRiippumattomat valons\u00e4\u00e4timet &#8211; 4 erilaista valons\u00e4\u00e4dint\u00e4 tarjoavat maksimaalisen valaistuksen monipuolisuuden, mukaan lukien vilkkuva h\u00e4t\u00e4tila.<br \/>\nPunainen ty\u00f6valotoiminto &#8211; yksi punainen LED-ty\u00f6valo h\u00e4m\u00e4r\u00e4ss\u00e4.<br \/>\nAkun k\u00e4ytt\u00f6i\u00e4n ilmaisin &#8211; pit\u00e4m\u00e4ll\u00e4 pikan\u00e4pp\u00e4int\u00e4 alhaalla n\u00e4ytet\u00e4\u00e4n akun j\u00e4ljell\u00e4 oleva k\u00e4ytt\u00f6ik\u00e4 helposti luettavassa LED-ilmaisimessa.<br \/>\nKoko &#8211; 6,98 x 4,76 x 2,54 cm.<\/p>\n","protected":false},"featured_media":73875,"template":"","meta":{"_acf_changed":false},"product_brand":[],"product_cat":[860],"product_tag":[],"class_list":{"0":"post-73878","1":"product","2":"type-product","3":"status-publish","4":"has-post-thumbnail","6":"product_cat-poliisi-armeija","8":"first","9":"instock","10":"taxable","11":"shipping-taxable","12":"purchasable","13":"product-type-simple"},"acf":[],"_links":{"self":[{"href":"https:\/\/kingarms.ee\/fi\/wp-json\/wp\/v2\/product\/73878","targetHints":{"allow":["GET"]}}],"collection":[{"href":"https:\/\/kingarms.ee\/fi\/wp-json\/wp\/v2\/product"}],"about":[{"href":"https:\/\/kingarms.ee\/fi\/wp-json\/wp\/v2\/types\/product"}],"wp:featuredmedia":[{"embeddable":true,"href":"https:\/\/kingarms.ee\/fi\/wp-json\/wp\/v2\/media\/73875"}],"wp:attachment":[{"href":"https:\/\/kingarms.ee\/fi\/wp-json\/wp\/v2\/media?parent=73878"}],"wp:term":[{"taxonomy":"product_brand","embeddable":true,"href":"https:\/\/kingarms.ee\/fi\/wp-json\/wp\/v2\/product_brand?post=73878"},{"taxonomy":"product_cat","embeddable":true,"href":"https:\/\/kingarms.ee\/fi\/wp-json\/wp\/v2\/product_cat?post=73878"},{"taxonomy":"product_tag","embeddable":true,"href":"https:\/\/kingarms.ee\/fi\/wp-json\/wp\/v2\/product_tag?post=73878"}],"curies":[{"name":"wp","href":"https:\/\/api.w.org\/{rel}","templated":true}]}}