{"id":73934,"date":"2023-01-19T19:12:16","date_gmt":"2023-01-19T16:14:37","guid":{"rendered":"https:\/\/kingarms.ee\/product\/autolaturi-c-tyypin-kaapelilla-guardian-angel\/"},"modified":"2025-05-02T12:50:42","modified_gmt":"2025-05-02T09:50:42","slug":"autolaturi-tyyppi-c-kaapeli-suoja-enkeli","status":"publish","type":"product","link":"https:\/\/kingarms.ee\/fi\/product\/autolaturi-tyyppi-c-kaapeli-suoja-enkeli\/","title":{"rendered":"Autolaturi C-tyypin kaapelilla (Guardian Angel)"},"content":{"rendered":"<p><img loading=\"lazy\" decoding=\"async\" class=\"alignnone size-full wp-image-73929\" src=\"https:\/\/kingarms.ee\/wp-content\/uploads\/2023\/01\/ELT-CC-M-2-scaled-1000x1000-1.jpg\" alt=\"\" width=\"1000\" height=\"1000\" srcset=\"https:\/\/kingarms.ee\/wp-content\/uploads\/2023\/01\/ELT-CC-M-2-scaled-1000x1000-1.jpg 1000w, https:\/\/kingarms.ee\/wp-content\/uploads\/2023\/01\/ELT-CC-M-2-scaled-1000x1000-1-300x300.jpg 300w, https:\/\/kingarms.ee\/wp-content\/uploads\/2023\/01\/ELT-CC-M-2-scaled-1000x1000-1-150x150.jpg 150w, https:\/\/kingarms.ee\/wp-content\/uploads\/2023\/01\/ELT-CC-M-2-scaled-1000x1000-1-768x768.jpg 768w, https:\/\/kingarms.ee\/wp-content\/uploads\/2023\/01\/ELT-CC-M-2-scaled-1000x1000-1-500x500.jpg 500w\" sizes=\"auto, (max-width: 1000px) 100vw, 1000px\" \/><\/p>\n","protected":false},"excerpt":{"rendered":"<p><strong>C-tyypin kaapelilla varustettu autolaturi<\/strong><\/p>\n<p>Liittyy mihin tahansa ajoneuvoon nopeaa latausta varten liikkeell\u00e4 ollessa<br \/>\nMukana USB Type-C -latauskaapeli<br \/>\nKaksinkertainen (2x) USB-portti<br \/>\nTuloj\u00e4nnite: DC12V~24V<br \/>\nL\u00e4ht\u00f6j\u00e4nnite: 5V<br \/>\nL\u00e4ht\u00f6virta: 4,8A (MAX)<\/p>\n","protected":false},"featured_media":73931,"template":"","meta":{"_acf_changed":false},"product_brand":[],"product_cat":[860],"product_tag":[],"class_list":{"0":"post-73934","1":"product","2":"type-product","3":"status-publish","4":"has-post-thumbnail","6":"product_cat-poliisi-armeija","8":"first","9":"onbackorder","10":"taxable","11":"shipping-taxable","12":"product-type-simple"},"acf":[],"_links":{"self":[{"href":"https:\/\/kingarms.ee\/fi\/wp-json\/wp\/v2\/product\/73934","targetHints":{"allow":["GET"]}}],"collection":[{"href":"https:\/\/kingarms.ee\/fi\/wp-json\/wp\/v2\/product"}],"about":[{"href":"https:\/\/kingarms.ee\/fi\/wp-json\/wp\/v2\/types\/product"}],"wp:featuredmedia":[{"embeddable":true,"href":"https:\/\/kingarms.ee\/fi\/wp-json\/wp\/v2\/media\/73931"}],"wp:attachment":[{"href":"https:\/\/kingarms.ee\/fi\/wp-json\/wp\/v2\/media?parent=73934"}],"wp:term":[{"taxonomy":"product_brand","embeddable":true,"href":"https:\/\/kingarms.ee\/fi\/wp-json\/wp\/v2\/product_brand?post=73934"},{"taxonomy":"product_cat","embeddable":true,"href":"https:\/\/kingarms.ee\/fi\/wp-json\/wp\/v2\/product_cat?post=73934"},{"taxonomy":"product_tag","embeddable":true,"href":"https:\/\/kingarms.ee\/fi\/wp-json\/wp\/v2\/product_tag?post=73934"}],"curies":[{"name":"wp","href":"https:\/\/api.w.org\/{rel}","templated":true}]}}