{"id":74022,"date":"2023-01-30T14:42:15","date_gmt":"2023-01-30T11:42:47","guid":{"rendered":"https:\/\/kingarms.ee\/product\/latausasema-lipo-li-ion-life-ipower\/"},"modified":"2025-05-02T12:48:07","modified_gmt":"2025-05-02T09:48:07","slug":"latausasema-lipo-li-ion-life-ipower","status":"publish","type":"product","link":"https:\/\/kingarms.ee\/fi\/product\/latausasema-lipo-li-ion-life-ipower\/","title":{"rendered":"Latausasema &#8211; LiPo\/Li-ion\/LiFe [IPOWER]"},"content":{"rendered":"<p><img loading=\"lazy\" decoding=\"async\" class=\"alignnone size-full wp-image-74014\" src=\"https:\/\/kingarms.ee\/wp-content\/uploads\/2023\/01\/PARALLEL-CHARGING-BOARD1.jpg\" alt=\"\" width=\"640\" height=\"480\" srcset=\"https:\/\/kingarms.ee\/wp-content\/uploads\/2023\/01\/PARALLEL-CHARGING-BOARD1.jpg 640w, https:\/\/kingarms.ee\/wp-content\/uploads\/2023\/01\/PARALLEL-CHARGING-BOARD1-300x225.jpg 300w, https:\/\/kingarms.ee\/wp-content\/uploads\/2023\/01\/PARALLEL-CHARGING-BOARD1-600x450.jpg 600w, https:\/\/kingarms.ee\/wp-content\/uploads\/2023\/01\/PARALLEL-CHARGING-BOARD1-500x375.jpg 500w, https:\/\/kingarms.ee\/wp-content\/uploads\/2023\/01\/PARALLEL-CHARGING-BOARD1-150x113.jpg 150w\" sizes=\"auto, (max-width: 640px) 100vw, 640px\" \/><\/p>\n","protected":false},"excerpt":{"rendered":"<p><strong>Latausasema &#8211; LiPo\/Li-ion\/LiFe<\/strong><\/p>\n<p>Sovitin jopa 5 saman akun rinnakkaiseen ja samanaikaiseen lataamiseen. T\u00e4m\u00e4 lyhent\u00e4\u00e4 huomattavasti useiden akkujen latausaikaa.<\/p>\n<p>Pystyy lataamaan 7,4V tai 11,1V LiPo \/ Li-ion \/ LiFe akkuja.<br \/>\nOn suositeltavaa ladata kapasiteetiltaan ja j\u00e4nnitteelt\u00e4\u00e4n samanlaisia akkuja samanaikaisesti.<br \/>\n\u00c4l\u00e4 liit\u00e4 eri kapasiteettia ja j\u00e4nnitett\u00e4 olevia akkuja samanaikaisesti.<\/p>\n","protected":false},"featured_media":74016,"template":"","meta":{"_acf_changed":false},"product_brand":[],"product_cat":[654],"product_tag":[],"class_list":{"0":"post-74022","1":"product","2":"type-product","3":"status-publish","4":"has-post-thumbnail","6":"product_cat-lataajat","8":"first","9":"instock","10":"taxable","11":"shipping-taxable","12":"purchasable","13":"product-type-simple"},"acf":[],"_links":{"self":[{"href":"https:\/\/kingarms.ee\/fi\/wp-json\/wp\/v2\/product\/74022","targetHints":{"allow":["GET"]}}],"collection":[{"href":"https:\/\/kingarms.ee\/fi\/wp-json\/wp\/v2\/product"}],"about":[{"href":"https:\/\/kingarms.ee\/fi\/wp-json\/wp\/v2\/types\/product"}],"wp:featuredmedia":[{"embeddable":true,"href":"https:\/\/kingarms.ee\/fi\/wp-json\/wp\/v2\/media\/74016"}],"wp:attachment":[{"href":"https:\/\/kingarms.ee\/fi\/wp-json\/wp\/v2\/media?parent=74022"}],"wp:term":[{"taxonomy":"product_brand","embeddable":true,"href":"https:\/\/kingarms.ee\/fi\/wp-json\/wp\/v2\/product_brand?post=74022"},{"taxonomy":"product_cat","embeddable":true,"href":"https:\/\/kingarms.ee\/fi\/wp-json\/wp\/v2\/product_cat?post=74022"},{"taxonomy":"product_tag","embeddable":true,"href":"https:\/\/kingarms.ee\/fi\/wp-json\/wp\/v2\/product_tag?post=74022"}],"curies":[{"name":"wp","href":"https:\/\/api.w.org\/{rel}","templated":true}]}}