{"id":74036,"date":"2023-01-30T15:08:51","date_gmt":"2023-01-30T12:09:22","guid":{"rendered":"https:\/\/kingarms.ee\/product\/laakintalaukku-multicam-8fields\/"},"modified":"2025-05-02T12:45:48","modified_gmt":"2025-05-02T09:45:48","slug":"laaketieteellinen-laukku-multicam-8fields","status":"publish","type":"product","link":"https:\/\/kingarms.ee\/fi\/product\/laaketieteellinen-laukku-multicam-8fields\/","title":{"rendered":"L\u00e4\u00e4kint\u00e4laukku &#8211; Multicam (8FIELDS)"},"content":{"rendered":"<p><img loading=\"lazy\" decoding=\"async\" class=\"alignnone size-full wp-image-74027\" src=\"https:\/\/kingarms.ee\/wp-content\/uploads\/2023\/01\/2342231_M51613160-CP3.jpg\" alt=\"\" width=\"640\" height=\"480\" srcset=\"https:\/\/kingarms.ee\/wp-content\/uploads\/2023\/01\/2342231_M51613160-CP3.jpg 640w, https:\/\/kingarms.ee\/wp-content\/uploads\/2023\/01\/2342231_M51613160-CP3-300x225.jpg 300w, https:\/\/kingarms.ee\/wp-content\/uploads\/2023\/01\/2342231_M51613160-CP3-600x450.jpg 600w, https:\/\/kingarms.ee\/wp-content\/uploads\/2023\/01\/2342231_M51613160-CP3-500x375.jpg 500w, https:\/\/kingarms.ee\/wp-content\/uploads\/2023\/01\/2342231_M51613160-CP3-150x113.jpg 150w\" sizes=\"auto, (max-width: 640px) 100vw, 640px\" \/><\/p>\n","protected":false},"excerpt":{"rendered":"<h2><strong>L\u00e4\u00e4kint\u00e4laukku &#8211; Multicam<\/strong><\/h2>\n<p>MOLLE Medic -laukku on ihanteellinen henkil\u00f6kohtaisille perusl\u00e4\u00e4kint\u00e4pakkauksille. Pit\u00e4\u00e4 turvallisesti 2 vetoketjulla, jotka avautuvat t\u00e4ysin helppok\u00e4ytt\u00f6isiksi, 2x Molle-lenkki-lenkit takana. Pussin sis\u00e4ll\u00e4 kuminauhat l\u00e4\u00e4kinn\u00e4llisten tarvikkeiden s\u00e4ilytt\u00e4mist\u00e4 varten.<\/p>\n<p>HUOM! Laukku on tyhj\u00e4.<\/p>\n","protected":false},"featured_media":74029,"template":"","meta":{"_acf_changed":false},"product_brand":[],"product_cat":[481,646,264],"product_tag":[],"class_list":{"0":"post-74036","1":"product","2":"type-product","3":"status-publish","4":"has-post-thumbnail","6":"product_cat-ensiapu","7":"product_cat-taskut","8":"product_cat-taskut-laukut-vyot","10":"first","11":"instock","12":"taxable","13":"shipping-taxable","14":"purchasable","15":"product-type-simple"},"acf":[],"_links":{"self":[{"href":"https:\/\/kingarms.ee\/fi\/wp-json\/wp\/v2\/product\/74036","targetHints":{"allow":["GET"]}}],"collection":[{"href":"https:\/\/kingarms.ee\/fi\/wp-json\/wp\/v2\/product"}],"about":[{"href":"https:\/\/kingarms.ee\/fi\/wp-json\/wp\/v2\/types\/product"}],"wp:featuredmedia":[{"embeddable":true,"href":"https:\/\/kingarms.ee\/fi\/wp-json\/wp\/v2\/media\/74029"}],"wp:attachment":[{"href":"https:\/\/kingarms.ee\/fi\/wp-json\/wp\/v2\/media?parent=74036"}],"wp:term":[{"taxonomy":"product_brand","embeddable":true,"href":"https:\/\/kingarms.ee\/fi\/wp-json\/wp\/v2\/product_brand?post=74036"},{"taxonomy":"product_cat","embeddable":true,"href":"https:\/\/kingarms.ee\/fi\/wp-json\/wp\/v2\/product_cat?post=74036"},{"taxonomy":"product_tag","embeddable":true,"href":"https:\/\/kingarms.ee\/fi\/wp-json\/wp\/v2\/product_tag?post=74036"}],"curies":[{"name":"wp","href":"https:\/\/api.w.org\/{rel}","templated":true}]}}