{"id":74088,"date":"2023-01-30T19:44:19","date_gmt":"2023-01-30T16:45:14","guid":{"rendered":"https:\/\/kingarms.ee\/product\/radiolahetin-1702gps-baofeng\/"},"modified":"2025-05-02T12:43:52","modified_gmt":"2025-05-02T09:43:52","slug":"radiolahetin-1702gps-baofeng-radiolahetin-1702gps-baofeng","status":"publish","type":"product","link":"https:\/\/kingarms.ee\/fi\/product\/radiolahetin-1702gps-baofeng-radiolahetin-1702gps-baofeng\/","title":{"rendered":"Radiol\u00e4hetin 1702GPS (Baofeng)"},"content":{"rendered":"<p><img loading=\"lazy\" decoding=\"async\" class=\"alignnone size-full wp-image-74066\" src=\"https:\/\/kingarms.ee\/wp-content\/uploads\/2023\/01\/baofeng-dual-band-dmr-digital-radio-gps-version-bf-dm1702gps.jpg\" alt=\"\" width=\"1000\" height=\"1000\" srcset=\"https:\/\/kingarms.ee\/wp-content\/uploads\/2023\/01\/baofeng-dual-band-dmr-digital-radio-gps-version-bf-dm1702gps.jpg 1000w, https:\/\/kingarms.ee\/wp-content\/uploads\/2023\/01\/baofeng-dual-band-dmr-digital-radio-gps-version-bf-dm1702gps-300x300.jpg 300w, https:\/\/kingarms.ee\/wp-content\/uploads\/2023\/01\/baofeng-dual-band-dmr-digital-radio-gps-version-bf-dm1702gps-150x150.jpg 150w, https:\/\/kingarms.ee\/wp-content\/uploads\/2023\/01\/baofeng-dual-band-dmr-digital-radio-gps-version-bf-dm1702gps-768x768.jpg 768w, https:\/\/kingarms.ee\/wp-content\/uploads\/2023\/01\/baofeng-dual-band-dmr-digital-radio-gps-version-bf-dm1702gps-500x500.jpg 500w\" sizes=\"auto, (max-width: 1000px) 100vw, 1000px\" \/><\/p>\n","protected":false},"excerpt":{"rendered":"<p><strong>Radiol\u00e4hetin 1702GPS<\/strong><\/p>\n<p>KAKSIKIELINEN DMR &#8211; UHF\/VHF-RADIO<br \/>\n1024 KANAVAA<br \/>\nDIGITAALINEN-ANALOGINEN YHTEENSOPIVUUS<br \/>\nTAAJUUSALUE:<br \/>\n&#8211; UHF 400-470 MHz<br \/>\n&#8211; VHF 136-174 MHz<br \/>\nL\u00c4HETYSTEHO 5W\/1W<br \/>\nANTENNI-impedanssit: 50\u03a9<br \/>\nUUSI: GPS-TOIMINTO<br \/>\nYhteensopiva MOTOROLA DMR:n kanssa<br \/>\nTOP LED-VALO<br \/>\nVALAISTU N\u00c4YTT\u00d6, JOSSA ON ENERGIANS\u00c4\u00c4ST\u00d6TOIMINTO<br \/>\nTAGUMISE RIhma KLAPP<br \/>\nK\u00c4DET KANDERILLE<br \/>\nMUKANA MICR, PTT JA KIINNITETT\u00c4V\u00c4 OKULAARI.<br \/>\nOHJELMOITAVA TIETOKONE MYYD\u00c4\u00c4N ERIKSEEN KAAPELIN KANSSA<br \/>\nMitat: 132mm x 62mm x 36mm<br \/>\nCAL 275g<br \/>\nLi-Ion 7,4 V x 2200 mAh AKKU JA LATAUSLAITE KASETTI<\/p>\n","protected":false},"featured_media":87629,"template":"","meta":{"_acf_changed":false},"product_brand":[],"product_cat":[666],"product_tag":[],"class_list":{"0":"post-74088","1":"product","2":"type-product","3":"status-publish","4":"has-post-thumbnail","6":"product_cat-lahettajat","8":"first","9":"onbackorder","10":"taxable","11":"shipping-taxable","12":"product-type-simple"},"acf":[],"_links":{"self":[{"href":"https:\/\/kingarms.ee\/fi\/wp-json\/wp\/v2\/product\/74088","targetHints":{"allow":["GET"]}}],"collection":[{"href":"https:\/\/kingarms.ee\/fi\/wp-json\/wp\/v2\/product"}],"about":[{"href":"https:\/\/kingarms.ee\/fi\/wp-json\/wp\/v2\/types\/product"}],"wp:featuredmedia":[{"embeddable":true,"href":"https:\/\/kingarms.ee\/fi\/wp-json\/wp\/v2\/media\/87629"}],"wp:attachment":[{"href":"https:\/\/kingarms.ee\/fi\/wp-json\/wp\/v2\/media?parent=74088"}],"wp:term":[{"taxonomy":"product_brand","embeddable":true,"href":"https:\/\/kingarms.ee\/fi\/wp-json\/wp\/v2\/product_brand?post=74088"},{"taxonomy":"product_cat","embeddable":true,"href":"https:\/\/kingarms.ee\/fi\/wp-json\/wp\/v2\/product_cat?post=74088"},{"taxonomy":"product_tag","embeddable":true,"href":"https:\/\/kingarms.ee\/fi\/wp-json\/wp\/v2\/product_tag?post=74088"}],"curies":[{"name":"wp","href":"https:\/\/api.w.org\/{rel}","templated":true}]}}