{"id":74204,"date":"2023-02-07T11:46:14","date_gmt":"2023-02-07T08:48:25","guid":{"rendered":"https:\/\/kingarms.ee\/product\/jope-emersongear-taytyy\/"},"modified":"2025-05-02T12:40:55","modified_gmt":"2025-05-02T09:40:55","slug":"takki-emersongear-musta","status":"publish","type":"product","link":"https:\/\/kingarms.ee\/fi\/product\/takki-emersongear-musta\/","title":{"rendered":"Jope EmersonGear (T\u00e4ytyy)"},"content":{"rendered":"<p><img loading=\"lazy\" decoding=\"async\" class=\"alignnone size-full wp-image-74199\" src=\"https:\/\/kingarms.ee\/wp-content\/uploads\/2023\/02\/chern.webp\" alt=\"\" width=\"1024\" height=\"768\" srcset=\"https:\/\/kingarms.ee\/wp-content\/uploads\/2023\/02\/chern.webp 1024w, https:\/\/kingarms.ee\/wp-content\/uploads\/2023\/02\/chern-300x225.webp 300w, https:\/\/kingarms.ee\/wp-content\/uploads\/2023\/02\/chern-768x576.webp 768w, https:\/\/kingarms.ee\/wp-content\/uploads\/2023\/02\/chern-600x450.webp 600w, https:\/\/kingarms.ee\/wp-content\/uploads\/2023\/02\/chern-500x375.webp 500w, https:\/\/kingarms.ee\/wp-content\/uploads\/2023\/02\/chern-150x113.webp 150w\" sizes=\"auto, (max-width: 1024px) 100vw, 1024px\" \/><\/p>\n","protected":false},"excerpt":{"rendered":"<p>EmersonGear-tuulitakki on suunniteltu k\u00e4ytett\u00e4v\u00e4ksi viile\u00e4mm\u00e4ll\u00e4 s\u00e4\u00e4ll\u00e4. Takki, jossa on vetoketju, huppu, kaksi rintataskua ja kaksi sivutaskua edess\u00e4, my\u00f6s vetoketju kosteussuojaa varten. Takki on valmistettu mustasta nailon- (85 %) ja elastaanipohjaisesta (15 %) materiaalista.<\/p>\n<p>Ominaisuudet:<\/p>\n<p>&#8211; huppu;<br \/>\n&#8211; taskut, joissa on vetoketjullinen kosteussuoja;<br \/>\n&#8211; musta v\u00e4ri.<\/p>\n","protected":false},"featured_media":74201,"template":"","meta":{"_acf_changed":false},"product_brand":[],"product_cat":[642],"product_tag":[],"class_list":{"0":"post-74204","1":"product","2":"type-product","3":"status-publish","4":"has-post-thumbnail","6":"product_cat-joped-fi","8":"first","9":"instock","10":"sale","11":"taxable","12":"shipping-taxable","13":"purchasable","14":"product-type-simple"},"acf":[],"_links":{"self":[{"href":"https:\/\/kingarms.ee\/fi\/wp-json\/wp\/v2\/product\/74204","targetHints":{"allow":["GET"]}}],"collection":[{"href":"https:\/\/kingarms.ee\/fi\/wp-json\/wp\/v2\/product"}],"about":[{"href":"https:\/\/kingarms.ee\/fi\/wp-json\/wp\/v2\/types\/product"}],"wp:featuredmedia":[{"embeddable":true,"href":"https:\/\/kingarms.ee\/fi\/wp-json\/wp\/v2\/media\/74201"}],"wp:attachment":[{"href":"https:\/\/kingarms.ee\/fi\/wp-json\/wp\/v2\/media?parent=74204"}],"wp:term":[{"taxonomy":"product_brand","embeddable":true,"href":"https:\/\/kingarms.ee\/fi\/wp-json\/wp\/v2\/product_brand?post=74204"},{"taxonomy":"product_cat","embeddable":true,"href":"https:\/\/kingarms.ee\/fi\/wp-json\/wp\/v2\/product_cat?post=74204"},{"taxonomy":"product_tag","embeddable":true,"href":"https:\/\/kingarms.ee\/fi\/wp-json\/wp\/v2\/product_tag?post=74204"}],"curies":[{"name":"wp","href":"https:\/\/api.w.org\/{rel}","templated":true}]}}