{"id":74212,"date":"2023-02-07T11:58:08","date_gmt":"2023-02-07T09:00:39","guid":{"rendered":"https:\/\/kingarms.ee\/product\/jope-emersongear-hall\/"},"modified":"2024-08-07T13:23:03","modified_gmt":"2024-08-07T10:23:03","slug":"jope-emersongear-hall","status":"publish","type":"product","link":"https:\/\/kingarms.ee\/fi\/product\/jope-emersongear-hall\/","title":{"rendered":"Jope EmersonGear (Hall)"},"content":{"rendered":"<p><img loading=\"lazy\" decoding=\"async\" class=\"alignnone size-full wp-image-74207\" src=\"https:\/\/kingarms.ee\/wp-content\/uploads\/2023\/02\/ser.jpg\" alt=\"\" width=\"1300\" height=\"1000\" srcset=\"https:\/\/kingarms.ee\/wp-content\/uploads\/2023\/02\/ser.jpg 1300w, https:\/\/kingarms.ee\/wp-content\/uploads\/2023\/02\/ser-300x231.jpg 300w, https:\/\/kingarms.ee\/wp-content\/uploads\/2023\/02\/ser-1024x788.jpg 1024w, https:\/\/kingarms.ee\/wp-content\/uploads\/2023\/02\/ser-768x591.jpg 768w, https:\/\/kingarms.ee\/wp-content\/uploads\/2023\/02\/ser-500x385.jpg 500w, https:\/\/kingarms.ee\/wp-content\/uploads\/2023\/02\/ser-150x115.jpg 150w\" sizes=\"auto, (max-width: 1300px) 100vw, 1300px\" \/><\/p>\n","protected":false},"excerpt":{"rendered":"<p>Jope EmersonGear Softshell Hattori Skin tuulitakki<br \/>\nEmersonGear-tuulitakki on suunniteltu k\u00e4ytett\u00e4v\u00e4ksi viile\u00e4mm\u00e4ll\u00e4 s\u00e4\u00e4ll\u00e4. Takki, jossa on vetoketju, huppu, kaksi rintataskua ja kaksi sivutaskua edess\u00e4, my\u00f6s vetoketjut kosteussuojaa varten. Takki on valmistettu nailoniin (85 %) ja elastaaniin (15 %) perustuvasta materiaalista, v\u00e4ri &#8211; harmaa.<\/p>\n<p>Erityispiirteet:<\/p>\n<p>&#8211; huppu;<br \/>\n&#8211; taskut, joissa on vetoketjullinen kosteussuoja;<br \/>\n&#8211; v\u00e4ri &#8211; harmaa<\/p>\n","protected":false},"featured_media":74209,"template":"","meta":{"_acf_changed":false},"product_brand":[],"product_cat":[642],"product_tag":[],"class_list":{"0":"post-74212","1":"product","2":"type-product","3":"status-publish","4":"has-post-thumbnail","6":"product_cat-joped-fi","8":"first","9":"instock","10":"sale","11":"taxable","12":"shipping-taxable","13":"purchasable","14":"product-type-simple"},"acf":[],"_links":{"self":[{"href":"https:\/\/kingarms.ee\/fi\/wp-json\/wp\/v2\/product\/74212","targetHints":{"allow":["GET"]}}],"collection":[{"href":"https:\/\/kingarms.ee\/fi\/wp-json\/wp\/v2\/product"}],"about":[{"href":"https:\/\/kingarms.ee\/fi\/wp-json\/wp\/v2\/types\/product"}],"wp:featuredmedia":[{"embeddable":true,"href":"https:\/\/kingarms.ee\/fi\/wp-json\/wp\/v2\/media\/74209"}],"wp:attachment":[{"href":"https:\/\/kingarms.ee\/fi\/wp-json\/wp\/v2\/media?parent=74212"}],"wp:term":[{"taxonomy":"product_brand","embeddable":true,"href":"https:\/\/kingarms.ee\/fi\/wp-json\/wp\/v2\/product_brand?post=74212"},{"taxonomy":"product_cat","embeddable":true,"href":"https:\/\/kingarms.ee\/fi\/wp-json\/wp\/v2\/product_cat?post=74212"},{"taxonomy":"product_tag","embeddable":true,"href":"https:\/\/kingarms.ee\/fi\/wp-json\/wp\/v2\/product_tag?post=74212"}],"curies":[{"name":"wp","href":"https:\/\/api.w.org\/{rel}","templated":true}]}}