{"id":74364,"date":"2023-02-08T19:28:56","date_gmt":"2023-02-08T16:31:40","guid":{"rendered":"https:\/\/kingarms.ee\/product\/kanoottivalaistussarja-guardian-angel\/"},"modified":"2024-08-07T13:22:19","modified_gmt":"2024-08-07T10:22:19","slug":"kanootti-vene-valaistussarja-suoja-enkeli","status":"publish","type":"product","link":"https:\/\/kingarms.ee\/fi\/product\/kanootti-vene-valaistussarja-suoja-enkeli\/","title":{"rendered":"Kanoottivalaistussarja (Guardian Angel)"},"content":{"rendered":"<p><img loading=\"lazy\" decoding=\"async\" class=\"alignnone size-full wp-image-74335\" src=\"https:\/\/kingarms.ee\/wp-content\/uploads\/2023\/02\/2022_05_01_ELTKayakKit_1-scaled-1.jpg\" alt=\"\" width=\"2560\" height=\"2560\" srcset=\"https:\/\/kingarms.ee\/wp-content\/uploads\/2023\/02\/2022_05_01_ELTKayakKit_1-scaled-1.jpg 2560w, https:\/\/kingarms.ee\/wp-content\/uploads\/2023\/02\/2022_05_01_ELTKayakKit_1-scaled-1-300x300.jpg 300w, https:\/\/kingarms.ee\/wp-content\/uploads\/2023\/02\/2022_05_01_ELTKayakKit_1-scaled-1-1024x1024.jpg 1024w, https:\/\/kingarms.ee\/wp-content\/uploads\/2023\/02\/2022_05_01_ELTKayakKit_1-scaled-1-150x150.jpg 150w, https:\/\/kingarms.ee\/wp-content\/uploads\/2023\/02\/2022_05_01_ELTKayakKit_1-scaled-1-768x768.jpg 768w, https:\/\/kingarms.ee\/wp-content\/uploads\/2023\/02\/2022_05_01_ELTKayakKit_1-scaled-1-1536x1536.jpg 1536w, https:\/\/kingarms.ee\/wp-content\/uploads\/2023\/02\/2022_05_01_ELTKayakKit_1-scaled-1-2048x2048.jpg 2048w, https:\/\/kingarms.ee\/wp-content\/uploads\/2023\/02\/2022_05_01_ELTKayakKit_1-scaled-1-500x500.jpg 500w\" sizes=\"auto, (max-width: 2560px) 100vw, 2560px\" \/><\/p>\n","protected":false},"excerpt":{"rendered":"<p>Guardian Angel<\/p>\n<p>Loistava lahja &#8211; kaikki mit\u00e4 tarvitset kanootin kiinnitt\u00e4miseen pakattuun kanoottiisi.<br \/>\n2-Micro-sarjan laitetta &#8211; punaiset\/vihre\u00e4t navigointivalot ja valkoiset\/valkoiset per\u00e4valot. Molemmissa on ohjelmoidut navigointiasetukset<br \/>\n2 kiinnikett\u00e4 &#8211; ei-metallinen liima ja ruuvikiinnitys.<br \/>\nKahden laitteen linkit &#8211; ei tarvitse huolehtia laitteiden katoamisesta.<br \/>\nSis\u00e4\u00e4nrakennettu ladattava akku &#8211; k\u00e4ytt\u00e4\u00e4 USB Type C Type A -latauskaapelia (myyd\u00e4\u00e4n erikseen).<br \/>\nAkun kesto 150 tuntia. Latausaika on 90 minuuttia.<\/p>\n","protected":false},"featured_media":74336,"template":"","meta":{"_acf_changed":false},"product_brand":[],"product_cat":[860],"product_tag":[],"class_list":{"0":"post-74364","1":"product","2":"type-product","3":"status-publish","4":"has-post-thumbnail","6":"product_cat-poliisi-armeija","8":"first","9":"instock","10":"taxable","11":"shipping-taxable","12":"purchasable","13":"product-type-simple"},"acf":[],"_links":{"self":[{"href":"https:\/\/kingarms.ee\/fi\/wp-json\/wp\/v2\/product\/74364","targetHints":{"allow":["GET"]}}],"collection":[{"href":"https:\/\/kingarms.ee\/fi\/wp-json\/wp\/v2\/product"}],"about":[{"href":"https:\/\/kingarms.ee\/fi\/wp-json\/wp\/v2\/types\/product"}],"wp:featuredmedia":[{"embeddable":true,"href":"https:\/\/kingarms.ee\/fi\/wp-json\/wp\/v2\/media\/74336"}],"wp:attachment":[{"href":"https:\/\/kingarms.ee\/fi\/wp-json\/wp\/v2\/media?parent=74364"}],"wp:term":[{"taxonomy":"product_brand","embeddable":true,"href":"https:\/\/kingarms.ee\/fi\/wp-json\/wp\/v2\/product_brand?post=74364"},{"taxonomy":"product_cat","embeddable":true,"href":"https:\/\/kingarms.ee\/fi\/wp-json\/wp\/v2\/product_cat?post=74364"},{"taxonomy":"product_tag","embeddable":true,"href":"https:\/\/kingarms.ee\/fi\/wp-json\/wp\/v2\/product_tag?post=74364"}],"curies":[{"name":"wp","href":"https:\/\/api.w.org\/{rel}","templated":true}]}}