{"id":74449,"date":"2023-02-09T13:58:54","date_gmt":"2023-02-09T11:00:29","guid":{"rendered":"https:\/\/kingarms.ee\/product\/ak47-rullalautakiinnike-pikakiinnike-utg\/"},"modified":"2024-08-07T13:21:37","modified_gmt":"2024-08-07T10:21:37","slug":"ak47-kehyksen-kiinnitys-kiinnitys-utg","status":"publish","type":"product","link":"https:\/\/kingarms.ee\/fi\/product\/ak47-kehyksen-kiinnitys-kiinnitys-utg\/","title":{"rendered":"AK47 rullalautakiinnike &#8211; pikakiinnike (UTG)"},"content":{"rendered":"<p><img loading=\"lazy\" decoding=\"async\" class=\"alignnone size-full wp-image-74444\" src=\"https:\/\/kingarms.ee\/wp-content\/uploads\/2023\/02\/71m2S4gtj9L._AC_UF10001000_QL80_.jpg\" alt=\"\" width=\"1000\" height=\"707\" srcset=\"https:\/\/kingarms.ee\/wp-content\/uploads\/2023\/02\/71m2S4gtj9L._AC_UF10001000_QL80_.jpg 1000w, https:\/\/kingarms.ee\/wp-content\/uploads\/2023\/02\/71m2S4gtj9L._AC_UF10001000_QL80_-300x212.jpg 300w, https:\/\/kingarms.ee\/wp-content\/uploads\/2023\/02\/71m2S4gtj9L._AC_UF10001000_QL80_-768x543.jpg 768w, https:\/\/kingarms.ee\/wp-content\/uploads\/2023\/02\/71m2S4gtj9L._AC_UF10001000_QL80_-500x354.jpg 500w, https:\/\/kingarms.ee\/wp-content\/uploads\/2023\/02\/71m2S4gtj9L._AC_UF10001000_QL80_-150x106.jpg 150w\" sizes=\"auto, (max-width: 1000px) 100vw, 1000px\" \/><\/p>\n","protected":false},"excerpt":{"rendered":"<p>Kauniisti suunniteltu ja valmistettu Yhdysvalloissa<br \/>\nSoveltuu useimpiin AK- ja sivukuormitettuihin v\u00e4yl\u00e4vaihtoehtoihin.<br \/>\nErgonominen vipu, jossa on t\u00e4ysi s\u00e4\u00e4dett\u00e4vyys ja nopea lukitus- ja vapautustoiminto.<br \/>\nYlin t\u00e4ss\u00e4 16-aukkoista joustavaa optiikkasovellusta varten.<br \/>\nSivuvaunu, jossa on irrotettava 6-pisteinen Picatinny-kisko<br \/>\nU-muotoinen leikkaus yl\u00e4reunassa, jossa on rautanaulat l\u00e4pin\u00e4kyv\u00e4\u00e4 k\u00e4ytt\u00f6\u00e4 varten.<br \/>\nErinomaiset nollapys\u00e4ytys- ja nollausvaihtoehdot<\/p>\n","protected":false},"featured_media":94967,"template":"","meta":{"_acf_changed":false},"product_brand":[],"product_cat":[737],"product_tag":[],"class_list":{"0":"post-74449","1":"product","2":"type-product","3":"status-publish","4":"has-post-thumbnail","6":"product_cat-lupaukset-fi","8":"first","9":"onbackorder","10":"taxable","11":"shipping-taxable","12":"product-type-simple"},"acf":[],"_links":{"self":[{"href":"https:\/\/kingarms.ee\/fi\/wp-json\/wp\/v2\/product\/74449","targetHints":{"allow":["GET"]}}],"collection":[{"href":"https:\/\/kingarms.ee\/fi\/wp-json\/wp\/v2\/product"}],"about":[{"href":"https:\/\/kingarms.ee\/fi\/wp-json\/wp\/v2\/types\/product"}],"wp:featuredmedia":[{"embeddable":true,"href":"https:\/\/kingarms.ee\/fi\/wp-json\/wp\/v2\/media\/94967"}],"wp:attachment":[{"href":"https:\/\/kingarms.ee\/fi\/wp-json\/wp\/v2\/media?parent=74449"}],"wp:term":[{"taxonomy":"product_brand","embeddable":true,"href":"https:\/\/kingarms.ee\/fi\/wp-json\/wp\/v2\/product_brand?post=74449"},{"taxonomy":"product_cat","embeddable":true,"href":"https:\/\/kingarms.ee\/fi\/wp-json\/wp\/v2\/product_cat?post=74449"},{"taxonomy":"product_tag","embeddable":true,"href":"https:\/\/kingarms.ee\/fi\/wp-json\/wp\/v2\/product_tag?post=74449"}],"curies":[{"name":"wp","href":"https:\/\/api.w.org\/{rel}","templated":true}]}}