{"id":74473,"date":"2023-02-09T14:15:13","date_gmt":"2023-02-09T11:15:13","guid":{"rendered":"https:\/\/kingarms.ee\/product\/yokuvaus-sytong-ht-66-940-nm\/"},"modified":"2024-08-07T13:20:53","modified_gmt":"2024-08-07T10:20:53","slug":"oovaatlusseade-sytong-ht-66-940-nm","status":"publish","type":"product","link":"https:\/\/kingarms.ee\/fi\/product\/oovaatlusseade-sytong-ht-66-940-nm\/","title":{"rendered":"Y\u00f6kuvaus &#8211; Sytong HT-66 940 nm"},"content":{"rendered":"<p><img loading=\"lazy\" decoding=\"async\" class=\"alignnone size-full wp-image-74452\" src=\"https:\/\/kingarms.ee\/wp-content\/uploads\/2023\/02\/cyfrowy-monokular-nasadka-noktowizyjna-sytong-ht-66-940-nm-354c419a5b2541fab73f3cf59555a035-44b2696f.jpg\" alt=\"\" width=\"900\" height=\"900\" srcset=\"https:\/\/kingarms.ee\/wp-content\/uploads\/2023\/02\/cyfrowy-monokular-nasadka-noktowizyjna-sytong-ht-66-940-nm-354c419a5b2541fab73f3cf59555a035-44b2696f.jpg 900w, https:\/\/kingarms.ee\/wp-content\/uploads\/2023\/02\/cyfrowy-monokular-nasadka-noktowizyjna-sytong-ht-66-940-nm-354c419a5b2541fab73f3cf59555a035-44b2696f-300x300.jpg 300w, https:\/\/kingarms.ee\/wp-content\/uploads\/2023\/02\/cyfrowy-monokular-nasadka-noktowizyjna-sytong-ht-66-940-nm-354c419a5b2541fab73f3cf59555a035-44b2696f-150x150.jpg 150w, https:\/\/kingarms.ee\/wp-content\/uploads\/2023\/02\/cyfrowy-monokular-nasadka-noktowizyjna-sytong-ht-66-940-nm-354c419a5b2541fab73f3cf59555a035-44b2696f-768x768.jpg 768w, https:\/\/kingarms.ee\/wp-content\/uploads\/2023\/02\/cyfrowy-monokular-nasadka-noktowizyjna-sytong-ht-66-940-nm-354c419a5b2541fab73f3cf59555a035-44b2696f-500x500.jpg 500w\" sizes=\"auto, (max-width: 900px) 100vw, 900px\" \/><\/p>\n","protected":false},"excerpt":{"rendered":"<p>Y\u00f6kuvaus &#8211; Sytong HT-66 940 nm<\/p>\n<p>IR-tunnistusalue: jopa 200 m<br \/>\nintegroitu IR-valo 5W 940nm<br \/>\n3 tapaa s\u00e4\u00e4t\u00e4\u00e4 valaistustehoa<br \/>\nSuurennus: 4-14x<\/p>\n<p>mahdollistaa videon tallentamisen 1920X1080-resoluutiolla<br \/>\n2680&#215;1944 kuvantamisresoluutio<br \/>\nOLED-n\u00e4ytt\u00f6<br \/>\nakun kesto: jopa 8 tuntia<br \/>\neritt\u00e4in kompaktit mitat 120x47x97mm<br \/>\npaino: 250g<br \/>\ntakuu: 1 vuosi<\/p>\n<p>OPTIIKKA Heijastuskyky TESTATTU 6000J asti.<\/p>\n<p>Toimitetaan 45 mm:n sovittimen, laturin ja kaapelin kanssa.<\/p>\n","protected":false},"featured_media":74454,"template":"","meta":{"_acf_changed":false},"product_brand":[],"product_cat":[514],"product_tag":[],"class_list":{"0":"post-74473","1":"product","2":"type-product","3":"status-publish","4":"has-post-thumbnail","6":"product_cat-yonakolaitteet","8":"first","9":"instock","10":"taxable","11":"shipping-taxable","12":"purchasable","13":"product-type-simple"},"acf":[],"_links":{"self":[{"href":"https:\/\/kingarms.ee\/fi\/wp-json\/wp\/v2\/product\/74473","targetHints":{"allow":["GET"]}}],"collection":[{"href":"https:\/\/kingarms.ee\/fi\/wp-json\/wp\/v2\/product"}],"about":[{"href":"https:\/\/kingarms.ee\/fi\/wp-json\/wp\/v2\/types\/product"}],"wp:featuredmedia":[{"embeddable":true,"href":"https:\/\/kingarms.ee\/fi\/wp-json\/wp\/v2\/media\/74454"}],"wp:attachment":[{"href":"https:\/\/kingarms.ee\/fi\/wp-json\/wp\/v2\/media?parent=74473"}],"wp:term":[{"taxonomy":"product_brand","embeddable":true,"href":"https:\/\/kingarms.ee\/fi\/wp-json\/wp\/v2\/product_brand?post=74473"},{"taxonomy":"product_cat","embeddable":true,"href":"https:\/\/kingarms.ee\/fi\/wp-json\/wp\/v2\/product_cat?post=74473"},{"taxonomy":"product_tag","embeddable":true,"href":"https:\/\/kingarms.ee\/fi\/wp-json\/wp\/v2\/product_tag?post=74473"}],"curies":[{"name":"wp","href":"https:\/\/api.w.org\/{rel}","templated":true}]}}