{"id":74490,"date":"2023-02-09T14:40:53","date_gmt":"2023-02-09T12:15:36","guid":{"rendered":"https:\/\/kingarms.ee\/product\/magneettikiinnitys-puristimella\/"},"modified":"2024-08-07T13:19:29","modified_gmt":"2024-08-07T10:19:29","slug":"magneettipuristin-paristoklipsilla","status":"publish","type":"product","link":"https:\/\/kingarms.ee\/fi\/product\/magneettipuristin-paristoklipsilla\/","title":{"rendered":"Magneettikiinnitys puristimella"},"content":{"rendered":"<p><img loading=\"lazy\" decoding=\"async\" class=\"alignnone size-full wp-image-74485\" src=\"https:\/\/kingarms.ee\/wp-content\/uploads\/2023\/02\/2.jpg\" alt=\"\" width=\"1000\" height=\"1000\" srcset=\"https:\/\/kingarms.ee\/wp-content\/uploads\/2023\/02\/2.jpg 1000w, https:\/\/kingarms.ee\/wp-content\/uploads\/2023\/02\/2-300x300.jpg 300w, https:\/\/kingarms.ee\/wp-content\/uploads\/2023\/02\/2-150x150.jpg 150w, https:\/\/kingarms.ee\/wp-content\/uploads\/2023\/02\/2-768x768.jpg 768w, https:\/\/kingarms.ee\/wp-content\/uploads\/2023\/02\/2-500x500.jpg 500w\" sizes=\"auto, (max-width: 1000px) 100vw, 1000px\" \/><\/p>\n","protected":false},"excerpt":{"rendered":"<p>Magneettikiinnitys puristimella<\/p>\n<p>T\u00e4ysin integroitu, sis\u00e4\u00e4nrakennettu harvinaisten maametallien neodyymimagneetti<br \/>\nKiinnittyy magneettisesti mihin tahansa Guardian Angel -laitteeseen.<br \/>\nVoidaan kiinnitt\u00e4\u00e4 tukevasti mihin tahansa laitteeseen kahdella ruuvilla &#8211; M3 x 6mm, Philipsin p\u00e4\u00e4h\u00e4n.<br \/>\nKiinnityspisteen alaosassa on vahvat 3M:n eritt\u00e4in pitk\u00e4t kiinnityskoukut, jotka kiinnittyv\u00e4t mihin tahansa kiinnityspintaan.<br \/>\nSis\u00e4lt\u00e4\u00e4 valinnaisen 3M Dual Lock -liimakiinnityksen (k\u00e4ytet\u00e4\u00e4n tarranauhan sijasta).<br \/>\nMukana 3x tarranauhakiinnikett\u00e4<br \/>\nYhteensopiva sek\u00e4 Elite\u2122- ett\u00e4 Micro\u2122-laitteiden kanssa.<\/p>\n","protected":false},"featured_media":74487,"template":"","meta":{"_acf_changed":false},"product_brand":[],"product_cat":[860],"product_tag":[],"class_list":{"0":"post-74490","1":"product","2":"type-product","3":"status-publish","4":"has-post-thumbnail","6":"product_cat-poliisi-armeija","8":"first","9":"instock","10":"taxable","11":"shipping-taxable","12":"purchasable","13":"product-type-simple"},"acf":[],"_links":{"self":[{"href":"https:\/\/kingarms.ee\/fi\/wp-json\/wp\/v2\/product\/74490","targetHints":{"allow":["GET"]}}],"collection":[{"href":"https:\/\/kingarms.ee\/fi\/wp-json\/wp\/v2\/product"}],"about":[{"href":"https:\/\/kingarms.ee\/fi\/wp-json\/wp\/v2\/types\/product"}],"wp:featuredmedia":[{"embeddable":true,"href":"https:\/\/kingarms.ee\/fi\/wp-json\/wp\/v2\/media\/74487"}],"wp:attachment":[{"href":"https:\/\/kingarms.ee\/fi\/wp-json\/wp\/v2\/media?parent=74490"}],"wp:term":[{"taxonomy":"product_brand","embeddable":true,"href":"https:\/\/kingarms.ee\/fi\/wp-json\/wp\/v2\/product_brand?post=74490"},{"taxonomy":"product_cat","embeddable":true,"href":"https:\/\/kingarms.ee\/fi\/wp-json\/wp\/v2\/product_cat?post=74490"},{"taxonomy":"product_tag","embeddable":true,"href":"https:\/\/kingarms.ee\/fi\/wp-json\/wp\/v2\/product_tag?post=74490"}],"curies":[{"name":"wp","href":"https:\/\/api.w.org\/{rel}","templated":true}]}}