{"id":74843,"date":"2023-02-20T17:57:43","date_gmt":"2023-02-20T14:58:34","guid":{"rendered":"https:\/\/kingarms.ee\/product\/tahtain-tahtaimessa-wosport\/"},"modified":"2024-08-07T13:15:57","modified_gmt":"2024-08-07T10:15:57","slug":"will-sihtmark-wosport","status":"publish","type":"product","link":"https:\/\/kingarms.ee\/fi\/product\/will-sihtmark-wosport\/","title":{"rendered":"T\u00e4ht\u00e4in t\u00e4ht\u00e4imess\u00e4 (Wosport)"},"content":{"rendered":"<p><img loading=\"lazy\" decoding=\"async\" class=\"alignnone size-full wp-image-74837\" src=\"https:\/\/kingarms.ee\/wp-content\/uploads\/2023\/02\/wosport-star-target-wo-tg18.jpg\" alt=\"\" width=\"1000\" height=\"1000\" srcset=\"https:\/\/kingarms.ee\/wp-content\/uploads\/2023\/02\/wosport-star-target-wo-tg18.jpg 1000w, https:\/\/kingarms.ee\/wp-content\/uploads\/2023\/02\/wosport-star-target-wo-tg18-300x300.jpg 300w, https:\/\/kingarms.ee\/wp-content\/uploads\/2023\/02\/wosport-star-target-wo-tg18-150x150.jpg 150w, https:\/\/kingarms.ee\/wp-content\/uploads\/2023\/02\/wosport-star-target-wo-tg18-768x768.jpg 768w, https:\/\/kingarms.ee\/wp-content\/uploads\/2023\/02\/wosport-star-target-wo-tg18-500x500.jpg 500w\" sizes=\"auto, (max-width: 1000px) 100vw, 1000px\" \/><\/p>\n","protected":false},"excerpt":{"rendered":"<p>T\u00e4htien tavoite<br \/>\nMagneettiset minitavoitteet, se putoaa maahan jokaisen osuman j\u00e4lkeen.<br \/>\nKun minikohde putoaa, t\u00e4hti liikkuu vasemmalle ja oikealle painopisteen muutoksen vuoksi.<br \/>\nJalusta on kiinte\u00e4 (ruuvit eiv\u00e4t sis\u00e4lly).<br \/>\nMitat 610mm x 650mm x 18mm<br \/>\nPaino 1730g<\/p>\n","protected":false},"featured_media":88373,"template":"","meta":{"_acf_changed":false},"product_brand":[],"product_cat":[310],"product_tag":[],"class_list":{"0":"post-74843","1":"product","2":"type-product","3":"status-publish","4":"has-post-thumbnail","6":"product_cat-tavoitteet","8":"first","9":"instock","10":"taxable","11":"shipping-taxable","12":"purchasable","13":"product-type-simple"},"acf":[],"_links":{"self":[{"href":"https:\/\/kingarms.ee\/fi\/wp-json\/wp\/v2\/product\/74843","targetHints":{"allow":["GET"]}}],"collection":[{"href":"https:\/\/kingarms.ee\/fi\/wp-json\/wp\/v2\/product"}],"about":[{"href":"https:\/\/kingarms.ee\/fi\/wp-json\/wp\/v2\/types\/product"}],"wp:featuredmedia":[{"embeddable":true,"href":"https:\/\/kingarms.ee\/fi\/wp-json\/wp\/v2\/media\/88373"}],"wp:attachment":[{"href":"https:\/\/kingarms.ee\/fi\/wp-json\/wp\/v2\/media?parent=74843"}],"wp:term":[{"taxonomy":"product_brand","embeddable":true,"href":"https:\/\/kingarms.ee\/fi\/wp-json\/wp\/v2\/product_brand?post=74843"},{"taxonomy":"product_cat","embeddable":true,"href":"https:\/\/kingarms.ee\/fi\/wp-json\/wp\/v2\/product_cat?post=74843"},{"taxonomy":"product_tag","embeddable":true,"href":"https:\/\/kingarms.ee\/fi\/wp-json\/wp\/v2\/product_tag?post=74843"}],"curies":[{"name":"wp","href":"https:\/\/api.w.org\/{rel}","templated":true}]}}