{"id":74957,"date":"2023-02-20T19:16:19","date_gmt":"2023-02-20T16:17:31","guid":{"rendered":"https:\/\/kingarms.ee\/product\/e-spark-fenix\/"},"modified":"2024-08-07T13:13:47","modified_gmt":"2024-08-07T10:13:47","slug":"e-spark-fenix","status":"publish","type":"product","link":"https:\/\/kingarms.ee\/fi\/product\/e-spark-fenix\/","title":{"rendered":"E-spark (Fenix)"},"content":{"rendered":"<p><img loading=\"lazy\" decoding=\"async\" class=\"alignnone size-full wp-image-74940\" src=\"https:\/\/kingarms.ee\/wp-content\/uploads\/2023\/02\/espark.jpg\" alt=\"\" width=\"850\" height=\"850\" srcset=\"https:\/\/kingarms.ee\/wp-content\/uploads\/2023\/02\/espark.jpg 850w, https:\/\/kingarms.ee\/wp-content\/uploads\/2023\/02\/espark-300x300.jpg 300w, https:\/\/kingarms.ee\/wp-content\/uploads\/2023\/02\/espark-150x150.jpg 150w, https:\/\/kingarms.ee\/wp-content\/uploads\/2023\/02\/espark-768x768.jpg 768w, https:\/\/kingarms.ee\/wp-content\/uploads\/2023\/02\/espark-500x500.jpg 500w\" sizes=\"auto, (max-width: 850px) 100vw, 850px\" \/><\/p>\n","protected":false},"excerpt":{"rendered":"<p>E-SPARK on yksi Fenixin ainutlaatuisimmista taskulampuista. Se on luottokortin kokoinen taskulamppu, joka on 87 mm pitk\u00e4, 37 mm leve\u00e4 ja vain 8 mm paksu. Se painaa 37 grammaa virtal\u00e4hde mukaan lukien. Koostaan huolimatta se on tehokas ja laadukas taskulamppu, joka mahtuu mihin tahansa taskuun, avaimenper\u00e4\u00e4n tai jopa lompakon luottokorttitaskuun. E-SPARK-kotelo on valmistettu alumiinista ja p\u00e4\u00e4llystetty vahvalla tyypin III anodisoinnilla. Valon enimm\u00e4isvoimakkuus on 100 lumenia, ja valaisimessa on kolme valkoista valotilaa, punainen valotila ja vilkkuva punainen turvavalotila. Yhden latauksen enimm\u00e4isk\u00e4ytt\u00f6aika on jopa 52 per\u00e4kk\u00e4ist\u00e4 tuntia. Virtal\u00e4hteen\u00e4 on integroitu 800mAh LiFePO4-litiumakku. Valaisimessa on kaksi USB-C-porttia &#8211; toinen tavallisella USB-C-kaapelilla lataamista varten ja toinen akun lataamista varten. Akkupankkitoiminto on tarkoitettu puhelinten ja muiden pienitehoisten laitteiden virransaantiin ja lataamiseen h\u00e4t\u00e4tilanteissa. Valaisimen latausportit on p\u00e4\u00e4llystetty pinnoitteella, joka toimii valon hajottajana, kun se asennetaan LED-elementtien eteen. Turvallisen jokap\u00e4iv\u00e4isen kuljettamisen varmistamiseksi E-SPARK on varustettu avaimenper\u00e4- tai k\u00e4sihihnasilmukalla (molemmat sis\u00e4ltyv\u00e4t toimitukseen) ja lukitustoiminnolla, joka suojaa lamppua vahingossa tapahtuvalta aktivoinnilta. Lis\u00e4ksi valaisin on varustettu virtal\u00e4hteen varaustason ilmaisimella, joka antaa reaaliaikaista tietoa akun varaustasosta. Jos siis tarvitset monik\u00e4ytt\u00f6isen ja kompaktin taskulampun uudella ulkoasulla, Fenix E-SPARK on ehdottomasti yksi valinnoista, joka ei j\u00e4t\u00e4 sinua kylm\u00e4ksi.<\/p>\n","protected":false},"featured_media":74942,"template":"","meta":{"_acf_changed":false},"product_brand":[],"product_cat":[539],"product_tag":[],"class_list":{"0":"post-74957","1":"product","2":"type-product","3":"status-publish","4":"has-post-thumbnail","6":"product_cat-power-bank-fi","8":"first","9":"instock","10":"taxable","11":"shipping-taxable","12":"purchasable","13":"product-type-simple"},"acf":[],"_links":{"self":[{"href":"https:\/\/kingarms.ee\/fi\/wp-json\/wp\/v2\/product\/74957","targetHints":{"allow":["GET"]}}],"collection":[{"href":"https:\/\/kingarms.ee\/fi\/wp-json\/wp\/v2\/product"}],"about":[{"href":"https:\/\/kingarms.ee\/fi\/wp-json\/wp\/v2\/types\/product"}],"wp:featuredmedia":[{"embeddable":true,"href":"https:\/\/kingarms.ee\/fi\/wp-json\/wp\/v2\/media\/74942"}],"wp:attachment":[{"href":"https:\/\/kingarms.ee\/fi\/wp-json\/wp\/v2\/media?parent=74957"}],"wp:term":[{"taxonomy":"product_brand","embeddable":true,"href":"https:\/\/kingarms.ee\/fi\/wp-json\/wp\/v2\/product_brand?post=74957"},{"taxonomy":"product_cat","embeddable":true,"href":"https:\/\/kingarms.ee\/fi\/wp-json\/wp\/v2\/product_cat?post=74957"},{"taxonomy":"product_tag","embeddable":true,"href":"https:\/\/kingarms.ee\/fi\/wp-json\/wp\/v2\/product_tag?post=74957"}],"curies":[{"name":"wp","href":"https:\/\/api.w.org\/{rel}","templated":true}]}}