{"id":75685,"date":"2023-03-09T18:24:11","date_gmt":"2023-03-09T15:24:11","guid":{"rendered":"https:\/\/kingarms.ee\/product\/punottu-olkimatto-rusetteja-varten-80x8cm\/"},"modified":"2024-08-07T13:09:32","modified_gmt":"2024-08-07T10:09:32","slug":"punottu-punottu-matto-vibule-80x8cm","status":"publish","type":"product","link":"https:\/\/kingarms.ee\/fi\/product\/punottu-punottu-matto-vibule-80x8cm\/","title":{"rendered":"Punottu olkimatto rusetteja varten 80x8cm"},"content":{"rendered":"<p><img loading=\"lazy\" decoding=\"async\" class=\"alignnone size-full wp-image-75672\" src=\"https:\/\/kingarms.ee\/wp-content\/uploads\/2023\/03\/straw-mat-65-x-6-cm-7a84548faffb431990cb0cb404ba8088-45a7d568.jpg\" alt=\"\" width=\"900\" height=\"900\" srcset=\"https:\/\/kingarms.ee\/wp-content\/uploads\/2023\/03\/straw-mat-65-x-6-cm-7a84548faffb431990cb0cb404ba8088-45a7d568.jpg 900w, https:\/\/kingarms.ee\/wp-content\/uploads\/2023\/03\/straw-mat-65-x-6-cm-7a84548faffb431990cb0cb404ba8088-45a7d568-300x300.jpg 300w, https:\/\/kingarms.ee\/wp-content\/uploads\/2023\/03\/straw-mat-65-x-6-cm-7a84548faffb431990cb0cb404ba8088-45a7d568-150x150.jpg 150w, https:\/\/kingarms.ee\/wp-content\/uploads\/2023\/03\/straw-mat-65-x-6-cm-7a84548faffb431990cb0cb404ba8088-45a7d568-768x768.jpg 768w, https:\/\/kingarms.ee\/wp-content\/uploads\/2023\/03\/straw-mat-65-x-6-cm-7a84548faffb431990cb0cb404ba8088-45a7d568-500x500.jpg 500w\" sizes=\"auto, (max-width: 900px) 100vw, 900px\" \/><\/p>\n","protected":false},"excerpt":{"rendered":"<p>Punottu olkimatto rusetteja varten 80x8cm<\/p>\n<p>Jousiammuntamatto 80 cm, joka on valmistettu korkealaatuisesta ruisvillan oljesta, jonka tihe\u00e4 kudos ottaa lent\u00e4v\u00e4t nuolet t\u00e4ydellisesti kiinni. Puinen jousiammuntamattopohja, joka on kiinnitetty ruuveilla ja siipimuttereilla. Rakenne mahdollistaa vakaan asennuksen my\u00f6s ep\u00e4tasaisessa tai kaltevassa maastossa. Pituus 145 cm, s\u00e4\u00e4dett\u00e4viss\u00e4<\/p>\n","protected":false},"featured_media":75674,"template":"","meta":{"_acf_changed":false},"product_brand":[],"product_cat":[802],"product_tag":[],"class_list":{"0":"post-75685","1":"product","2":"type-product","3":"status-publish","4":"has-post-thumbnail","6":"product_cat-tarvikkeet-fi","8":"first","9":"instock","10":"taxable","11":"shipping-taxable","12":"purchasable","13":"product-type-simple"},"acf":[],"_links":{"self":[{"href":"https:\/\/kingarms.ee\/fi\/wp-json\/wp\/v2\/product\/75685","targetHints":{"allow":["GET"]}}],"collection":[{"href":"https:\/\/kingarms.ee\/fi\/wp-json\/wp\/v2\/product"}],"about":[{"href":"https:\/\/kingarms.ee\/fi\/wp-json\/wp\/v2\/types\/product"}],"wp:featuredmedia":[{"embeddable":true,"href":"https:\/\/kingarms.ee\/fi\/wp-json\/wp\/v2\/media\/75674"}],"wp:attachment":[{"href":"https:\/\/kingarms.ee\/fi\/wp-json\/wp\/v2\/media?parent=75685"}],"wp:term":[{"taxonomy":"product_brand","embeddable":true,"href":"https:\/\/kingarms.ee\/fi\/wp-json\/wp\/v2\/product_brand?post=75685"},{"taxonomy":"product_cat","embeddable":true,"href":"https:\/\/kingarms.ee\/fi\/wp-json\/wp\/v2\/product_cat?post=75685"},{"taxonomy":"product_tag","embeddable":true,"href":"https:\/\/kingarms.ee\/fi\/wp-json\/wp\/v2\/product_tag?post=75685"}],"curies":[{"name":"wp","href":"https:\/\/api.w.org\/{rel}","templated":true}]}}