{"id":75764,"date":"2023-03-09T20:00:11","date_gmt":"2023-03-09T17:05:10","guid":{"rendered":"https:\/\/kingarms.ee\/product\/beretta-m9-a3-45-mm-beretta\/"},"modified":"2024-08-07T11:03:44","modified_gmt":"2024-08-07T08:03:44","slug":"beretta-m9-a3-4-5mm-beretta","status":"publish","type":"product","link":"https:\/\/kingarms.ee\/fi\/product\/beretta-m9-a3-4-5mm-beretta\/","title":{"rendered":"Beretta M9 A3 4,5 mm (Beretta)"},"content":{"rendered":"<p><img loading=\"lazy\" decoding=\"async\" class=\"alignnone size-full wp-image-75751\" src=\"https:\/\/kingarms.ee\/wp-content\/uploads\/2023\/03\/beretta-m9-a3-4-5mm-air-pistol-69ff4dfcd4454d9e9a8bfc3d49c87d84-3f056afb.jpg\" alt=\"\" width=\"900\" height=\"900\" srcset=\"https:\/\/kingarms.ee\/wp-content\/uploads\/2023\/03\/beretta-m9-a3-4-5mm-air-pistol-69ff4dfcd4454d9e9a8bfc3d49c87d84-3f056afb.jpg 900w, https:\/\/kingarms.ee\/wp-content\/uploads\/2023\/03\/beretta-m9-a3-4-5mm-air-pistol-69ff4dfcd4454d9e9a8bfc3d49c87d84-3f056afb-300x300.jpg 300w, https:\/\/kingarms.ee\/wp-content\/uploads\/2023\/03\/beretta-m9-a3-4-5mm-air-pistol-69ff4dfcd4454d9e9a8bfc3d49c87d84-3f056afb-150x150.jpg 150w, https:\/\/kingarms.ee\/wp-content\/uploads\/2023\/03\/beretta-m9-a3-4-5mm-air-pistol-69ff4dfcd4454d9e9a8bfc3d49c87d84-3f056afb-768x768.jpg 768w, https:\/\/kingarms.ee\/wp-content\/uploads\/2023\/03\/beretta-m9-a3-4-5mm-air-pistol-69ff4dfcd4454d9e9a8bfc3d49c87d84-3f056afb-500x500.jpg 500w\" sizes=\"auto, (max-width: 900px) 100vw, 900px\" \/><\/p>\n","protected":false},"excerpt":{"rendered":"<p>Beretta M9 A3 4,5 mm (Beretta)<\/p>\n<p>Beretta M9 A3 FDE on sotilastyylinen metallinen ilmakiv\u00e4\u00e4ri FDE-v\u00e4rimaailmassa, jossa on voimakas rekyylij\u00e4rjestelm\u00e4 ja realistinen k\u00e4sik\u00e4ytt\u00f6.<\/p>\n<p>Polymeerikahvojen lis\u00e4ksi ilmakiv\u00e4\u00e4ri on valmistettu kokonaan metallista, joten tuloksena on tukeva ilmapistooli, joka istuu hyvin k\u00e4teen.<\/p>\n<p>Korkeaa laatua korostavat jyrsitty luukku ja erinomainen istuvuus ja kaikkien yksityiskohtien j\u00e4ljittely, jotka on uskollisesti siirretty Yhdysvaltain armeijan k\u00e4ytt\u00e4m\u00e4st\u00e4 taistelukelpoisesta Beretta M9:st\u00e4.<\/p>\n<p>Beretta M9 A3 FD:n voimanl\u00e4hteen\u00e4 on 12 gCO2-kapseli, joka kierret\u00e4\u00e4n suoraan kahvasta l\u00e4htev\u00e4\u00e4n lippaaseen, jonka kapasiteetti on 16 BB-kierrosta.<\/p>\n<p>Ase on varustettu rekyylij\u00e4rjestelm\u00e4ll\u00e4, joka simuloi t\u00e4ydellisesti aseen rekyyli\u00e4 ampumisen j\u00e4lkeen.<br \/>\nLaukaisumekanismi toimii SA\/DA-tilassa, mik\u00e4 tarkoittaa, ett\u00e4 venttiilin laukaisutapin hanat kiristet\u00e4\u00e4n painamalla liipaisinta tai vet\u00e4m\u00e4ll\u00e4 hanaa taaksep\u00e4in. T\u00e4m\u00e4 ratkaisu mahdollistaa tarkemmat laukaukset (kun kukko on nostettu k\u00e4sin) tai dynaamisen ammunnan (kukkoilutapin avulla).<\/p>\n<p>Kun viimeinen laukaus on ammuttu, sulkukansi pysyy taka-asennossa, mik\u00e4 j\u00e4ljittelee uskollisesti ampuma-aseen mekaniikkaa.<\/p>\n<p>Laukauksen l\u00e4ht\u00f6nopeus on noin 100 m\/s sekunnissa, mik\u00e4 tarkoittaa 20 metrin tarkkuutta.<\/p>\n","protected":false},"featured_media":75753,"template":"","meta":{"_acf_changed":false},"product_brand":[],"product_cat":[672],"product_tag":[],"class_list":{"0":"post-75764","1":"product","2":"type-product","3":"status-publish","4":"has-post-thumbnail","6":"product_cat-pienaseet","8":"first","9":"instock","10":"taxable","11":"shipping-taxable","12":"purchasable","13":"product-type-simple"},"acf":[],"_links":{"self":[{"href":"https:\/\/kingarms.ee\/fi\/wp-json\/wp\/v2\/product\/75764","targetHints":{"allow":["GET"]}}],"collection":[{"href":"https:\/\/kingarms.ee\/fi\/wp-json\/wp\/v2\/product"}],"about":[{"href":"https:\/\/kingarms.ee\/fi\/wp-json\/wp\/v2\/types\/product"}],"wp:featuredmedia":[{"embeddable":true,"href":"https:\/\/kingarms.ee\/fi\/wp-json\/wp\/v2\/media\/75753"}],"wp:attachment":[{"href":"https:\/\/kingarms.ee\/fi\/wp-json\/wp\/v2\/media?parent=75764"}],"wp:term":[{"taxonomy":"product_brand","embeddable":true,"href":"https:\/\/kingarms.ee\/fi\/wp-json\/wp\/v2\/product_brand?post=75764"},{"taxonomy":"product_cat","embeddable":true,"href":"https:\/\/kingarms.ee\/fi\/wp-json\/wp\/v2\/product_cat?post=75764"},{"taxonomy":"product_tag","embeddable":true,"href":"https:\/\/kingarms.ee\/fi\/wp-json\/wp\/v2\/product_tag?post=75764"}],"curies":[{"name":"wp","href":"https:\/\/api.w.org\/{rel}","templated":true}]}}