{"id":75812,"date":"2023-03-09T20:25:45","date_gmt":"2023-03-09T17:28:11","guid":{"rendered":"https:\/\/kingarms.ee\/product\/vortex-vmx-3t-suurennin-punapistetulostukseen\/"},"modified":"2024-08-07T11:02:20","modified_gmt":"2024-08-07T08:02:20","slug":"vortex-vmx-3t-scaler-push-pull-vaihe","status":"publish","type":"product","link":"https:\/\/kingarms.ee\/fi\/product\/vortex-vmx-3t-scaler-push-pull-vaihe\/","title":{"rendered":"Vortex VMX-3T suurennin punapistetulostukseen"},"content":{"rendered":"<p><img loading=\"lazy\" decoding=\"async\" class=\"alignnone size-full wp-image-75795\" src=\"https:\/\/kingarms.ee\/wp-content\/uploads\/2023\/03\/vortex-vmx-3t-enlarger-for-collimator-e10414c770ba4910a866854825d93827-d4790e63.jpg\" alt=\"\" width=\"900\" height=\"900\" srcset=\"https:\/\/kingarms.ee\/wp-content\/uploads\/2023\/03\/vortex-vmx-3t-enlarger-for-collimator-e10414c770ba4910a866854825d93827-d4790e63.jpg 900w, https:\/\/kingarms.ee\/wp-content\/uploads\/2023\/03\/vortex-vmx-3t-enlarger-for-collimator-e10414c770ba4910a866854825d93827-d4790e63-300x300.jpg 300w, https:\/\/kingarms.ee\/wp-content\/uploads\/2023\/03\/vortex-vmx-3t-enlarger-for-collimator-e10414c770ba4910a866854825d93827-d4790e63-150x150.jpg 150w, https:\/\/kingarms.ee\/wp-content\/uploads\/2023\/03\/vortex-vmx-3t-enlarger-for-collimator-e10414c770ba4910a866854825d93827-d4790e63-768x768.jpg 768w, https:\/\/kingarms.ee\/wp-content\/uploads\/2023\/03\/vortex-vmx-3t-enlarger-for-collimator-e10414c770ba4910a866854825d93827-d4790e63-500x500.jpg 500w\" sizes=\"auto, (max-width: 900px) 100vw, 900px\" \/><\/p>\n","protected":false},"excerpt":{"rendered":"<p>Helppoa, nopeaa ja k\u00e4tev\u00e4\u00e4 &#8211; Vortex VMX-3T -suurennuskorin k\u00e4ytt\u00e4minen StrikeFire- ja Sparc II -kollimaattoriin lis\u00e4\u00e4 kollimaattorisi suurennusta.<\/p>\n<p>Korkki on varustettu patentoiduilla heijastuksenestopinnoitteilla optimaalisen valonl\u00e4p\u00e4isyn varmistamiseksi. Karkaistu anodisoitu alumiini takaa lujuuden ja vahingoittumattomuuden. VMX-3T on suojattu puhkeamiselta ruiskuttamalla typpe\u00e4 sen sis\u00e4lle.<\/p>\n<p>Optiikka<\/p>\n<p>monipinnoitettu optiikka &#8211; parantaa valonl\u00e4p\u00e4isy\u00e4 kaikkien linssien heijastuksenestopinnoitteiden ansiosta.<br \/>\nVesitiivis &#8211; tiivisteiden ansiosta kosteus, p\u00f6ly ja lika eiv\u00e4t p\u00e4\u00e4se laitteen sis\u00e4\u00e4n.<br \/>\nkastepit\u00e4v\u00e4 &#8211; typpit\u00e4ytteen ansiosta v\u00e4lt\u00e4t nyt linssien haihtumisen l\u00e4mp\u00f6tilaerojen vuoksi.<br \/>\nKarkaistu alumiini &#8211; ilmailu- ja avaruusteknologia, joka tekee t\u00e4ht\u00e4imest\u00e4si kevyen ja eritt\u00e4in vastustuskykyisen iskuja ja kaikenlaisia vaurioita vastaan.<br \/>\nanodisoitu pinnoite &#8211; anodisoidun pinnoitteen ansiosta entist\u00e4kin parempi kest\u00e4vyys. T\u00e4m\u00e4 suojus suojaa t\u00e4ht\u00e4int\u00e4si naarmuilta ja korroosiolta vuosien ajan.<\/p>\n<p>TEKNISET TIEDOT:<br \/>\nEt\u00e4isyys silm\u00e4st\u00e4 [mm] 56<br \/>\nT\u00e4ytt\u00f6kaasu Typpi<br \/>\nLineaarinen n\u00e4k\u00f6kentt\u00e4 100 m [m]. 12<br \/>\nSuurennus [\u00d7]. 3<br \/>\nKokonaispituus [mm]. 109<br \/>\nPutken halkaisija [mm]. 30 mm (1,18 tuumaa)<br \/>\nPaino [g] 337<br \/>\nKollimaattoripaketin osat<br \/>\ntuplaaja,<br \/>\nOptiikan puhdistusliina,<br \/>\nvalmistajan takuu,<br \/>\njakelijan takuu,<br \/>\njakelijan k\u00e4sikirja,<br \/>\nvalmistajan k\u00e4sikirja<br \/>\nTakuuaika<br \/>\nVIP elinik\u00e4inen takuu* Vortex Opticsilta<br \/>\nValmistaja<br \/>\nVortex Optics, Yhdysvallat<br \/>\nToimittajan symboli<br \/>\nVMX-3T<\/p>\n","protected":false},"featured_media":75797,"template":"","meta":{"_acf_changed":false},"product_brand":[],"product_cat":[911],"product_tag":[],"class_list":{"0":"post-75812","1":"product","2":"type-product","3":"status-publish","4":"has-post-thumbnail","6":"product_cat-surennus","8":"first","9":"onbackorder","10":"taxable","11":"shipping-taxable","12":"product-type-simple"},"acf":[],"_links":{"self":[{"href":"https:\/\/kingarms.ee\/fi\/wp-json\/wp\/v2\/product\/75812","targetHints":{"allow":["GET"]}}],"collection":[{"href":"https:\/\/kingarms.ee\/fi\/wp-json\/wp\/v2\/product"}],"about":[{"href":"https:\/\/kingarms.ee\/fi\/wp-json\/wp\/v2\/types\/product"}],"wp:featuredmedia":[{"embeddable":true,"href":"https:\/\/kingarms.ee\/fi\/wp-json\/wp\/v2\/media\/75797"}],"wp:attachment":[{"href":"https:\/\/kingarms.ee\/fi\/wp-json\/wp\/v2\/media?parent=75812"}],"wp:term":[{"taxonomy":"product_brand","embeddable":true,"href":"https:\/\/kingarms.ee\/fi\/wp-json\/wp\/v2\/product_brand?post=75812"},{"taxonomy":"product_cat","embeddable":true,"href":"https:\/\/kingarms.ee\/fi\/wp-json\/wp\/v2\/product_cat?post=75812"},{"taxonomy":"product_tag","embeddable":true,"href":"https:\/\/kingarms.ee\/fi\/wp-json\/wp\/v2\/product_tag?post=75812"}],"curies":[{"name":"wp","href":"https:\/\/api.w.org\/{rel}","templated":true}]}}