{"id":75820,"date":"2023-03-09T20:32:39","date_gmt":"2023-03-09T17:33:28","guid":{"rendered":"https:\/\/kingarms.ee\/product\/aanenvaimentimen-puhdistusaine-500-ml-ballistol\/"},"modified":"2024-08-07T11:01:30","modified_gmt":"2024-08-07T08:01:30","slug":"aanenvaimennin-puhdistusaine-500-ml-pistooli","status":"publish","type":"product","link":"https:\/\/kingarms.ee\/fi\/product\/aanenvaimennin-puhdistusaine-500-ml-pistooli\/","title":{"rendered":"\u00c4\u00e4nenvaimentimen puhdistusaine 500 ml (Ballistol)"},"content":{"rendered":"<p><img loading=\"lazy\" decoding=\"async\" class=\"alignnone size-full wp-image-75815\" src=\"https:\/\/kingarms.ee\/wp-content\/uploads\/2023\/03\/ballistol-muffler-cleaner-500-ml-0df8c0bfcb1d41f9b097e2c058dc5bbc-65697ba4.jpg\" alt=\"\" width=\"900\" height=\"900\" srcset=\"https:\/\/kingarms.ee\/wp-content\/uploads\/2023\/03\/ballistol-muffler-cleaner-500-ml-0df8c0bfcb1d41f9b097e2c058dc5bbc-65697ba4.jpg 900w, https:\/\/kingarms.ee\/wp-content\/uploads\/2023\/03\/ballistol-muffler-cleaner-500-ml-0df8c0bfcb1d41f9b097e2c058dc5bbc-65697ba4-300x300.jpg 300w, https:\/\/kingarms.ee\/wp-content\/uploads\/2023\/03\/ballistol-muffler-cleaner-500-ml-0df8c0bfcb1d41f9b097e2c058dc5bbc-65697ba4-150x150.jpg 150w, https:\/\/kingarms.ee\/wp-content\/uploads\/2023\/03\/ballistol-muffler-cleaner-500-ml-0df8c0bfcb1d41f9b097e2c058dc5bbc-65697ba4-768x768.jpg 768w, https:\/\/kingarms.ee\/wp-content\/uploads\/2023\/03\/ballistol-muffler-cleaner-500-ml-0df8c0bfcb1d41f9b097e2c058dc5bbc-65697ba4-500x500.jpg 500w\" sizes=\"auto, (max-width: 900px) 100vw, 900px\" \/><\/p>\n","protected":false},"excerpt":{"rendered":"<p>Muffler Cleaner 500 ml (Ballistol) on ammattik\u00e4ytt\u00f6\u00f6n tarkoitettu \u00e4\u00e4nenvaimentimen puhdistusaine, joka liuottaa ja neutraloi tehokkaasti palaneen ruudin j\u00e4\u00e4mi\u00e4. Ainetta suositellaan erityisesti \u00e4\u00e4nenvaimentimille, jotka eiv\u00e4t ole laajenevia.<\/p>\n<p>Paraskin vaimennin tukkeutuu jonkin ajan kuluttua, mik\u00e4 lis\u00e4\u00e4 kitkaa ja hidastaa ammuttavan luodin kulkua. Kompressorin s\u00e4\u00e4nn\u00f6llinen huolto on paras tapa varmistaa optimaalinen suorituskyky. Ongelma syntyy, kun \u00e4\u00e4nenvaimennin on rakenteeltaan kiinte\u00e4, jolloin kapeisiin osiin on vaikea p\u00e4\u00e4st\u00e4 k\u00e4siksi. T\u00e4llaisessa tilanteessa kannattaa k\u00e4ytt\u00e4\u00e4 Ballistolin ammattik\u00e4ytt\u00f6\u00f6n tarkoitettua \u00e4\u00e4nenvaimentimen puhdistusainetta, joka liuottaa, poistaa ja huuhtelee tehokkaasti taakse j\u00e4\u00e4neet ep\u00e4puhtaudet. Valmiste ei sis\u00e4ll\u00e4 happoja, on hajuton, neutraali useimmille materiaaleille, ei sis\u00e4ll\u00e4 pinta-aktiivisia aineita.<\/p>\n<p>\u00c4\u00e4nenvaimentimien puhdistamisen valmistelu<\/p>\n<p>liuottaa ja neutraloi palaneen ruudin j\u00e4\u00e4mi\u00e4<br \/>\ntoimii automaattisesti ilman, ett\u00e4 \u00e4\u00e4nenvaimenninta tarvitsee irrottaa.<br \/>\nhelppo ja tehokas k\u00e4ytt\u00e4\u00e4<br \/>\nperustuvat hapottomiin, neutraaleihin ja tensiditt\u00f6miin aineisiin.<br \/>\ntoimii spontaanisti 2 tunnin kuluttua.<br \/>\nMiten Ballistol Muffler Cleaneria k\u00e4ytet\u00e4\u00e4n?<br \/>\n\u00c4\u00e4nenvaimentimet, joissa on avoin rakenne &#8211; \u00e4\u00e4nenvaimentimen purkamisen j\u00e4lkeen sen osat upotetaan puhdistusaineeseen ja j\u00e4tet\u00e4\u00e4n noin 2 tunniksi (normaali lika). T\u00e4m\u00e4n j\u00e4lkeen lika poistetaan pehme\u00e4ll\u00e4 harjalla ja vedell\u00e4. Ballistol-\u00e4\u00e4nenvaimenninta voidaan k\u00e4ytt\u00e4\u00e4 my\u00f6s ultra\u00e4\u00e4nipuhdistukseen.<\/p>\n<p>Tiivist\u00e4m\u00e4tt\u00f6m\u00e4t \u00e4\u00e4nenvaimentimet &#8211; purista \u00e4\u00e4nenvaimentimen toinen puoli tiukasti kiinni (esim. korvatulpalla), t\u00e4yt\u00e4 sitten Ballistool-puhdistusaineella ja anna vaikuttaa 2 tuntia. Tavallinen lika liukenee noin 2 tunnin kuluttua. Irrota t\u00e4m\u00e4n j\u00e4lkeen \u00e4\u00e4nenvaimennin \u00e4\u00e4nenvaimentimesta, t\u00e4yt\u00e4 se puoliksi l\u00e4mpim\u00e4ll\u00e4 vedell\u00e4, kytke tulpat takaisin ja ravista voimakkaasti. Puhdistuksen j\u00e4lkeen on suositeltavaa k\u00e4ytt\u00e4\u00e4 \u00e4\u00e4nenvaimentimen pinnan puhdistusainetta. Jos \u00e4\u00e4nenvaimennin on voimakkaasti likaantunut, sit\u00e4 voidaan l\u00e4mmitt\u00e4\u00e4 40 \u00b0C:seen ennen levitt\u00e4mist\u00e4 ja j\u00e4tt\u00e4\u00e4 \u00e4\u00e4nenvaimentimeen pidemm\u00e4ksi ajaksi, esimerkiksi 4-8 tunniksi. Eritt\u00e4in likaisten \u00e4\u00e4nenvaimentimien k\u00e4ytt\u00f6ik\u00e4\u00e4 voidaan pident\u00e4\u00e4 jopa 24 tuntiin.<\/p>\n<p>Huomautus: Tarkista puhdistusaineen reaktio \u00e4\u00e4nenvaimentimen materiaalin kanssa huomaamattomassa paikassa, ennen kuin k\u00e4yt\u00e4t puhdistusainetta oikein. Puhdistusaineen v\u00e4rj\u00e4ytyminen on normaali ilmi\u00f6, joka osoittaa, ett\u00e4 lika on liuennut ja neutraloitunut.<\/p>\n","protected":false},"featured_media":87325,"template":"","meta":{"_acf_changed":false},"product_brand":[],"product_cat":[335],"product_tag":[],"class_list":{"0":"post-75820","1":"product","2":"type-product","3":"status-publish","4":"has-post-thumbnail","6":"product_cat-aseiden-huolto","8":"first","9":"onbackorder","10":"taxable","11":"shipping-taxable","12":"product-type-simple"},"acf":[],"_links":{"self":[{"href":"https:\/\/kingarms.ee\/fi\/wp-json\/wp\/v2\/product\/75820","targetHints":{"allow":["GET"]}}],"collection":[{"href":"https:\/\/kingarms.ee\/fi\/wp-json\/wp\/v2\/product"}],"about":[{"href":"https:\/\/kingarms.ee\/fi\/wp-json\/wp\/v2\/types\/product"}],"wp:featuredmedia":[{"embeddable":true,"href":"https:\/\/kingarms.ee\/fi\/wp-json\/wp\/v2\/media\/87325"}],"wp:attachment":[{"href":"https:\/\/kingarms.ee\/fi\/wp-json\/wp\/v2\/media?parent=75820"}],"wp:term":[{"taxonomy":"product_brand","embeddable":true,"href":"https:\/\/kingarms.ee\/fi\/wp-json\/wp\/v2\/product_brand?post=75820"},{"taxonomy":"product_cat","embeddable":true,"href":"https:\/\/kingarms.ee\/fi\/wp-json\/wp\/v2\/product_cat?post=75820"},{"taxonomy":"product_tag","embeddable":true,"href":"https:\/\/kingarms.ee\/fi\/wp-json\/wp\/v2\/product_tag?post=75820"}],"curies":[{"name":"wp","href":"https:\/\/api.w.org\/{rel}","templated":true}]}}