{"id":75858,"date":"2023-03-09T20:41:33","date_gmt":"2023-03-09T17:50:30","guid":{"rendered":"https:\/\/kingarms.ee\/product\/aseen-puhdistusaine-400-ml-protech\/"},"modified":"2024-08-07T11:00:46","modified_gmt":"2024-08-07T08:00:46","slug":"aseiden-puhdistusaine-400-ml-protech","status":"publish","type":"product","link":"https:\/\/kingarms.ee\/fi\/product\/aseiden-puhdistusaine-400-ml-protech\/","title":{"rendered":"Aseen puhdistusaine 400 ml (ProTech)"},"content":{"rendered":"<p><img loading=\"lazy\" decoding=\"async\" class=\"alignnone size-full wp-image-75848\" src=\"https:\/\/kingarms.ee\/wp-content\/uploads\/2023\/03\/spray-do-czyszczenia-broni-pro-tech-guns-weapon-cleaner-400-ml-10de73750ca64191abcb45450565adf4-e267f4e8.jpg\" alt=\"\" width=\"900\" height=\"900\" srcset=\"https:\/\/kingarms.ee\/wp-content\/uploads\/2023\/03\/spray-do-czyszczenia-broni-pro-tech-guns-weapon-cleaner-400-ml-10de73750ca64191abcb45450565adf4-e267f4e8.jpg 900w, https:\/\/kingarms.ee\/wp-content\/uploads\/2023\/03\/spray-do-czyszczenia-broni-pro-tech-guns-weapon-cleaner-400-ml-10de73750ca64191abcb45450565adf4-e267f4e8-300x300.jpg 300w, https:\/\/kingarms.ee\/wp-content\/uploads\/2023\/03\/spray-do-czyszczenia-broni-pro-tech-guns-weapon-cleaner-400-ml-10de73750ca64191abcb45450565adf4-e267f4e8-150x150.jpg 150w, https:\/\/kingarms.ee\/wp-content\/uploads\/2023\/03\/spray-do-czyszczenia-broni-pro-tech-guns-weapon-cleaner-400-ml-10de73750ca64191abcb45450565adf4-e267f4e8-768x768.jpg 768w, https:\/\/kingarms.ee\/wp-content\/uploads\/2023\/03\/spray-do-czyszczenia-broni-pro-tech-guns-weapon-cleaner-400-ml-10de73750ca64191abcb45450565adf4-e267f4e8-500x500.jpg 500w\" sizes=\"auto, (max-width: 900px) 100vw, 900px\" \/><\/p>\n","protected":false},"excerpt":{"rendered":"<p>Aseen puhdistusaine 400 ml (ProTech)<\/p>\n<p>TEKNISET TIEDOT:<br \/>\nKapasiteetti [ml]. 400<br \/>\nSopii kiv\u00e4\u00e4rille, aseelle, tuulimyllylle, revolverille.<br \/>\nSovellus (tavoite)<br \/>\naseiden huolto, metalli<br \/>\nTiivisteet\/m\u00e4nt\u00e4 eiv\u00e4t ole vaurioituneet<br \/>\nSovellus Aerosoli<br \/>\nSoveltuu sis\u00e4isille komponenteille kyll\u00e4<\/p>\n","protected":false},"featured_media":87353,"template":"","meta":{"_acf_changed":false},"product_brand":[],"product_cat":[335],"product_tag":[],"class_list":{"0":"post-75858","1":"product","2":"type-product","3":"status-publish","4":"has-post-thumbnail","6":"product_cat-aseiden-huolto","8":"first","9":"instock","10":"taxable","11":"shipping-taxable","12":"purchasable","13":"product-type-simple"},"acf":[],"_links":{"self":[{"href":"https:\/\/kingarms.ee\/fi\/wp-json\/wp\/v2\/product\/75858","targetHints":{"allow":["GET"]}}],"collection":[{"href":"https:\/\/kingarms.ee\/fi\/wp-json\/wp\/v2\/product"}],"about":[{"href":"https:\/\/kingarms.ee\/fi\/wp-json\/wp\/v2\/types\/product"}],"wp:featuredmedia":[{"embeddable":true,"href":"https:\/\/kingarms.ee\/fi\/wp-json\/wp\/v2\/media\/87353"}],"wp:attachment":[{"href":"https:\/\/kingarms.ee\/fi\/wp-json\/wp\/v2\/media?parent=75858"}],"wp:term":[{"taxonomy":"product_brand","embeddable":true,"href":"https:\/\/kingarms.ee\/fi\/wp-json\/wp\/v2\/product_brand?post=75858"},{"taxonomy":"product_cat","embeddable":true,"href":"https:\/\/kingarms.ee\/fi\/wp-json\/wp\/v2\/product_cat?post=75858"},{"taxonomy":"product_tag","embeddable":true,"href":"https:\/\/kingarms.ee\/fi\/wp-json\/wp\/v2\/product_tag?post=75858"}],"curies":[{"name":"wp","href":"https:\/\/api.w.org\/{rel}","templated":true}]}}