{"id":75870,"date":"2023-03-09T20:54:33","date_gmt":"2023-03-09T17:56:38","guid":{"rendered":"https:\/\/kingarms.ee\/product\/hn-diabolo-45mm-testikuulat\/"},"modified":"2024-08-07T11:00:04","modified_gmt":"2024-08-07T08:00:04","slug":"hn-testipallot-diabolo-45mm","status":"publish","type":"product","link":"https:\/\/kingarms.ee\/fi\/product\/hn-testipallot-diabolo-45mm\/","title":{"rendered":"H&amp;N Diabolo 4,5mm testikuulat"},"content":{"rendered":"<p><img loading=\"lazy\" decoding=\"async\" class=\"alignnone size-full wp-image-75861\" src=\"https:\/\/kingarms.ee\/wp-content\/uploads\/2023\/03\/h-amp-n-tester-hunting-diabolo-shot-4-5-215-1dee9fa068b0440690abef5f11c93129-09f9ea0e.jpg\" alt=\"\" width=\"900\" height=\"900\" srcset=\"https:\/\/kingarms.ee\/wp-content\/uploads\/2023\/03\/h-amp-n-tester-hunting-diabolo-shot-4-5-215-1dee9fa068b0440690abef5f11c93129-09f9ea0e.jpg 900w, https:\/\/kingarms.ee\/wp-content\/uploads\/2023\/03\/h-amp-n-tester-hunting-diabolo-shot-4-5-215-1dee9fa068b0440690abef5f11c93129-09f9ea0e-300x300.jpg 300w, https:\/\/kingarms.ee\/wp-content\/uploads\/2023\/03\/h-amp-n-tester-hunting-diabolo-shot-4-5-215-1dee9fa068b0440690abef5f11c93129-09f9ea0e-150x150.jpg 150w, https:\/\/kingarms.ee\/wp-content\/uploads\/2023\/03\/h-amp-n-tester-hunting-diabolo-shot-4-5-215-1dee9fa068b0440690abef5f11c93129-09f9ea0e-768x768.jpg 768w, https:\/\/kingarms.ee\/wp-content\/uploads\/2023\/03\/h-amp-n-tester-hunting-diabolo-shot-4-5-215-1dee9fa068b0440690abef5f11c93129-09f9ea0e-500x500.jpg 500w\" sizes=\"auto, (max-width: 900px) 100vw, 900px\" \/><\/p>\n","protected":false},"excerpt":{"rendered":"<p>H&amp;N Diabolo 4,5mm testikuulat<\/p>\n<p>Setti sis\u00e4lt\u00e4\u00e4:<\/p>\n<p>H&amp;N Baracuda Hunter &#8211; tarkka, keskipainoinen mets\u00e4stysluoti, joka on suunniteltu yli 50 metrin et\u00e4isyyksille.<br \/>\nH&amp;N Silver Point -mets\u00e4styskiv\u00e4\u00e4ri &#8211; Suuren painonsa vuoksi mets\u00e4styskiv\u00e4\u00e4ri\u00e4 suositellaan tehokkaille tuuliaseille sek\u00e4 PCP:ll\u00e4 ett\u00e4 jousella, joilla on eritt\u00e4in suuri suupielinopeus.<br \/>\nH&amp;N Crow Magnum &#8211; Keskim\u00e4\u00e4r\u00e4ist\u00e4 suurempi paino, sileys ja huolellinen ty\u00f6st\u00f6 tekev\u00e4t t\u00e4st\u00e4 eritt\u00e4in tarkan r\u00e4j\u00e4ytysavaimen.<\/p>\n<p>[mm]4,5 mm<br \/>\nPakkaustyyppi muovinen l\u00e4pipainopakkaus<br \/>\nM\u00e4\u00e4r\u00e4 [tk .] 215<br \/>\nKierretty piippuun<br \/>\nIsku diabolo tyyppi<br \/>\nHaavoittuneen rhesuslauman muoto litte\u00e4, ter\u00e4v\u00e4, py\u00f6ristetty p\u00e4\u00e4, reik\u00e4.<br \/>\nKiv\u00e4\u00e4risarjan osat<br \/>\nH&amp;N Field Target Trophy Green &#8211; 40 kpl.,<br \/>\nH&amp;N Field Target Trophy &#8211; 40 kpl..,<br \/>\nH&amp;N Baracuda Hunter Extreme &#8211; 35 kpl..,<br \/>\nH&amp;N Baracuda Power &#8211; 35 kpl..,<br \/>\nH&amp;N Silver Point &#8211; 30 kpl..,<br \/>\nH&amp;N Crow Magnum &#8211; 35 kpl.<br \/>\nValmistaja H&amp;N Sport, Saksa<\/p>\n","protected":false},"featured_media":75863,"template":"","meta":{"_acf_changed":false},"product_brand":[],"product_cat":[241],"product_tag":[],"class_list":{"0":"post-75870","1":"product","2":"type-product","3":"status-publish","4":"has-post-thumbnail","6":"product_cat-ilmakivaareita","8":"first","9":"instock","10":"taxable","11":"shipping-taxable","12":"purchasable","13":"product-type-simple"},"acf":[],"_links":{"self":[{"href":"https:\/\/kingarms.ee\/fi\/wp-json\/wp\/v2\/product\/75870","targetHints":{"allow":["GET"]}}],"collection":[{"href":"https:\/\/kingarms.ee\/fi\/wp-json\/wp\/v2\/product"}],"about":[{"href":"https:\/\/kingarms.ee\/fi\/wp-json\/wp\/v2\/types\/product"}],"wp:featuredmedia":[{"embeddable":true,"href":"https:\/\/kingarms.ee\/fi\/wp-json\/wp\/v2\/media\/75863"}],"wp:attachment":[{"href":"https:\/\/kingarms.ee\/fi\/wp-json\/wp\/v2\/media?parent=75870"}],"wp:term":[{"taxonomy":"product_brand","embeddable":true,"href":"https:\/\/kingarms.ee\/fi\/wp-json\/wp\/v2\/product_brand?post=75870"},{"taxonomy":"product_cat","embeddable":true,"href":"https:\/\/kingarms.ee\/fi\/wp-json\/wp\/v2\/product_cat?post=75870"},{"taxonomy":"product_tag","embeddable":true,"href":"https:\/\/kingarms.ee\/fi\/wp-json\/wp\/v2\/product_tag?post=75870"}],"curies":[{"name":"wp","href":"https:\/\/api.w.org\/{rel}","templated":true}]}}