{"id":75905,"date":"2023-03-13T14:05:13","date_gmt":"2023-03-13T11:06:53","guid":{"rendered":"https:\/\/kingarms.ee\/product\/nxg-lasikuituinen-nuoli-28%e2%80%b3-terapaa-700-sp-3x\/"},"modified":"2024-08-07T10:58:38","modified_gmt":"2024-08-07T07:58:38","slug":"nxg-klaaskiust-nool-28%e2%80%b3-terapea-700-sp-3x","status":"publish","type":"product","link":"https:\/\/kingarms.ee\/fi\/product\/nxg-klaaskiust-nool-28%e2%80%b3-terapea-700-sp-3x\/","title":{"rendered":"NXG lasikuituinen nuoli 28\u2033 ter\u00e4p\u00e4\u00e4, 700 sp, 3x"},"content":{"rendered":"<p><img loading=\"lazy\" decoding=\"async\" class=\"alignnone size-full wp-image-75900\" src=\"https:\/\/kingarms.ee\/wp-content\/uploads\/2023\/03\/arrow-nxg-fiberglass-28-arrowhead-shields-gl-700-sp-3x-ad33977acf644149b227a1acf112d5c7-05c59f61.jpg\" alt=\"\" width=\"900\" height=\"900\" srcset=\"https:\/\/kingarms.ee\/wp-content\/uploads\/2023\/03\/arrow-nxg-fiberglass-28-arrowhead-shields-gl-700-sp-3x-ad33977acf644149b227a1acf112d5c7-05c59f61.jpg 900w, https:\/\/kingarms.ee\/wp-content\/uploads\/2023\/03\/arrow-nxg-fiberglass-28-arrowhead-shields-gl-700-sp-3x-ad33977acf644149b227a1acf112d5c7-05c59f61-300x300.jpg 300w, https:\/\/kingarms.ee\/wp-content\/uploads\/2023\/03\/arrow-nxg-fiberglass-28-arrowhead-shields-gl-700-sp-3x-ad33977acf644149b227a1acf112d5c7-05c59f61-150x150.jpg 150w, https:\/\/kingarms.ee\/wp-content\/uploads\/2023\/03\/arrow-nxg-fiberglass-28-arrowhead-shields-gl-700-sp-3x-ad33977acf644149b227a1acf112d5c7-05c59f61-768x768.jpg 768w, https:\/\/kingarms.ee\/wp-content\/uploads\/2023\/03\/arrow-nxg-fiberglass-28-arrowhead-shields-gl-700-sp-3x-ad33977acf644149b227a1acf112d5c7-05c59f61-500x500.jpg 500w\" sizes=\"auto, (max-width: 900px) 100vw, 900px\" \/><\/p>\n","protected":false},"excerpt":{"rendered":"<p>Kun ostamme jousen, meid\u00e4n pit\u00e4isi katsella ymp\u00e4rillemme l\u00f6yt\u00e4\u00e4ksemme vankan nuolisarjan, jonka avulla voimme harjoitella tehokkaasti. NXG:n jousi- ja nuolijousien nuolet ovat erinomaisen ammattitaitoisia ja niiden mallivalikoima on laaja, joten voit helposti valita jousellesi ihanteellisen mallin. Tarkasteltavana olevalle mallille on ominaista 28\u2033 spin 700 -pituus ja sile\u00e4 t\u00e4ht\u00e4imen nuolenk\u00e4rki. Sarja sis\u00e4lt\u00e4\u00e4 3 nuolta.<\/p>\n<p>NXG-lasikuitujousen nuolet, joissa on t\u00e4ht\u00e4imell\u00e4 varustettu nuolenk\u00e4rki, tarjoavat:<br \/>\nYhdist\u00e4\u00e4 suuren lujuuden ja edullisen lasikuiturakenteen.<br \/>\nLyhennetty 28\u2033 pitk\u00e4 muotoilu, joka sopii suurille nuorten jousille.<br \/>\nSile\u00e4t ter\u00e4ksiset t\u00e4ht\u00e4ysnuolten nuolenk\u00e4rjet, jotka l\u00e4p\u00e4isev\u00e4t tehokkaasti maalien pohjat<br \/>\nSynteettinen laatta, jolle on ominaista eritt\u00e4in suuri kest\u00e4vyys.<\/p>\n<p>Siipipy\u00f6r\u00e4tyyppi synteettinen<br \/>\nTera-tyyppi normaali<br \/>\nNuolimateriaali lasikuitu<br \/>\nKokonaispituus [in] 28<br \/>\nValmistaja NXG, Saksa<\/p>\n","protected":false},"featured_media":75902,"template":"","meta":{"_acf_changed":false},"product_brand":[],"product_cat":[797],"product_tag":[],"class_list":{"0":"post-75905","1":"product","2":"type-product","3":"status-publish","4":"has-post-thumbnail","6":"product_cat-nuolet-akselit","8":"first","9":"instock","10":"taxable","11":"shipping-taxable","12":"purchasable","13":"product-type-simple"},"acf":[],"_links":{"self":[{"href":"https:\/\/kingarms.ee\/fi\/wp-json\/wp\/v2\/product\/75905","targetHints":{"allow":["GET"]}}],"collection":[{"href":"https:\/\/kingarms.ee\/fi\/wp-json\/wp\/v2\/product"}],"about":[{"href":"https:\/\/kingarms.ee\/fi\/wp-json\/wp\/v2\/types\/product"}],"wp:featuredmedia":[{"embeddable":true,"href":"https:\/\/kingarms.ee\/fi\/wp-json\/wp\/v2\/media\/75902"}],"wp:attachment":[{"href":"https:\/\/kingarms.ee\/fi\/wp-json\/wp\/v2\/media?parent=75905"}],"wp:term":[{"taxonomy":"product_brand","embeddable":true,"href":"https:\/\/kingarms.ee\/fi\/wp-json\/wp\/v2\/product_brand?post=75905"},{"taxonomy":"product_cat","embeddable":true,"href":"https:\/\/kingarms.ee\/fi\/wp-json\/wp\/v2\/product_cat?post=75905"},{"taxonomy":"product_tag","embeddable":true,"href":"https:\/\/kingarms.ee\/fi\/wp-json\/wp\/v2\/product_tag?post=75905"}],"curies":[{"name":"wp","href":"https:\/\/api.w.org\/{rel}","templated":true}]}}