{"id":75958,"date":"2023-03-13T14:35:59","date_gmt":"2023-03-13T11:37:18","guid":{"rendered":"https:\/\/kingarms.ee\/product\/poe-lang-jousi-ja-nuoli-30-terava-sininen-5x\/"},"modified":"2024-08-07T10:54:59","modified_gmt":"2024-08-07T07:54:59","slug":"poe-lang-vibunol-30-teriinihappo-sininen-5x","status":"publish","type":"product","link":"https:\/\/kingarms.ee\/fi\/product\/poe-lang-vibunol-30-teriinihappo-sininen-5x\/","title":{"rendered":"Poe Lang jousi ja nuoli 30&#8243; ter\u00e4v\u00e4 sininen 5x"},"content":{"rendered":"<p><img loading=\"lazy\" decoding=\"async\" class=\"alignnone size-full wp-image-75943\" src=\"https:\/\/kingarms.ee\/wp-content\/uploads\/2023\/03\/poe-lang-alu-arrow-30-gr-disc-sharp-blue-5x-d985c304a0e5466e83d81ecf4092e633-d15a123d.jpg\" alt=\"\" width=\"900\" height=\"900\" srcset=\"https:\/\/kingarms.ee\/wp-content\/uploads\/2023\/03\/poe-lang-alu-arrow-30-gr-disc-sharp-blue-5x-d985c304a0e5466e83d81ecf4092e633-d15a123d.jpg 900w, https:\/\/kingarms.ee\/wp-content\/uploads\/2023\/03\/poe-lang-alu-arrow-30-gr-disc-sharp-blue-5x-d985c304a0e5466e83d81ecf4092e633-d15a123d-300x300.jpg 300w, https:\/\/kingarms.ee\/wp-content\/uploads\/2023\/03\/poe-lang-alu-arrow-30-gr-disc-sharp-blue-5x-d985c304a0e5466e83d81ecf4092e633-d15a123d-150x150.jpg 150w, https:\/\/kingarms.ee\/wp-content\/uploads\/2023\/03\/poe-lang-alu-arrow-30-gr-disc-sharp-blue-5x-d985c304a0e5466e83d81ecf4092e633-d15a123d-768x768.jpg 768w, https:\/\/kingarms.ee\/wp-content\/uploads\/2023\/03\/poe-lang-alu-arrow-30-gr-disc-sharp-blue-5x-d985c304a0e5466e83d81ecf4092e633-d15a123d-500x500.jpg 500w\" sizes=\"auto, (max-width: 900px) 100vw, 900px\" \/><\/p>\n","protected":false},"excerpt":{"rendered":"<p>Poe Lang jousi ja nuoli 30&#8243; ter\u00e4v\u00e4 sininen 5x<\/p>\n<p>Alumiiniseoksesta valmistetussa 30-tuumaisessa nuolessa on ter\u00e4v\u00e4, sis\u00e4\u00e4nvedett\u00e4v\u00e4 t\u00e4ht\u00e4ysnuolen k\u00e4rki, kumi-muovihihihnat ja suojus, joka kiinnitt\u00e4\u00e4 nuolen tukevasti jouselle. Nuolen k\u00e4ytt\u00f6i\u00e4n pident\u00e4miseksi suosittelemme vain olkia ja jousiammuntamattoja. Sarja sis\u00e4lt\u00e4\u00e4 5 sinist\u00e4 nuolta.<\/p>\n<p>TEKNISET TIEDOT:<\/p>\n<p>Siipipy\u00f6r\u00e4tyyppi synteettinen<br \/>\nTer\u00e4tyyppi ter\u00e4n ter\u00e4v\u00e4<br \/>\nNuolen materiaali alumiini<br \/>\nHalkaisija [in]. 5\/16<br \/>\nHalkaisija [mm]. 8<br \/>\nKokonaispituus [in] 30<br \/>\nKokonaispituus [mm]. 762<br \/>\nValmistaja Poe Lang Enterprise Co. Ltd., Taiwan<\/p>\n","protected":false},"featured_media":75945,"template":"","meta":{"_acf_changed":false},"product_brand":[],"product_cat":[797],"product_tag":[],"class_list":{"0":"post-75958","1":"product","2":"type-product","3":"status-publish","4":"has-post-thumbnail","6":"product_cat-nuolet-akselit","8":"first","9":"instock","10":"taxable","11":"shipping-taxable","12":"purchasable","13":"product-type-simple"},"acf":[],"_links":{"self":[{"href":"https:\/\/kingarms.ee\/fi\/wp-json\/wp\/v2\/product\/75958","targetHints":{"allow":["GET"]}}],"collection":[{"href":"https:\/\/kingarms.ee\/fi\/wp-json\/wp\/v2\/product"}],"about":[{"href":"https:\/\/kingarms.ee\/fi\/wp-json\/wp\/v2\/types\/product"}],"wp:featuredmedia":[{"embeddable":true,"href":"https:\/\/kingarms.ee\/fi\/wp-json\/wp\/v2\/media\/75945"}],"wp:attachment":[{"href":"https:\/\/kingarms.ee\/fi\/wp-json\/wp\/v2\/media?parent=75958"}],"wp:term":[{"taxonomy":"product_brand","embeddable":true,"href":"https:\/\/kingarms.ee\/fi\/wp-json\/wp\/v2\/product_brand?post=75958"},{"taxonomy":"product_cat","embeddable":true,"href":"https:\/\/kingarms.ee\/fi\/wp-json\/wp\/v2\/product_cat?post=75958"},{"taxonomy":"product_tag","embeddable":true,"href":"https:\/\/kingarms.ee\/fi\/wp-json\/wp\/v2\/product_tag?post=75958"}],"curies":[{"name":"wp","href":"https:\/\/api.w.org\/{rel}","templated":true}]}}