{"id":75991,"date":"2023-03-13T14:52:20","date_gmt":"2023-03-13T11:53:39","guid":{"rendered":"https:\/\/kingarms.ee\/product\/poe-lang-nuoli-30-musta-5x\/"},"modified":"2024-08-07T10:53:32","modified_gmt":"2024-08-07T07:53:32","slug":"poe-lang-vibunool-30-musta-5x","status":"publish","type":"product","link":"https:\/\/kingarms.ee\/fi\/product\/poe-lang-vibunool-30-musta-5x\/","title":{"rendered":"Poe Lang nuoli 30&#8243; musta 5x"},"content":{"rendered":"<p><img loading=\"lazy\" decoding=\"async\" class=\"alignnone size-full wp-image-75982\" src=\"https:\/\/kingarms.ee\/wp-content\/uploads\/2023\/03\/poe-lang-arrow-glass-30-gr-disc-smooth-black-5x-ba0e19c56c0d40f9a4fffa46a5076e08-c75d46b6.jpg\" alt=\"\" width=\"900\" height=\"900\" srcset=\"https:\/\/kingarms.ee\/wp-content\/uploads\/2023\/03\/poe-lang-arrow-glass-30-gr-disc-smooth-black-5x-ba0e19c56c0d40f9a4fffa46a5076e08-c75d46b6.jpg 900w, https:\/\/kingarms.ee\/wp-content\/uploads\/2023\/03\/poe-lang-arrow-glass-30-gr-disc-smooth-black-5x-ba0e19c56c0d40f9a4fffa46a5076e08-c75d46b6-300x300.jpg 300w, https:\/\/kingarms.ee\/wp-content\/uploads\/2023\/03\/poe-lang-arrow-glass-30-gr-disc-smooth-black-5x-ba0e19c56c0d40f9a4fffa46a5076e08-c75d46b6-150x150.jpg 150w, https:\/\/kingarms.ee\/wp-content\/uploads\/2023\/03\/poe-lang-arrow-glass-30-gr-disc-smooth-black-5x-ba0e19c56c0d40f9a4fffa46a5076e08-c75d46b6-768x768.jpg 768w, https:\/\/kingarms.ee\/wp-content\/uploads\/2023\/03\/poe-lang-arrow-glass-30-gr-disc-smooth-black-5x-ba0e19c56c0d40f9a4fffa46a5076e08-c75d46b6-500x500.jpg 500w\" sizes=\"auto, (max-width: 900px) 100vw, 900px\" \/><\/p>\n","protected":false},"excerpt":{"rendered":"<p>Poe Lang nuoli 30&#8243; musta 5x<\/p>\n<p>30-tuumainen lasikuituinen maalinuoli. Jousen nuoli, viimeistelty ter\u00e4ksisell\u00e4 nuolenk\u00e4rjell\u00e4. Siivekkeet on valmistettu kumimuovista, joka takaa vakaan lennon pitkill\u00e4 matkoilla. Nuoli on viimeistelty muovikorkilla, joka kiinnitt\u00e4\u00e4 sen tukevasti johtoon. Sarja sis\u00e4lt\u00e4\u00e4 5 nuolta.<\/p>\n<p>TEKNISET TIEDOT:<\/p>\n<p>Siipipy\u00f6r\u00e4tyyppi synteettinen<br \/>\nTera-tyyppi normaali<br \/>\nNuolimateriaali lasikuitu<br \/>\nHalkaisija [mm]. 6,9<br \/>\nKokonaispituus [in] 30<br \/>\nKokonaispituus [mm]. 762<br \/>\nValmistaja Poe Lang Enterprise Co. Ltd., Taiwan<\/p>\n","protected":false},"featured_media":75984,"template":"","meta":{"_acf_changed":false},"product_brand":[],"product_cat":[797],"product_tag":[],"class_list":{"0":"post-75991","1":"product","2":"type-product","3":"status-publish","4":"has-post-thumbnail","6":"product_cat-nuolet-akselit","8":"first","9":"instock","10":"taxable","11":"shipping-taxable","12":"purchasable","13":"product-type-simple"},"acf":[],"_links":{"self":[{"href":"https:\/\/kingarms.ee\/fi\/wp-json\/wp\/v2\/product\/75991","targetHints":{"allow":["GET"]}}],"collection":[{"href":"https:\/\/kingarms.ee\/fi\/wp-json\/wp\/v2\/product"}],"about":[{"href":"https:\/\/kingarms.ee\/fi\/wp-json\/wp\/v2\/types\/product"}],"wp:featuredmedia":[{"embeddable":true,"href":"https:\/\/kingarms.ee\/fi\/wp-json\/wp\/v2\/media\/75984"}],"wp:attachment":[{"href":"https:\/\/kingarms.ee\/fi\/wp-json\/wp\/v2\/media?parent=75991"}],"wp:term":[{"taxonomy":"product_brand","embeddable":true,"href":"https:\/\/kingarms.ee\/fi\/wp-json\/wp\/v2\/product_brand?post=75991"},{"taxonomy":"product_cat","embeddable":true,"href":"https:\/\/kingarms.ee\/fi\/wp-json\/wp\/v2\/product_cat?post=75991"},{"taxonomy":"product_tag","embeddable":true,"href":"https:\/\/kingarms.ee\/fi\/wp-json\/wp\/v2\/product_tag?post=75991"}],"curies":[{"name":"wp","href":"https:\/\/api.w.org\/{rel}","templated":true}]}}