{"id":76079,"date":"2023-03-16T19:13:01","date_gmt":"2023-03-16T16:13:54","guid":{"rendered":"https:\/\/kingarms.ee\/product\/red-spitfire-hd-gen-ii-5x-vortex\/"},"modified":"2024-08-07T10:52:11","modified_gmt":"2024-08-07T07:52:11","slug":"punatapp-spitfire-hd-gen-ii-5x-vortex-vertex","status":"publish","type":"product","link":"https:\/\/kingarms.ee\/fi\/product\/punatapp-spitfire-hd-gen-ii-5x-vortex-vertex\/","title":{"rendered":"Red Spitfire HD Gen II 5x (Vortex)"},"content":{"rendered":"<p><img loading=\"lazy\" decoding=\"async\" class=\"alignnone size-full wp-image-76054\" src=\"https:\/\/kingarms.ee\/wp-content\/uploads\/2023\/03\/vortex-spitfire-hd-gen-ii-5x-collimator-76398ebdf8194e9c8f376da9b8f6ed57-ff975e96-1.jpg\" alt=\"\" width=\"900\" height=\"900\" srcset=\"https:\/\/kingarms.ee\/wp-content\/uploads\/2023\/03\/vortex-spitfire-hd-gen-ii-5x-collimator-76398ebdf8194e9c8f376da9b8f6ed57-ff975e96-1.jpg 900w, https:\/\/kingarms.ee\/wp-content\/uploads\/2023\/03\/vortex-spitfire-hd-gen-ii-5x-collimator-76398ebdf8194e9c8f376da9b8f6ed57-ff975e96-1-300x300.jpg 300w, https:\/\/kingarms.ee\/wp-content\/uploads\/2023\/03\/vortex-spitfire-hd-gen-ii-5x-collimator-76398ebdf8194e9c8f376da9b8f6ed57-ff975e96-1-150x150.jpg 150w, https:\/\/kingarms.ee\/wp-content\/uploads\/2023\/03\/vortex-spitfire-hd-gen-ii-5x-collimator-76398ebdf8194e9c8f376da9b8f6ed57-ff975e96-1-768x768.jpg 768w, https:\/\/kingarms.ee\/wp-content\/uploads\/2023\/03\/vortex-spitfire-hd-gen-ii-5x-collimator-76398ebdf8194e9c8f376da9b8f6ed57-ff975e96-1-500x500.jpg 500w\" sizes=\"auto, (max-width: 900px) 100vw, 900px\" \/><\/p>\n","protected":false},"excerpt":{"rendered":"<p>Punapiste Spitfire HD Gen II 5x (Vortex) on uuden sukupolven prismaattinen kollimaatiokiv\u00e4\u00e4ri, joka on suunniteltu 5,56-patruunoilla varustetuille karbiineille.<\/p>\n<p>Vortex Spitfire HD Gen II on suositun prismasarjan arvokas seuraaja. Optiikka, runko ja t\u00e4ht\u00e4in on p\u00e4ivitetty uutta sukupolvea varten. Tuloksena on kevyempi ja pienempi 5x-suurennuskollimaattori, jossa k\u00e4ytet\u00e4\u00e4n HD-optiikkaa ja AR-BDC MOA -verkkoa, jossa otetaan huomioon 5.56-ammusten ballistiikka.<\/p>\n<p>TEKNISET TIEDOT<\/p>\n<p>Perustiedot<br \/>\nEt\u00e4isyys silm\u00e4st\u00e4 [mm] 69<br \/>\nT\u00e4ytt\u00f6kaasu Typpi<br \/>\nLineaarinen n\u00e4k\u00f6kentt\u00e4 100 m [m]. 7,8<br \/>\nSuurennus [\u00d7]. 5<br \/>\nT\u00e4pl\u00e4n v\u00e4ri punainen<br \/>\nM\u00e4\u00e4r\u00e4np\u00e4\u00e4n ristityyppi AR-BDC4<br \/>\nHankintal\u00e4hde<br \/>\nK\u00e4rki virtal\u00e4hde CR2032 \u00d7 1<br \/>\nLis\u00e4tietoja<br \/>\nAsteittainen s\u00e4\u00e4t\u00f6 [MOA]. 1<br \/>\nRungon materiaali anodisoitu duralumiini<br \/>\nSuurin pystysuuntainen (korkeus) s\u00e4\u00e4t\u00f6 [MOA]. 200<br \/>\nMaksimi vaakasuora (laite) s\u00e4\u00e4t\u00f6 [MOA]. 200<br \/>\nKatso koko linkki [MOA]. 42<br \/>\nPistekoko [MOA]. 1<br \/>\nMitat<br \/>\nLinssin halkaisija [mm]. 25<br \/>\nKokonaispituus [mm]. 92<br \/>\nPaino [g] 292<\/p>\n","protected":false},"featured_media":76056,"template":"","meta":{"_acf_changed":false},"product_brand":[],"product_cat":[660],"product_tag":[],"class_list":{"0":"post-76079","1":"product","2":"type-product","3":"status-publish","4":"has-post-thumbnail","6":"product_cat-punapistetahtaimet","8":"first","9":"instock","10":"taxable","11":"shipping-taxable","12":"purchasable","13":"product-type-simple"},"acf":[],"_links":{"self":[{"href":"https:\/\/kingarms.ee\/fi\/wp-json\/wp\/v2\/product\/76079","targetHints":{"allow":["GET"]}}],"collection":[{"href":"https:\/\/kingarms.ee\/fi\/wp-json\/wp\/v2\/product"}],"about":[{"href":"https:\/\/kingarms.ee\/fi\/wp-json\/wp\/v2\/types\/product"}],"wp:featuredmedia":[{"embeddable":true,"href":"https:\/\/kingarms.ee\/fi\/wp-json\/wp\/v2\/media\/76056"}],"wp:attachment":[{"href":"https:\/\/kingarms.ee\/fi\/wp-json\/wp\/v2\/media?parent=76079"}],"wp:term":[{"taxonomy":"product_brand","embeddable":true,"href":"https:\/\/kingarms.ee\/fi\/wp-json\/wp\/v2\/product_brand?post=76079"},{"taxonomy":"product_cat","embeddable":true,"href":"https:\/\/kingarms.ee\/fi\/wp-json\/wp\/v2\/product_cat?post=76079"},{"taxonomy":"product_tag","embeddable":true,"href":"https:\/\/kingarms.ee\/fi\/wp-json\/wp\/v2\/product_tag?post=76079"}],"curies":[{"name":"wp","href":"https:\/\/api.w.org\/{rel}","templated":true}]}}