{"id":76107,"date":"2023-03-16T19:21:24","date_gmt":"2023-03-16T16:23:12","guid":{"rendered":"https:\/\/kingarms.ee\/product\/holosight-razor-uh-1-gen-ii-vortex\/"},"modified":"2025-03-04T12:06:56","modified_gmt":"2025-03-04T09:06:56","slug":"holosight-razor-uh-1-gen-ii-vortex","status":"publish","type":"product","link":"https:\/\/kingarms.ee\/fi\/product\/holosight-razor-uh-1-gen-ii-vortex\/","title":{"rendered":"Holosight Razor UH-1 Gen II (Vortex)"},"content":{"rendered":"<p><img loading=\"lazy\" decoding=\"async\" class=\"alignnone size-full wp-image-76082\" src=\"https:\/\/kingarms.ee\/wp-content\/uploads\/2023\/03\/vortex-razor-uh-1-gen-ii-holographic-collimator-ecb46dc34e864bb18aef2bf3d919160f-368eeda3.jpg\" alt=\"\" width=\"900\" height=\"900\" srcset=\"https:\/\/kingarms.ee\/wp-content\/uploads\/2023\/03\/vortex-razor-uh-1-gen-ii-holographic-collimator-ecb46dc34e864bb18aef2bf3d919160f-368eeda3.jpg 900w, https:\/\/kingarms.ee\/wp-content\/uploads\/2023\/03\/vortex-razor-uh-1-gen-ii-holographic-collimator-ecb46dc34e864bb18aef2bf3d919160f-368eeda3-300x300.jpg 300w, https:\/\/kingarms.ee\/wp-content\/uploads\/2023\/03\/vortex-razor-uh-1-gen-ii-holographic-collimator-ecb46dc34e864bb18aef2bf3d919160f-368eeda3-150x150.jpg 150w, https:\/\/kingarms.ee\/wp-content\/uploads\/2023\/03\/vortex-razor-uh-1-gen-ii-holographic-collimator-ecb46dc34e864bb18aef2bf3d919160f-368eeda3-768x768.jpg 768w, https:\/\/kingarms.ee\/wp-content\/uploads\/2023\/03\/vortex-razor-uh-1-gen-ii-holographic-collimator-ecb46dc34e864bb18aef2bf3d919160f-368eeda3-500x500.jpg 500w\" sizes=\"auto, (max-width: 900px) 100vw, 900px\" \/><\/p>\n","protected":false},"excerpt":{"rendered":"<p>Holosight Razor UH-1 Gen II (Vortex) on p\u00e4ivitetty versio tinkim\u00e4tt\u00f6m\u00e4st\u00e4 holografisesta kiikarit\u00e4ht\u00e4imest\u00e4, jossa on Vortex FHQ -tekniikka, joka eliminoi hajavalon p\u00e4\u00e4st\u00f6t kokonaan, suurennettu etsin helpompaa maalin asettamista varten ja 4 kirkkausasetusta, jotka on suunniteltu y\u00f6n\u00e4k\u00f6\u00e4 varten.<\/p>\n<p>TEKNISET TIEDOT<\/p>\n<p>Perustiedot<br \/>\nEt\u00e4isyys silm\u00e4st\u00e4 [mm] rajoittamaton<br \/>\nT\u00e4ytt\u00f6kaasu Argon<br \/>\nSuurennus [\u00d7]. 1<br \/>\nT\u00e4pl\u00e4n v\u00e4ri punainen<br \/>\nT\u00e4ht\u00e4intyyppi (verkkokalvo) EBR CQB (65 MOA rengas + 1 MOA piste).<br \/>\nHankintal\u00e4hde<br \/>\nVirtal\u00e4hde k\u00e4rjelle CR123A \u00d7 1<br \/>\nLis\u00e4tietoja<br \/>\nAsteittainen s\u00e4\u00e4t\u00f6 [MOA]. 0,5<br \/>\nRungon materiaali anodisoitu duralumiini<br \/>\nSuurin pystysuuntainen (korkeus) s\u00e4\u00e4t\u00f6 [MOA]. 100<br \/>\nMaksimi vaakasuora (laite) s\u00e4\u00e4t\u00f6 [MOA]. 100<br \/>\nKatso koko linkki [MOA]. 16,5<br \/>\nPistekoko [MOA]. 1<br \/>\nMitat<br \/>\nKokonaiskorkeus [mm] 69<br \/>\nKokonaispituus [mm]. 99<br \/>\nPaino [g] 312<br \/>\nLeveys [mm] 53<\/p>\n","protected":false},"featured_media":76084,"template":"","meta":{"_acf_changed":false},"product_brand":[],"product_cat":[660],"product_tag":[],"class_list":{"0":"post-76107","1":"product","2":"type-product","3":"status-publish","4":"has-post-thumbnail","6":"product_cat-punapistetahtaimet","8":"first","9":"onbackorder","10":"sale","11":"taxable","12":"shipping-taxable","13":"product-type-simple"},"acf":[],"_links":{"self":[{"href":"https:\/\/kingarms.ee\/fi\/wp-json\/wp\/v2\/product\/76107","targetHints":{"allow":["GET"]}}],"collection":[{"href":"https:\/\/kingarms.ee\/fi\/wp-json\/wp\/v2\/product"}],"about":[{"href":"https:\/\/kingarms.ee\/fi\/wp-json\/wp\/v2\/types\/product"}],"wp:featuredmedia":[{"embeddable":true,"href":"https:\/\/kingarms.ee\/fi\/wp-json\/wp\/v2\/media\/76084"}],"wp:attachment":[{"href":"https:\/\/kingarms.ee\/fi\/wp-json\/wp\/v2\/media?parent=76107"}],"wp:term":[{"taxonomy":"product_brand","embeddable":true,"href":"https:\/\/kingarms.ee\/fi\/wp-json\/wp\/v2\/product_brand?post=76107"},{"taxonomy":"product_cat","embeddable":true,"href":"https:\/\/kingarms.ee\/fi\/wp-json\/wp\/v2\/product_cat?post=76107"},{"taxonomy":"product_tag","embeddable":true,"href":"https:\/\/kingarms.ee\/fi\/wp-json\/wp\/v2\/product_tag?post=76107"}],"curies":[{"name":"wp","href":"https:\/\/api.w.org\/{rel}","templated":true}]}}