{"id":76190,"date":"2023-03-16T19:52:50","date_gmt":"2023-03-16T16:52:50","guid":{"rendered":"https:\/\/kingarms.ee\/product\/diana-chaser-co2-45mm-ilmapistooli\/"},"modified":"2024-08-07T10:49:26","modified_gmt":"2024-08-07T07:49:26","slug":"ohkrelv-diana-chaser-co2-45mm","status":"publish","type":"product","link":"https:\/\/kingarms.ee\/fi\/product\/ohkrelv-diana-chaser-co2-45mm\/","title":{"rendered":"Diana Chaser CO2 4,5mm ilmapistooli"},"content":{"rendered":"<p><img loading=\"lazy\" decoding=\"async\" class=\"alignnone size-full wp-image-76160\" src=\"https:\/\/kingarms.ee\/wp-content\/uploads\/2023\/03\/pistolet-wiatrowka-diana-chaser-co2-4-5-mm-zestaw-3e565ed0f0d34f98818f606a0080c116-a20c14db.jpg\" alt=\"\" width=\"900\" height=\"900\" srcset=\"https:\/\/kingarms.ee\/wp-content\/uploads\/2023\/03\/pistolet-wiatrowka-diana-chaser-co2-4-5-mm-zestaw-3e565ed0f0d34f98818f606a0080c116-a20c14db.jpg 900w, https:\/\/kingarms.ee\/wp-content\/uploads\/2023\/03\/pistolet-wiatrowka-diana-chaser-co2-4-5-mm-zestaw-3e565ed0f0d34f98818f606a0080c116-a20c14db-300x300.jpg 300w, https:\/\/kingarms.ee\/wp-content\/uploads\/2023\/03\/pistolet-wiatrowka-diana-chaser-co2-4-5-mm-zestaw-3e565ed0f0d34f98818f606a0080c116-a20c14db-150x150.jpg 150w, https:\/\/kingarms.ee\/wp-content\/uploads\/2023\/03\/pistolet-wiatrowka-diana-chaser-co2-4-5-mm-zestaw-3e565ed0f0d34f98818f606a0080c116-a20c14db-768x768.jpg 768w, https:\/\/kingarms.ee\/wp-content\/uploads\/2023\/03\/pistolet-wiatrowka-diana-chaser-co2-4-5-mm-zestaw-3e565ed0f0d34f98818f606a0080c116-a20c14db-500x500.jpg 500w\" sizes=\"auto, (max-width: 900px) 100vw, 900px\" \/><\/p>\n","protected":false},"excerpt":{"rendered":"<p>Diana Chaser CO2 4,5mm ilmapistooli<\/p>\n<p>Diana Chaser on monipuolinen monik\u00e4ytt\u00f6inen ilma-ase.<\/p>\n<p>T\u00e4m\u00e4 pistooli voidaan muuntaa kiv\u00e4\u00e4riksi mukana toimitetun varren ja pidennetyn piipun ansiosta.<br \/>\nLis\u00e4ksi Dianca Chaserissa on \u00e4\u00e4nen mykistys\/mykistys \u00e4\u00e4nett\u00f6mi\u00e4 nauhoituksia varten.<\/p>\n<p>TEKNISET TIEDOT:<\/p>\n<p>[mm]4,5 mm<br \/>\nViihdytt\u00e4v\u00e4n tarkkuuden luokka<br \/>\nM\u00e4nn\u00e4n\/akselin viimeistely polymeeri<br \/>\nAsennusten lukum\u00e4\u00e4r\u00e4 1<br \/>\nTarvitaanko lupaa? ei<br \/>\nTyyppi 11 mm (kyyhkyn h\u00e4nt\u00e4)<br \/>\nIsku diabolo tyyppi<br \/>\nVirtal\u00e4hteest\u00e4 l\u00e4htevien laukausten m\u00e4\u00e4r\u00e4 40<br \/>\nVirtal\u00e4hteen tyyppi CO2<br \/>\nValmistaja Diana, Germany<\/p>\n","protected":false},"featured_media":76162,"template":"","meta":{"_acf_changed":false},"product_brand":[],"product_cat":[828],"product_tag":[],"class_list":{"0":"post-76190","1":"product","2":"type-product","3":"status-publish","4":"has-post-thumbnail","6":"product_cat-tarkka-ampuja-aseet-45mm","8":"first","9":"instock","10":"taxable","11":"shipping-taxable","12":"purchasable","13":"product-type-simple"},"acf":[],"_links":{"self":[{"href":"https:\/\/kingarms.ee\/fi\/wp-json\/wp\/v2\/product\/76190","targetHints":{"allow":["GET"]}}],"collection":[{"href":"https:\/\/kingarms.ee\/fi\/wp-json\/wp\/v2\/product"}],"about":[{"href":"https:\/\/kingarms.ee\/fi\/wp-json\/wp\/v2\/types\/product"}],"wp:featuredmedia":[{"embeddable":true,"href":"https:\/\/kingarms.ee\/fi\/wp-json\/wp\/v2\/media\/76162"}],"wp:attachment":[{"href":"https:\/\/kingarms.ee\/fi\/wp-json\/wp\/v2\/media?parent=76190"}],"wp:term":[{"taxonomy":"product_brand","embeddable":true,"href":"https:\/\/kingarms.ee\/fi\/wp-json\/wp\/v2\/product_brand?post=76190"},{"taxonomy":"product_cat","embeddable":true,"href":"https:\/\/kingarms.ee\/fi\/wp-json\/wp\/v2\/product_cat?post=76190"},{"taxonomy":"product_tag","embeddable":true,"href":"https:\/\/kingarms.ee\/fi\/wp-json\/wp\/v2\/product_tag?post=76190"}],"curies":[{"name":"wp","href":"https:\/\/api.w.org\/{rel}","templated":true}]}}