{"id":76202,"date":"2023-03-16T19:57:47","date_gmt":"2023-03-16T16:58:54","guid":{"rendered":"https:\/\/kingarms.ee\/product\/rannehihna-liitua-varten\/"},"modified":"2024-08-07T10:48:20","modified_gmt":"2024-08-07T07:48:20","slug":"kaulalenkki-kaulakoru","status":"publish","type":"product","link":"https:\/\/kingarms.ee\/fi\/product\/kaulalenkki-kaulakoru\/","title":{"rendered":"Rannehihna liitua varten"},"content":{"rendered":"<p><img loading=\"lazy\" decoding=\"async\" class=\"alignnone size-full wp-image-76193\" src=\"https:\/\/kingarms.ee\/wp-content\/uploads\/2023\/03\/poe-lang-lanyard-for-compound-bow-1ec87b2eca524025af403031cc8dba85-9307b3da.jpg\" alt=\"\" width=\"900\" height=\"900\" srcset=\"https:\/\/kingarms.ee\/wp-content\/uploads\/2023\/03\/poe-lang-lanyard-for-compound-bow-1ec87b2eca524025af403031cc8dba85-9307b3da.jpg 900w, https:\/\/kingarms.ee\/wp-content\/uploads\/2023\/03\/poe-lang-lanyard-for-compound-bow-1ec87b2eca524025af403031cc8dba85-9307b3da-300x300.jpg 300w, https:\/\/kingarms.ee\/wp-content\/uploads\/2023\/03\/poe-lang-lanyard-for-compound-bow-1ec87b2eca524025af403031cc8dba85-9307b3da-150x150.jpg 150w, https:\/\/kingarms.ee\/wp-content\/uploads\/2023\/03\/poe-lang-lanyard-for-compound-bow-1ec87b2eca524025af403031cc8dba85-9307b3da-768x768.jpg 768w, https:\/\/kingarms.ee\/wp-content\/uploads\/2023\/03\/poe-lang-lanyard-for-compound-bow-1ec87b2eca524025af403031cc8dba85-9307b3da-500x500.jpg 500w\" sizes=\"auto, (max-width: 900px) 100vw, 900px\" \/><\/p>\n","protected":false},"excerpt":{"rendered":"<p>Rannehihna liitua varten<\/p>\n<p>Yhdistelm\u00e4jousi Poe Lang -kaulahihna lis\u00e4\u00e4 otteen vakautta ja jousen hallintaa.<\/p>\n<p>Kaulahihnan kokoa voidaan s\u00e4\u00e4t\u00e4\u00e4 helposti asentamalla se kahvan alla olevaan kierteeseen keskivakaajan ja keulakepin v\u00e4liin.<\/p>\n","protected":false},"featured_media":76195,"template":"","meta":{"_acf_changed":false},"product_brand":[],"product_cat":[794],"product_tag":[],"class_list":{"0":"post-76202","1":"product","2":"type-product","3":"status-publish","4":"has-post-thumbnail","6":"product_cat-ampumahanskat-sormikkaat","8":"first","9":"instock","10":"taxable","11":"shipping-taxable","12":"purchasable","13":"product-type-simple"},"acf":[],"_links":{"self":[{"href":"https:\/\/kingarms.ee\/fi\/wp-json\/wp\/v2\/product\/76202","targetHints":{"allow":["GET"]}}],"collection":[{"href":"https:\/\/kingarms.ee\/fi\/wp-json\/wp\/v2\/product"}],"about":[{"href":"https:\/\/kingarms.ee\/fi\/wp-json\/wp\/v2\/types\/product"}],"wp:featuredmedia":[{"embeddable":true,"href":"https:\/\/kingarms.ee\/fi\/wp-json\/wp\/v2\/media\/76195"}],"wp:attachment":[{"href":"https:\/\/kingarms.ee\/fi\/wp-json\/wp\/v2\/media?parent=76202"}],"wp:term":[{"taxonomy":"product_brand","embeddable":true,"href":"https:\/\/kingarms.ee\/fi\/wp-json\/wp\/v2\/product_brand?post=76202"},{"taxonomy":"product_cat","embeddable":true,"href":"https:\/\/kingarms.ee\/fi\/wp-json\/wp\/v2\/product_cat?post=76202"},{"taxonomy":"product_tag","embeddable":true,"href":"https:\/\/kingarms.ee\/fi\/wp-json\/wp\/v2\/product_tag?post=76202"}],"curies":[{"name":"wp","href":"https:\/\/api.w.org\/{rel}","templated":true}]}}