{"id":76305,"date":"2023-03-21T19:52:56","date_gmt":"2023-03-21T16:53:35","guid":{"rendered":"https:\/\/kingarms.ee\/product\/vortex-fury-5000-hd-10x42-ab\/"},"modified":"2024-08-07T10:46:57","modified_gmt":"2024-08-07T07:46:57","slug":"vortex-fury-5000-hd-10x42-ab","status":"publish","type":"product","link":"https:\/\/kingarms.ee\/fi\/product\/vortex-fury-5000-hd-10x42-ab\/","title":{"rendered":"Vortex Fury 5000 HD 10&#215;42 AB"},"content":{"rendered":"<p><img loading=\"lazy\" decoding=\"async\" class=\"alignnone size-full wp-image-76288\" src=\"https:\/\/kingarms.ee\/wp-content\/uploads\/2023\/03\/vortex-fury-5000-hd-ab-10x42-rangefinder-binoculars-63ad62f3181544b3bfdccf7994402c72-3353ab3a.jpg\" alt=\"\" width=\"900\" height=\"900\" srcset=\"https:\/\/kingarms.ee\/wp-content\/uploads\/2023\/03\/vortex-fury-5000-hd-ab-10x42-rangefinder-binoculars-63ad62f3181544b3bfdccf7994402c72-3353ab3a.jpg 900w, https:\/\/kingarms.ee\/wp-content\/uploads\/2023\/03\/vortex-fury-5000-hd-ab-10x42-rangefinder-binoculars-63ad62f3181544b3bfdccf7994402c72-3353ab3a-300x300.jpg 300w, https:\/\/kingarms.ee\/wp-content\/uploads\/2023\/03\/vortex-fury-5000-hd-ab-10x42-rangefinder-binoculars-63ad62f3181544b3bfdccf7994402c72-3353ab3a-150x150.jpg 150w, https:\/\/kingarms.ee\/wp-content\/uploads\/2023\/03\/vortex-fury-5000-hd-ab-10x42-rangefinder-binoculars-63ad62f3181544b3bfdccf7994402c72-3353ab3a-768x768.jpg 768w, https:\/\/kingarms.ee\/wp-content\/uploads\/2023\/03\/vortex-fury-5000-hd-ab-10x42-rangefinder-binoculars-63ad62f3181544b3bfdccf7994402c72-3353ab3a-500x500.jpg 500w\" sizes=\"auto, (max-width: 900px) 100vw, 900px\" \/><\/p>\n","protected":false},"excerpt":{"rendered":"<p>Vortex Fury HD 5000 HD AB 10 \u00d7 42 on kehittynyt versio et\u00e4isyyskiikarista, jonka kantama on jopa 4,5 km ja jota on parannettu AB (Applied Ballistics) -ballistiikkaohjelmalla, joka mahdollistaa osumakorjauksen soveltamisen.<\/p>\n<p>Kaksoistoiminnallisuus vapauttaa sinut lopullisesti tarpeesta kantaa kiikaria ja et\u00e4isyysmittaria erikseen, kaikki yhdess\u00e4 ainutlaatuisessa laitteessa. Furyss\u00e4 on kaikki p\u00e4iv\u00e4nvalokiikarin edut, mukaan lukien korkea optinen erottelukyky. Ergonomisesti sijoitetut painikkeet mahdollistavat et\u00e4isyysmittarin helpon k\u00e4yt\u00f6n yhdell\u00e4 k\u00e4dell\u00e4.<\/p>\n<p>TEKNISET TIEDOT:<\/p>\n<p>N\u00e4k\u00f6kent\u00e4n kulma [\u00b0] 6,1<br \/>\nEt\u00e4isyys silm\u00e4st\u00e4 [mm] 16<br \/>\nOkulaariv\u00e4li [mm]. 58-72<br \/>\nT\u00e4ytt\u00f6kaasu Typpi<br \/>\nLineaarinen n\u00e4k\u00f6kentt\u00e4 1000 m [m]. 107<br \/>\nSuurennus [\u00d7]. 10<br \/>\nMin. Tarkennuset\u00e4isyys [m] 5,63<br \/>\nSaatavilla osoitteessa [mm]. 4,2<br \/>\nPrisma katon pohjapiirustus<br \/>\nS\u00e4\u00e4dett\u00e4v\u00e4t silm\u00e4lasit kyll\u00e4<br \/>\nOperatiivinen (kohde)mets\u00e4stys, urheilukalastus<br \/>\nMahdollisuus jalustan kiinnitt\u00e4miseen kyll\u00e4<br \/>\nLinssin halkaisija [mm]. 42<br \/>\nKokonaiskorkeus [mm] 147<br \/>\nPaino [g] 918<br \/>\nLeveys [mm] 127<br \/>\nKiikaripakkauksen osat<br \/>\npussi,<br \/>\nkaulahihna,<br \/>\nOptiikan puhdistusliina,<br \/>\nvalmistajan k\u00e4sikirja,<br \/>\nlasikannet,<br \/>\nkiikarit<br \/>\nTakuuaika Valmistajan elinik\u00e4inen takuu<br \/>\nValmistaja Vortex Optics, Yhdysvallat<\/p>\n","protected":false},"featured_media":76290,"template":"","meta":{"_acf_changed":false},"product_brand":[],"product_cat":[492,750],"product_tag":[],"class_list":{"0":"post-76305","1":"product","2":"type-product","3":"status-publish","4":"has-post-thumbnail","6":"product_cat-etaisyysmittari","7":"product_cat-kiikarit","9":"first","10":"instock","11":"taxable","12":"shipping-taxable","13":"purchasable","14":"product-type-simple"},"acf":[],"_links":{"self":[{"href":"https:\/\/kingarms.ee\/fi\/wp-json\/wp\/v2\/product\/76305","targetHints":{"allow":["GET"]}}],"collection":[{"href":"https:\/\/kingarms.ee\/fi\/wp-json\/wp\/v2\/product"}],"about":[{"href":"https:\/\/kingarms.ee\/fi\/wp-json\/wp\/v2\/types\/product"}],"wp:featuredmedia":[{"embeddable":true,"href":"https:\/\/kingarms.ee\/fi\/wp-json\/wp\/v2\/media\/76290"}],"wp:attachment":[{"href":"https:\/\/kingarms.ee\/fi\/wp-json\/wp\/v2\/media?parent=76305"}],"wp:term":[{"taxonomy":"product_brand","embeddable":true,"href":"https:\/\/kingarms.ee\/fi\/wp-json\/wp\/v2\/product_brand?post=76305"},{"taxonomy":"product_cat","embeddable":true,"href":"https:\/\/kingarms.ee\/fi\/wp-json\/wp\/v2\/product_cat?post=76305"},{"taxonomy":"product_tag","embeddable":true,"href":"https:\/\/kingarms.ee\/fi\/wp-json\/wp\/v2\/product_tag?post=76305"}],"curies":[{"name":"wp","href":"https:\/\/api.w.org\/{rel}","templated":true}]}}