{"id":76332,"date":"2023-03-22T14:10:08","date_gmt":"2023-03-22T11:11:13","guid":{"rendered":"https:\/\/kingarms.ee\/product\/polvi-ja-kyynarpaasuojasarja-remington\/"},"modified":"2024-08-07T10:46:14","modified_gmt":"2024-08-07T07:46:14","slug":"polvi-ja-kruunu-suoja-set-remington","status":"publish","type":"product","link":"https:\/\/kingarms.ee\/fi\/product\/polvi-ja-kruunu-suoja-set-remington\/","title":{"rendered":"Polvi- ja kyyn\u00e4rp\u00e4\u00e4suojasarja (Remington)"},"content":{"rendered":"<p><img loading=\"lazy\" decoding=\"async\" class=\"alignnone size-full wp-image-76322\" src=\"https:\/\/kingarms.ee\/wp-content\/uploads\/2023\/03\/wosport-knee-pads-and-elbow-pads-multicam-ex-pa3mc.jpg\" alt=\"\" width=\"1000\" height=\"1000\" srcset=\"https:\/\/kingarms.ee\/wp-content\/uploads\/2023\/03\/wosport-knee-pads-and-elbow-pads-multicam-ex-pa3mc.jpg 1000w, https:\/\/kingarms.ee\/wp-content\/uploads\/2023\/03\/wosport-knee-pads-and-elbow-pads-multicam-ex-pa3mc-300x300.jpg 300w, https:\/\/kingarms.ee\/wp-content\/uploads\/2023\/03\/wosport-knee-pads-and-elbow-pads-multicam-ex-pa3mc-150x150.jpg 150w, https:\/\/kingarms.ee\/wp-content\/uploads\/2023\/03\/wosport-knee-pads-and-elbow-pads-multicam-ex-pa3mc-768x768.jpg 768w, https:\/\/kingarms.ee\/wp-content\/uploads\/2023\/03\/wosport-knee-pads-and-elbow-pads-multicam-ex-pa3mc-500x500.jpg 500w\" sizes=\"auto, (max-width: 1000px) 100vw, 1000px\" \/><\/p>\n","protected":false},"excerpt":{"rendered":"<p>Polvi- ja kyyn\u00e4rp\u00e4\u00e4suojapakkaus (Remington &#8211; USA)<\/p>\n<p>Koko: universaali<\/p>\n","protected":false},"featured_media":76324,"template":"","meta":{"_acf_changed":false},"product_brand":[],"product_cat":[908],"product_tag":[],"class_list":{"0":"post-76332","1":"product","2":"type-product","3":"status-publish","4":"has-post-thumbnail","6":"product_cat-polvisuojat","8":"first","9":"instock","10":"taxable","11":"shipping-taxable","12":"purchasable","13":"product-type-simple"},"acf":[],"_links":{"self":[{"href":"https:\/\/kingarms.ee\/fi\/wp-json\/wp\/v2\/product\/76332","targetHints":{"allow":["GET"]}}],"collection":[{"href":"https:\/\/kingarms.ee\/fi\/wp-json\/wp\/v2\/product"}],"about":[{"href":"https:\/\/kingarms.ee\/fi\/wp-json\/wp\/v2\/types\/product"}],"wp:featuredmedia":[{"embeddable":true,"href":"https:\/\/kingarms.ee\/fi\/wp-json\/wp\/v2\/media\/76324"}],"wp:attachment":[{"href":"https:\/\/kingarms.ee\/fi\/wp-json\/wp\/v2\/media?parent=76332"}],"wp:term":[{"taxonomy":"product_brand","embeddable":true,"href":"https:\/\/kingarms.ee\/fi\/wp-json\/wp\/v2\/product_brand?post=76332"},{"taxonomy":"product_cat","embeddable":true,"href":"https:\/\/kingarms.ee\/fi\/wp-json\/wp\/v2\/product_cat?post=76332"},{"taxonomy":"product_tag","embeddable":true,"href":"https:\/\/kingarms.ee\/fi\/wp-json\/wp\/v2\/product_tag?post=76332"}],"curies":[{"name":"wp","href":"https:\/\/api.w.org\/{rel}","templated":true}]}}