{"id":76344,"date":"2023-03-22T14:13:27","date_gmt":"2023-03-22T11:14:24","guid":{"rendered":"https:\/\/kingarms.ee\/product\/polvi-ja-kyynarpaasuojasarja-remington\/"},"modified":"2024-08-07T10:45:31","modified_gmt":"2024-08-07T07:45:31","slug":"polvi-ja-nilkkasuojasarja-remington-2","status":"publish","type":"product","link":"https:\/\/kingarms.ee\/fi\/product\/polvi-ja-nilkkasuojasarja-remington-2\/","title":{"rendered":"Polvi- ja kyyn\u00e4rp\u00e4\u00e4suojasarja (Remington)"},"content":{"rendered":"<p><img loading=\"lazy\" decoding=\"async\" class=\"alignnone size-full wp-image-76335\" src=\"https:\/\/kingarms.ee\/wp-content\/uploads\/2023\/03\/wosport-knee-pads-and-elbow-pads-black-ex-pa3bk.jpg\" alt=\"\" width=\"1000\" height=\"1000\" srcset=\"https:\/\/kingarms.ee\/wp-content\/uploads\/2023\/03\/wosport-knee-pads-and-elbow-pads-black-ex-pa3bk.jpg 1000w, https:\/\/kingarms.ee\/wp-content\/uploads\/2023\/03\/wosport-knee-pads-and-elbow-pads-black-ex-pa3bk-300x300.jpg 300w, https:\/\/kingarms.ee\/wp-content\/uploads\/2023\/03\/wosport-knee-pads-and-elbow-pads-black-ex-pa3bk-150x150.jpg 150w, https:\/\/kingarms.ee\/wp-content\/uploads\/2023\/03\/wosport-knee-pads-and-elbow-pads-black-ex-pa3bk-768x768.jpg 768w, https:\/\/kingarms.ee\/wp-content\/uploads\/2023\/03\/wosport-knee-pads-and-elbow-pads-black-ex-pa3bk-500x500.jpg 500w\" sizes=\"auto, (max-width: 1000px) 100vw, 1000px\" \/><\/p>\n","protected":false},"excerpt":{"rendered":"<p>Polvi- ja kyyn\u00e4rp\u00e4\u00e4suojapakkaus (Remington &#8211; USA)<\/p>\n<p>Koko: universaali<\/p>\n","protected":false},"featured_media":94891,"template":"","meta":{"_acf_changed":false},"product_brand":[],"product_cat":[908],"product_tag":[],"class_list":{"0":"post-76344","1":"product","2":"type-product","3":"status-publish","4":"has-post-thumbnail","6":"product_cat-polvisuojat","8":"first","9":"instock","10":"taxable","11":"shipping-taxable","12":"purchasable","13":"product-type-simple"},"acf":[],"_links":{"self":[{"href":"https:\/\/kingarms.ee\/fi\/wp-json\/wp\/v2\/product\/76344","targetHints":{"allow":["GET"]}}],"collection":[{"href":"https:\/\/kingarms.ee\/fi\/wp-json\/wp\/v2\/product"}],"about":[{"href":"https:\/\/kingarms.ee\/fi\/wp-json\/wp\/v2\/types\/product"}],"wp:featuredmedia":[{"embeddable":true,"href":"https:\/\/kingarms.ee\/fi\/wp-json\/wp\/v2\/media\/94891"}],"wp:attachment":[{"href":"https:\/\/kingarms.ee\/fi\/wp-json\/wp\/v2\/media?parent=76344"}],"wp:term":[{"taxonomy":"product_brand","embeddable":true,"href":"https:\/\/kingarms.ee\/fi\/wp-json\/wp\/v2\/product_brand?post=76344"},{"taxonomy":"product_cat","embeddable":true,"href":"https:\/\/kingarms.ee\/fi\/wp-json\/wp\/v2\/product_cat?post=76344"},{"taxonomy":"product_tag","embeddable":true,"href":"https:\/\/kingarms.ee\/fi\/wp-json\/wp\/v2\/product_tag?post=76344"}],"curies":[{"name":"wp","href":"https:\/\/api.w.org\/{rel}","templated":true}]}}